{"id":8250,"date":"2021-05-27T12:05:51","date_gmt":"2021-05-27T10:05:51","guid":{"rendered":"https:\/\/fuldner.nl\/?page_id=8250"},"modified":"2026-04-14T10:51:51","modified_gmt":"2026-04-14T08:51:51","slug":"maschines","status":"publish","type":"page","link":"https:\/\/fuldner.nl\/de\/maschines\/","title":{"rendered":"Maschinen"},"content":{"rendered":"<section class=\"l-section wpb_row us_custom_30273639 has_text_color height_medium\"><div class=\"l-section-overlay\" style=\"background:#f4f4f4\"><\/div><div class=\"l-section-h i-cf\"><div class=\"g-cols vc_row via_flex valign_top type_default stacking_default\"><div class=\"vc_col-sm-12 wpb_column vc_column_container\"><div class=\"vc_column-inner\"><div class=\"wpb_wrapper\"><nav class=\"g-breadcrumbs us_custom_3b722593 has_text_color separator_custom align_right\" itemscope itemtype=\"http:\/\/schema.org\/BreadcrumbList\"><div class=\"g-breadcrumbs-item\" itemscope itemprop=\"itemListElement\" itemtype=\"http:\/\/schema.org\/ListItem\"><a itemprop=\"item\" href=\"https:\/\/fuldner.nl\/de\/\"><span itemprop=\"name\">Start<\/span><\/a><meta itemprop=\"position\" content=\"1\"\/><\/div><div class=\"g-breadcrumbs-separator\">\/<\/div><div class=\"g-breadcrumbs-item\">Seiten<\/div><\/nav><\/div><\/div><\/div><\/div><\/div><\/section><section class=\"l-section wpb_row mc-arrow-green height_medium with_img\"><div class=\"l-section-img\" role=\"img\" aria-label=\"Bild\" data-img-width=\"900\" data-img-height=\"400\" style=\"background-image: url(https:\/\/fuldner.nl\/wp-content\/uploads\/2021\/05\/glass.png);background-position: center right;background-size: contain;\"><\/div><div class=\"l-section-overlay\" style=\"background:#73c536\"><\/div><div class=\"l-section-h i-cf\"><div class=\"g-cols vc_row via_flex valign_top type_default stacking_default\"><div class=\"vc_col-sm-12 wpb_column vc_column_container\"><div class=\"vc_column-inner\"><div class=\"wpb_wrapper\"><div class=\"wpb_text_column mc-header-detail\"><div class=\"wpb_wrapper\"><h1>Maschinen<\/h1>\n<\/div><\/div><\/div><\/div><\/div><\/div><\/div><\/section><section class=\"l-section wpb_row height_medium\"><div class=\"l-section-h i-cf\"><div class=\"g-cols vc_row via_flex valign_top type_default stacking_default\"><div class=\"vc_col-sm-12 wpb_column vc_column_container\"><div class=\"vc_column-inner\"><div class=\"wpb_wrapper\"><div class=\"wpb_text_column\"><div class=\"wpb_wrapper\"><p>F\u00fcldner liefert seit \u00fcber 30 Jahren zuverl\u00e4ssige Qualit\u00e4t Maschinen f\u00fcr die Glasverarbeitung. Neu oder komplett \u00fcberholt. Dank unserer langj\u00e4hrigen Erfahrung k\u00f6nnen wir Sie wie kein anderer beraten. Da wir unabh\u00e4ngig arbeiten, sind wir nicht an eine Maschinenmarke gebunden. So k\u00f6nnen wir gemeinsam mit Ihnen die bestm\u00f6gliche Kombination f\u00fcr Ihre spezielle Situation finden.<\/p>\n<\/div><\/div><div class=\"g-cols wpb_row via_flex valign_top type_default stacking_default\"><div class=\"vc_col-sm-4 wpb_column vc_column_container mc--block-a has-link\"><div class=\"vc_column-inner\"><div class=\"wpb_wrapper\"><div class=\"wpb_text_column us_custom_84618568 has_text_color\"><div class=\"wpb_wrapper\"><p><i class=\"fas fa-exclamation-circle\"><\/i> \u200eNeue Maschinen<\/p>\n<\/div><\/div><div class=\"w-image us_custom_ee8791b8 style_shadow-1 align_none\"><div class=\"w-image-h\"><img decoding=\"async\" width=\"835\" height=\"618\" src=\"https:\/\/fuldner.nl\/wp-content\/uploads\/2026\/04\/Ontwerp-zonder-titel-5.png\" class=\"attachment-large size-large\" alt=\"\" loading=\"lazy\" srcset=\"https:\/\/fuldner.nl\/wp-content\/uploads\/2026\/04\/Ontwerp-zonder-titel-5.png 835w, https:\/\/fuldner.nl\/wp-content\/uploads\/2026\/04\/Ontwerp-zonder-titel-5-300x222.png 300w, https:\/\/fuldner.nl\/wp-content\/uploads\/2026\/04\/Ontwerp-zonder-titel-5-120x89.png 120w\" sizes=\"auto, (max-width: 835px) 100vw, 835px\" \/><\/div><\/div><\/div><\/div><a title=\"Nieuwe machines\" href=\"\/de\/maschines\/neue-maschinen\/\" class=\"vc_column-link smooth-scroll\"><\/a><\/div><div class=\"vc_col-sm-4 wpb_column vc_column_container mc--block-a has-link\"><div class=\"vc_column-inner\"><div class=\"wpb_wrapper\"><div class=\"wpb_text_column us_custom_84618568 has_text_color\"><div class=\"wpb_wrapper\"><p><i class=\"fas fa-check\"><\/i> \u200fGebrauchte Maschinen<\/p>\n<\/div><\/div><div class=\"w-image us_custom_ee8791b8 style_shadow-1 align_none\"><div class=\"w-image-h\"><img decoding=\"async\" width=\"768\" height=\"576\" src=\"https:\/\/fuldner.nl\/wp-content\/uploads\/2021\/05\/timthumb.jpeg\" class=\"attachment-large size-large\" alt=\"\" loading=\"lazy\" srcset=\"https:\/\/fuldner.nl\/wp-content\/uploads\/2021\/05\/timthumb.jpeg 768w, https:\/\/fuldner.nl\/wp-content\/uploads\/2021\/05\/timthumb-300x225.jpeg 300w\" sizes=\"auto, (max-width: 768px) 100vw, 768px\" \/><\/div><\/div><\/div><\/div><a title=\"Gebruikte machines\" href=\"\/de\/maschines\/gebrauchte-maschinen\/\" class=\"vc_column-link smooth-scroll\"><\/a><\/div><div class=\"vc_col-sm-4 wpb_column vc_column_container mc--block-a has-link\"><div class=\"vc_column-inner\"><div class=\"wpb_wrapper\"><div class=\"wpb_text_column us_custom_84618568 has_text_color\"><div class=\"wpb_wrapper\"><p><i class=\"fas fa-check\"><\/i> Roboterlinien<\/p>\n<\/div><\/div><div class=\"w-image us_custom_ee8791b8 style_shadow-1 align_none\"><div class=\"w-image-h\"><img decoding=\"async\" width=\"600\" height=\"400\" src=\"https:\/\/fuldner.nl\/wp-content\/uploads\/2023\/05\/fulder_banner_600x400-1.jpg\" class=\"attachment-large size-large\" alt=\"\" loading=\"lazy\" srcset=\"https:\/\/fuldner.nl\/wp-content\/uploads\/2023\/05\/fulder_banner_600x400-1.jpg 600w, https:\/\/fuldner.nl\/wp-content\/uploads\/2023\/05\/fulder_banner_600x400-1-300x200.jpg 300w, https:\/\/fuldner.nl\/wp-content\/uploads\/2023\/05\/fulder_banner_600x400-1-120x80.jpg 120w\" sizes=\"auto, (max-width: 600px) 100vw, 600px\" \/><\/div><\/div><\/div><\/div><a title=\"Roboterlinien\" href=\"https:\/\/fuldner.nl\/de\/optimieren-sie-ihren-glasverarbeitungsprozess\/\" class=\"vc_column-link smooth-scroll\"><\/a><\/div><\/div><\/div><\/div><\/div><\/div><\/div><\/section><section class=\"l-section wpb_row height_medium with_img parallax_ver\"><div class=\"l-section-img\" role=\"img\" aria-label=\"Bild\" data-img-width=\"900\" data-img-height=\"500\" style=\"background-image: url(https:\/\/fuldner.nl\/wp-content\/uploads\/2021\/05\/machinedetail_65_2_orgineel-1.jpeg);\"><\/div><div class=\"l-section-overlay\" style=\"background:rgba(51,51,51,0.80)\"><\/div><div class=\"l-section-h i-cf\"><div class=\"g-cols vc_row via_flex valign_top type_default stacking_default\"><div class=\"vc_col-sm-12 wpb_column vc_column_container\"><div class=\"vc_column-inner\"><div class=\"wpb_wrapper\"><div class=\"g-cols wpb_row via_flex valign_top type_default stacking_default\"><div class=\"vc_col-sm-2 wpb_column vc_column_container\"><div class=\"vc_column-inner\"><div class=\"wpb_wrapper\"><\/div><\/div><\/div><div class=\"vc_col-sm-8 wpb_column vc_column_container\"><div class=\"vc_column-inner us_custom_d392eac1\"><div class=\"vc_column-overlay\" style=\"background:rgba(115,197,54,0.72)\"><\/div><div class=\"wpb_wrapper\"><div class=\"wpb_text_column us_custom_1b2e6f2d has_text_color\"><div class=\"wpb_wrapper\"><p>Unser Service<\/p>\n<\/div><\/div><div class=\"wpb_text_column us_custom_d44d8758 has_text_color\"><div class=\"wpb_wrapper\"><p>Auch nach der Installation Ihrer Maschine k\u00f6nnen Sie auf unsere Kompetenz und unseren Service vertrauen.<\/p>\n<\/div><\/div><div class=\"w-btn-wrapper align_center\"><a class=\"w-btn us-btn-style_2\" title=\"Service\" href=\"\/de\/service\/\"><span class=\"w-btn-label\">Mehr \u00fcber unseren Service<\/span><\/a><\/div><\/div><\/div><\/div><div class=\"vc_col-sm-2 wpb_column vc_column_container\"><div class=\"vc_column-inner\"><div class=\"wpb_wrapper\"><\/div><\/div><\/div><\/div><\/div><\/div><\/div><\/div><\/div><\/section>\n","protected":false},"excerpt":{"rendered":"Start\/SeitenMaschinen F\u00fcldner liefert seit \u00fcber 30 Jahren zuverl\u00e4ssige Qualit\u00e4t Maschinen f\u00fcr die Glasverarbeitung. Neu oder komplett \u00fcberholt. Dank unserer langj\u00e4hrigen Erfahrung k\u00f6nnen wir Sie wie kein anderer beraten. Da wir unabh\u00e4ngig arbeiten, sind wir nicht an eine Maschinenmarke gebunden. So k\u00f6nnen wir gemeinsam mit Ihnen die bestm\u00f6gliche Kombination f\u00fcr Ihre spezielle Situation finden. \u200eNeue Maschinen...","protected":false},"author":1,"featured_media":0,"parent":0,"menu_order":0,"comment_status":"closed","ping_status":"closed","template":"","meta":{"_acf_changed":false,"footnotes":""},"class_list":["post-8250","page","type-page","status-publish","hentry"],"acf":[],"yoast_head":"<!-- This site is optimized with the Yoast SEO plugin v27.2 - https:\/\/yoast.com\/product\/yoast-seo-wordpress\/ -->\n<title>Maschinen - F&uuml;ldner<\/title>\n<meta name=\"robots\" content=\"index, follow, max-snippet:-1, max-image-preview:large, max-video-preview:-1\" \/>\n<link rel=\"canonical\" href=\"https:\/\/fuldner.nl\/de\/maschines\/\" \/>\n<meta property=\"og:locale\" content=\"de_DE\" \/>\n<meta property=\"og:type\" content=\"article\" \/>\n<meta property=\"og:title\" content=\"Maschinen - F&uuml;ldner\" \/>\n<meta property=\"og:url\" content=\"https:\/\/fuldner.nl\/de\/maschines\/\" \/>\n<meta property=\"og:site_name\" content=\"F&uuml;ldner\" \/>\n<meta property=\"article:modified_time\" content=\"2026-04-14T08:51:51+00:00\" \/>\n<meta name=\"twitter:card\" content=\"summary_large_image\" \/>\n<meta name=\"twitter:label1\" content=\"Gesch\u00e4tzte Lesezeit\" \/>\n\t<meta name=\"twitter:data1\" content=\"1\u00a0Minute\" \/>\n<script type=\"application\/ld+json\" class=\"yoast-schema-graph\">{\"@context\":\"https:\/\/schema.org\",\"@graph\":[{\"@type\":\"WebPage\",\"@id\":\"https:\/\/fuldner.nl\/de\/maschines\/\",\"url\":\"https:\/\/fuldner.nl\/de\/maschines\/\",\"name\":\"Maschinen - F&uuml;ldner\",\"isPartOf\":{\"@id\":\"https:\/\/fuldner.nl\/de\/#website\"},\"datePublished\":\"2021-05-27T10:05:51+00:00\",\"dateModified\":\"2026-04-14T08:51:51+00:00\",\"breadcrumb\":{\"@id\":\"https:\/\/fuldner.nl\/de\/maschines\/#breadcrumb\"},\"inLanguage\":\"de\",\"potentialAction\":[{\"@type\":\"ReadAction\",\"target\":[\"https:\/\/fuldner.nl\/de\/maschines\/\"]}]},{\"@type\":\"BreadcrumbList\",\"@id\":\"https:\/\/fuldner.nl\/de\/maschines\/#breadcrumb\",\"itemListElement\":[{\"@type\":\"ListItem\",\"position\":1,\"name\":\"Home\",\"item\":\"https:\/\/fuldner.nl\/de\/\"},{\"@type\":\"ListItem\",\"position\":2,\"name\":\"Maschinen\"}]},{\"@type\":\"WebSite\",\"@id\":\"https:\/\/fuldner.nl\/de\/#website\",\"url\":\"https:\/\/fuldner.nl\/de\/\",\"name\":\"F&uuml;ldner\",\"description\":\"\",\"potentialAction\":[{\"@type\":\"SearchAction\",\"target\":{\"@type\":\"EntryPoint\",\"urlTemplate\":\"https:\/\/fuldner.nl\/de\/?s={search_term_string}\"},\"query-input\":{\"@type\":\"PropertyValueSpecification\",\"valueRequired\":true,\"valueName\":\"search_term_string\"}}],\"inLanguage\":\"de\"}]}<\/script>\n<!-- \/ Yoast SEO plugin. -->","yoast_head_json":{"title":"Maschinen - F&uuml;ldner","robots":{"index":"index","follow":"follow","max-snippet":"max-snippet:-1","max-image-preview":"max-image-preview:large","max-video-preview":"max-video-preview:-1"},"canonical":"https:\/\/fuldner.nl\/de\/maschines\/","og_locale":"de_DE","og_type":"article","og_title":"Maschinen - F&uuml;ldner","og_url":"https:\/\/fuldner.nl\/de\/maschines\/","og_site_name":"F&uuml;ldner","article_modified_time":"2026-04-14T08:51:51+00:00","twitter_card":"summary_large_image","twitter_misc":{"Gesch\u00e4tzte Lesezeit":"1\u00a0Minute"},"schema":{"@context":"https:\/\/schema.org","@graph":[{"@type":"WebPage","@id":"https:\/\/fuldner.nl\/de\/maschines\/","url":"https:\/\/fuldner.nl\/de\/maschines\/","name":"Maschinen - F&uuml;ldner","isPartOf":{"@id":"https:\/\/fuldner.nl\/de\/#website"},"datePublished":"2021-05-27T10:05:51+00:00","dateModified":"2026-04-14T08:51:51+00:00","breadcrumb":{"@id":"https:\/\/fuldner.nl\/de\/maschines\/#breadcrumb"},"inLanguage":"de","potentialAction":[{"@type":"ReadAction","target":["https:\/\/fuldner.nl\/de\/maschines\/"]}]},{"@type":"BreadcrumbList","@id":"https:\/\/fuldner.nl\/de\/maschines\/#breadcrumb","itemListElement":[{"@type":"ListItem","position":1,"name":"Home","item":"https:\/\/fuldner.nl\/de\/"},{"@type":"ListItem","position":2,"name":"Maschinen"}]},{"@type":"WebSite","@id":"https:\/\/fuldner.nl\/de\/#website","url":"https:\/\/fuldner.nl\/de\/","name":"F&uuml;ldner","description":"","potentialAction":[{"@type":"SearchAction","target":{"@type":"EntryPoint","urlTemplate":"https:\/\/fuldner.nl\/de\/?s={search_term_string}"},"query-input":{"@type":"PropertyValueSpecification","valueRequired":true,"valueName":"search_term_string"}}],"inLanguage":"de"}]}},"_links":{"self":[{"href":"https:\/\/fuldner.nl\/de\/wp-json\/wp\/v2\/pages\/8250","targetHints":{"allow":["GET"]}}],"collection":[{"href":"https:\/\/fuldner.nl\/de\/wp-json\/wp\/v2\/pages"}],"about":[{"href":"https:\/\/fuldner.nl\/de\/wp-json\/wp\/v2\/types\/page"}],"author":[{"embeddable":true,"href":"https:\/\/fuldner.nl\/de\/wp-json\/wp\/v2\/users\/1"}],"replies":[{"embeddable":true,"href":"https:\/\/fuldner.nl\/de\/wp-json\/wp\/v2\/comments?post=8250"}],"version-history":[{"count":16,"href":"https:\/\/fuldner.nl\/de\/wp-json\/wp\/v2\/pages\/8250\/revisions"}],"predecessor-version":[{"id":11007,"href":"https:\/\/fuldner.nl\/de\/wp-json\/wp\/v2\/pages\/8250\/revisions\/11007"}],"wp:attachment":[{"href":"https:\/\/fuldner.nl\/de\/wp-json\/wp\/v2\/media?parent=8250"}],"curies":[{"name":"wp","href":"https:\/\/api.w.org\/{rel}","templated":true}]}}