{"id":8258,"date":"2021-05-27T12:18:39","date_gmt":"2021-05-27T10:18:39","guid":{"rendered":"https:\/\/fuldner.nl\/?page_id=8258"},"modified":"2026-02-26T09:38:47","modified_gmt":"2026-02-26T08:38:47","slug":"service","status":"publish","type":"page","link":"https:\/\/fuldner.nl\/de\/service\/","title":{"rendered":"Service"},"content":{"rendered":"<section class=\"l-section wpb_row us_custom_30273639 has_text_color height_medium\"><div class=\"l-section-overlay\" style=\"background:#f4f4f4\"><\/div><div class=\"l-section-h i-cf\"><div class=\"g-cols vc_row via_flex valign_top type_default stacking_default\"><div class=\"vc_col-sm-12 wpb_column vc_column_container\"><div class=\"vc_column-inner\"><div class=\"wpb_wrapper\"><nav class=\"g-breadcrumbs us_custom_3b722593 has_text_color separator_custom align_right\" itemscope itemtype=\"http:\/\/schema.org\/BreadcrumbList\"><div class=\"g-breadcrumbs-item\" itemscope itemprop=\"itemListElement\" itemtype=\"http:\/\/schema.org\/ListItem\"><a itemprop=\"item\" href=\"https:\/\/fuldner.nl\/de\/\"><span itemprop=\"name\">Start<\/span><\/a><meta itemprop=\"position\" content=\"1\"\/><\/div><div class=\"g-breadcrumbs-separator\">\/<\/div><div class=\"g-breadcrumbs-item\">Seiten<\/div><\/nav><\/div><\/div><\/div><\/div><\/div><\/section><section class=\"l-section wpb_row mc-arrow-green height_medium with_img\"><div class=\"l-section-img\" role=\"img\" aria-label=\"Bild\" data-img-width=\"900\" data-img-height=\"400\" style=\"background-image: url(https:\/\/fuldner.nl\/wp-content\/uploads\/2021\/05\/glass.png);background-position: center right;background-size: contain;\"><\/div><div class=\"l-section-overlay\" style=\"background:#73c536\"><\/div><div class=\"l-section-h i-cf\"><div class=\"g-cols vc_row via_flex valign_top type_default stacking_default\"><div class=\"vc_col-sm-12 wpb_column vc_column_container\"><div class=\"vc_column-inner\"><div class=\"wpb_wrapper\"><div class=\"wpb_text_column mc-header-detail\"><div class=\"wpb_wrapper\"><h1>Service<\/h1>\n<\/div><\/div><div class=\"wpb_text_column us_custom_6df4bc3a has_text_color\"><div class=\"wpb_wrapper\"><p>F\u00fcldner ist der Spezialist f\u00fcr zuverl\u00e4ssige Maschinen zur Glasbearbeitung in europ\u00e4ischer Qualit\u00e4t. Bei F\u00fcldner k\u00f6nnen Sie immer mit dem besten Service rechnen. Schlie\u00dflich wollen Sie das Beste aus Ihrer Glasbearbeitung herausholen! Es beginnt mit der Optimierung Ihres Produktionsprozesses und der Suche nach der richtigen Maschine, aber es braucht mehr als das, um den Job zu erledigen. Und F\u00fcldner ist da, um Sie zu unterst\u00fctzen!<br \/>\n8 erfahrene Techniker sind st\u00e4ndig unterwegs, um unseren Kunden Service zu bieten.<\/p>\n<p>\u2192 Beratung, Installation &amp; Schulung<br \/>\n\u2192 Maschinenwartung<br \/>\n\u2192 Ersatzteile<br \/>\n\u2192 Werkzeuge<\/p>\n<\/div><\/div><\/div><\/div><\/div><\/div><\/div><\/section><section class=\"l-section wpb_row height_medium\"><div class=\"l-section-h i-cf\"><div class=\"g-cols vc_row via_flex valign_top type_default stacking_default\"><div class=\"vc_col-sm-12 wpb_column vc_column_container\"><div class=\"vc_column-inner\"><div class=\"wpb_wrapper\"><div class=\"g-cols wpb_row via_flex valign_top type_default stacking_default\"><div class=\"vc_col-sm-3 wpb_column vc_column_container mc--block-a has-link\"><div class=\"vc_column-inner\"><div class=\"wpb_wrapper\"><div class=\"w-image us_custom_ee8791b8 style_shadow-1 align_none\"><div class=\"w-image-h\"><img decoding=\"async\" width=\"495\" height=\"400\" src=\"https:\/\/fuldner.nl\/wp-content\/uploads\/2021\/05\/vergaderen-495x400-1.jpeg\" class=\"attachment-large size-large\" alt=\"\" loading=\"lazy\" srcset=\"https:\/\/fuldner.nl\/wp-content\/uploads\/2021\/05\/vergaderen-495x400-1.jpeg 495w, https:\/\/fuldner.nl\/wp-content\/uploads\/2021\/05\/vergaderen-495x400-1-300x242.jpeg 300w\" sizes=\"auto, (max-width: 495px) 100vw, 495px\" \/><\/div><\/div><div class=\"wpb_text_column us_custom_e9f659ba has_text_color\"><div class=\"wpb_wrapper\"><p>Beratung<\/p>\n<\/div><\/div><\/div><\/div><a title=\"Nieuwe machines\" href=\"\/de\/service\/beratung-installation-schulung\/\" class=\"vc_column-link smooth-scroll\"><\/a><\/div><div class=\"vc_col-sm-3 wpb_column vc_column_container mc--block-a has-link\"><div class=\"vc_column-inner\"><div class=\"wpb_wrapper\"><div class=\"w-image us_custom_ee8791b8 style_shadow-1 align_none\"><div class=\"w-image-h\"><img decoding=\"async\" width=\"495\" height=\"400\" src=\"https:\/\/fuldner.nl\/wp-content\/uploads\/2021\/05\/Fuldner-RoyWanders2017-3921-495x400-1.jpeg\" class=\"attachment-large size-large\" alt=\"\" loading=\"lazy\" srcset=\"https:\/\/fuldner.nl\/wp-content\/uploads\/2021\/05\/Fuldner-RoyWanders2017-3921-495x400-1.jpeg 495w, https:\/\/fuldner.nl\/wp-content\/uploads\/2021\/05\/Fuldner-RoyWanders2017-3921-495x400-1-300x242.jpeg 300w\" sizes=\"auto, (max-width: 495px) 100vw, 495px\" \/><\/div><\/div><div class=\"wpb_text_column us_custom_e9f659ba has_text_color\"><div class=\"wpb_wrapper\"><p>Inspektion &amp; Wartung<\/p>\n<\/div><\/div><\/div><\/div><a title=\"Gebruikte machines\" href=\"\/de\/service\/inspektion-wartung\/\" class=\"vc_column-link smooth-scroll\"><\/a><\/div><div class=\"vc_col-sm-3 wpb_column vc_column_container mc--block-a has-link\"><div class=\"vc_column-inner\"><div class=\"wpb_wrapper\"><div class=\"w-image us_custom_ee8791b8 style_shadow-1 align_none\"><div class=\"w-image-h\"><img decoding=\"async\" width=\"300\" height=\"243\" src=\"https:\/\/fuldner.nl\/wp-content\/uploads\/2026\/02\/Ontwerp-zonder-titel-1.jpg\" class=\"attachment-large size-large\" alt=\"\" loading=\"lazy\" srcset=\"https:\/\/fuldner.nl\/wp-content\/uploads\/2026\/02\/Ontwerp-zonder-titel-1.jpg 300w, https:\/\/fuldner.nl\/wp-content\/uploads\/2026\/02\/Ontwerp-zonder-titel-1-120x97.jpg 120w\" sizes=\"auto, (max-width: 300px) 100vw, 300px\" \/><\/div><\/div><div class=\"wpb_text_column us_custom_e9f659ba has_text_color\"><div class=\"wpb_wrapper\"><p>Ersatzteile<\/p>\n<\/div><\/div><\/div><\/div><a href=\"\/de\/service\/ersatzteile\/\" class=\"vc_column-link smooth-scroll\" aria-label=\"Link\"><\/a><\/div><div class=\"vc_col-sm-3 wpb_column vc_column_container mc--block-a has-link\"><div class=\"vc_column-inner\"><div class=\"wpb_wrapper\"><div class=\"w-image us_custom_ee8791b8 style_shadow-1 align_none\"><div class=\"w-image-h\"><img decoding=\"async\" width=\"495\" height=\"400\" src=\"https:\/\/fuldner.nl\/wp-content\/uploads\/2021\/05\/Onderdelen-495x400-1.jpeg\" class=\"attachment-large size-large\" alt=\"\" loading=\"lazy\" srcset=\"https:\/\/fuldner.nl\/wp-content\/uploads\/2021\/05\/Onderdelen-495x400-1.jpeg 495w, https:\/\/fuldner.nl\/wp-content\/uploads\/2021\/05\/Onderdelen-495x400-1-300x242.jpeg 300w\" sizes=\"auto, (max-width: 495px) 100vw, 495px\" \/><\/div><\/div><div class=\"wpb_text_column us_custom_e9f659ba has_text_color\"><div class=\"wpb_wrapper\"><p>Werkzeuge<\/p>\n<\/div><\/div><\/div><\/div><a href=\"\/de\/service\/glaswerkzeuge\/\" class=\"vc_column-link smooth-scroll\" aria-label=\"Link\"><\/a><\/div><\/div><\/div><\/div><\/div><\/div><\/div><\/section>\n","protected":false},"excerpt":{"rendered":"Start\/SeitenService F\u00fcldner ist der Spezialist f\u00fcr zuverl\u00e4ssige Maschinen zur Glasbearbeitung in europ\u00e4ischer Qualit\u00e4t. Bei F\u00fcldner k\u00f6nnen Sie immer mit dem besten Service rechnen. Schlie\u00dflich wollen Sie das Beste aus Ihrer Glasbearbeitung herausholen! Es beginnt mit der Optimierung Ihres Produktionsprozesses und der Suche nach der richtigen Maschine, aber es braucht mehr als das, um den Job...","protected":false},"author":1,"featured_media":0,"parent":0,"menu_order":0,"comment_status":"closed","ping_status":"closed","template":"","meta":{"_acf_changed":false,"footnotes":""},"class_list":["post-8258","page","type-page","status-publish","hentry"],"acf":[],"yoast_head":"<!-- This site is optimized with the Yoast SEO plugin v27.2 - https:\/\/yoast.com\/product\/yoast-seo-wordpress\/ -->\n<title>Service - F&uuml;ldner<\/title>\n<meta name=\"robots\" content=\"index, follow, max-snippet:-1, max-image-preview:large, max-video-preview:-1\" \/>\n<link rel=\"canonical\" href=\"https:\/\/fuldner.nl\/de\/service\/\" \/>\n<meta property=\"og:locale\" content=\"de_DE\" \/>\n<meta property=\"og:type\" content=\"article\" \/>\n<meta property=\"og:title\" content=\"Service - F&uuml;ldner\" \/>\n<meta property=\"og:url\" content=\"https:\/\/fuldner.nl\/de\/service\/\" \/>\n<meta property=\"og:site_name\" content=\"F&uuml;ldner\" \/>\n<meta property=\"article:modified_time\" content=\"2026-02-26T08:38:47+00:00\" \/>\n<meta name=\"twitter:card\" content=\"summary_large_image\" \/>\n<meta name=\"twitter:label1\" content=\"Gesch\u00e4tzte Lesezeit\" \/>\n\t<meta name=\"twitter:data1\" content=\"1\u00a0Minute\" \/>\n<script type=\"application\/ld+json\" class=\"yoast-schema-graph\">{\"@context\":\"https:\/\/schema.org\",\"@graph\":[{\"@type\":\"WebPage\",\"@id\":\"https:\/\/fuldner.nl\/de\/service\/\",\"url\":\"https:\/\/fuldner.nl\/de\/service\/\",\"name\":\"Service - F&uuml;ldner\",\"isPartOf\":{\"@id\":\"https:\/\/fuldner.nl\/de\/#website\"},\"datePublished\":\"2021-05-27T10:18:39+00:00\",\"dateModified\":\"2026-02-26T08:38:47+00:00\",\"breadcrumb\":{\"@id\":\"https:\/\/fuldner.nl\/de\/service\/#breadcrumb\"},\"inLanguage\":\"de\",\"potentialAction\":[{\"@type\":\"ReadAction\",\"target\":[\"https:\/\/fuldner.nl\/de\/service\/\"]}]},{\"@type\":\"BreadcrumbList\",\"@id\":\"https:\/\/fuldner.nl\/de\/service\/#breadcrumb\",\"itemListElement\":[{\"@type\":\"ListItem\",\"position\":1,\"name\":\"Home\",\"item\":\"https:\/\/fuldner.nl\/de\/\"},{\"@type\":\"ListItem\",\"position\":2,\"name\":\"Service\"}]},{\"@type\":\"WebSite\",\"@id\":\"https:\/\/fuldner.nl\/de\/#website\",\"url\":\"https:\/\/fuldner.nl\/de\/\",\"name\":\"F&uuml;ldner\",\"description\":\"\",\"potentialAction\":[{\"@type\":\"SearchAction\",\"target\":{\"@type\":\"EntryPoint\",\"urlTemplate\":\"https:\/\/fuldner.nl\/de\/?s={search_term_string}\"},\"query-input\":{\"@type\":\"PropertyValueSpecification\",\"valueRequired\":true,\"valueName\":\"search_term_string\"}}],\"inLanguage\":\"de\"}]}<\/script>\n<!-- \/ Yoast SEO plugin. -->","yoast_head_json":{"title":"Service - F&uuml;ldner","robots":{"index":"index","follow":"follow","max-snippet":"max-snippet:-1","max-image-preview":"max-image-preview:large","max-video-preview":"max-video-preview:-1"},"canonical":"https:\/\/fuldner.nl\/de\/service\/","og_locale":"de_DE","og_type":"article","og_title":"Service - F&uuml;ldner","og_url":"https:\/\/fuldner.nl\/de\/service\/","og_site_name":"F&uuml;ldner","article_modified_time":"2026-02-26T08:38:47+00:00","twitter_card":"summary_large_image","twitter_misc":{"Gesch\u00e4tzte Lesezeit":"1\u00a0Minute"},"schema":{"@context":"https:\/\/schema.org","@graph":[{"@type":"WebPage","@id":"https:\/\/fuldner.nl\/de\/service\/","url":"https:\/\/fuldner.nl\/de\/service\/","name":"Service - F&uuml;ldner","isPartOf":{"@id":"https:\/\/fuldner.nl\/de\/#website"},"datePublished":"2021-05-27T10:18:39+00:00","dateModified":"2026-02-26T08:38:47+00:00","breadcrumb":{"@id":"https:\/\/fuldner.nl\/de\/service\/#breadcrumb"},"inLanguage":"de","potentialAction":[{"@type":"ReadAction","target":["https:\/\/fuldner.nl\/de\/service\/"]}]},{"@type":"BreadcrumbList","@id":"https:\/\/fuldner.nl\/de\/service\/#breadcrumb","itemListElement":[{"@type":"ListItem","position":1,"name":"Home","item":"https:\/\/fuldner.nl\/de\/"},{"@type":"ListItem","position":2,"name":"Service"}]},{"@type":"WebSite","@id":"https:\/\/fuldner.nl\/de\/#website","url":"https:\/\/fuldner.nl\/de\/","name":"F&uuml;ldner","description":"","potentialAction":[{"@type":"SearchAction","target":{"@type":"EntryPoint","urlTemplate":"https:\/\/fuldner.nl\/de\/?s={search_term_string}"},"query-input":{"@type":"PropertyValueSpecification","valueRequired":true,"valueName":"search_term_string"}}],"inLanguage":"de"}]}},"_links":{"self":[{"href":"https:\/\/fuldner.nl\/de\/wp-json\/wp\/v2\/pages\/8258","targetHints":{"allow":["GET"]}}],"collection":[{"href":"https:\/\/fuldner.nl\/de\/wp-json\/wp\/v2\/pages"}],"about":[{"href":"https:\/\/fuldner.nl\/de\/wp-json\/wp\/v2\/types\/page"}],"author":[{"embeddable":true,"href":"https:\/\/fuldner.nl\/de\/wp-json\/wp\/v2\/users\/1"}],"replies":[{"embeddable":true,"href":"https:\/\/fuldner.nl\/de\/wp-json\/wp\/v2\/comments?post=8258"}],"version-history":[{"count":7,"href":"https:\/\/fuldner.nl\/de\/wp-json\/wp\/v2\/pages\/8258\/revisions"}],"predecessor-version":[{"id":10698,"href":"https:\/\/fuldner.nl\/de\/wp-json\/wp\/v2\/pages\/8258\/revisions\/10698"}],"wp:attachment":[{"href":"https:\/\/fuldner.nl\/de\/wp-json\/wp\/v2\/media?parent=8258"}],"curies":[{"name":"wp","href":"https:\/\/api.w.org\/{rel}","templated":true}]}}