{"id":8260,"date":"2021-05-27T12:22:02","date_gmt":"2021-05-27T10:22:02","guid":{"rendered":"https:\/\/fuldner.nl\/?page_id=8260"},"modified":"2025-06-20T10:18:21","modified_gmt":"2025-06-20T08:18:21","slug":"beratung-installation-schulung","status":"publish","type":"page","link":"https:\/\/fuldner.nl\/de\/service\/beratung-installation-schulung\/","title":{"rendered":"Beratung Installation &#038; Schulung"},"content":{"rendered":"<section class=\"l-section wpb_row us_custom_30273639 has_text_color height_medium\"><div class=\"l-section-overlay\" style=\"background:#f4f4f4\"><\/div><div class=\"l-section-h i-cf\"><div class=\"g-cols vc_row via_flex valign_top type_default stacking_default\"><div class=\"vc_col-sm-12 wpb_column vc_column_container\"><div class=\"vc_column-inner\"><div class=\"wpb_wrapper\"><nav class=\"g-breadcrumbs us_custom_3b722593 has_text_color separator_custom align_right\" itemscope itemtype=\"http:\/\/schema.org\/BreadcrumbList\"><div class=\"g-breadcrumbs-item\" itemscope itemprop=\"itemListElement\" itemtype=\"http:\/\/schema.org\/ListItem\"><a itemprop=\"item\" href=\"https:\/\/fuldner.nl\/de\/\"><span itemprop=\"name\">Start<\/span><\/a><meta itemprop=\"position\" content=\"1\"\/><\/div><div class=\"g-breadcrumbs-separator\">\/<\/div><div class=\"g-breadcrumbs-item\">Seiten<\/div><\/nav><\/div><\/div><\/div><\/div><\/div><\/section><section class=\"l-section wpb_row mc-arrow-green height_medium with_img\"><div class=\"l-section-img\" role=\"img\" aria-label=\"Bild\" data-img-width=\"900\" data-img-height=\"400\" style=\"background-image: url(https:\/\/fuldner.nl\/wp-content\/uploads\/2021\/05\/glass.png);background-position: center right;background-size: contain;\"><\/div><div class=\"l-section-overlay\" style=\"background:#73c536\"><\/div><div class=\"l-section-h i-cf\"><div class=\"g-cols vc_row via_flex valign_top type_default stacking_default\"><div class=\"vc_col-sm-12 wpb_column vc_column_container\"><div class=\"vc_column-inner\"><div class=\"wpb_wrapper\"><div class=\"wpb_text_column mc-header-detail\"><div class=\"wpb_wrapper\"><h1>Beratung, Installation &amp; Schulung<\/h1>\n<\/div><\/div><div class=\"wpb_text_column us_custom_6df4bc3a has_text_color\"><div class=\"wpb_wrapper\"><p>Dank unserer langj\u00e4hrigen Erfahrung kennen wir die Glasindustrie wie keine andere. Wir fokussieren auf Ihren Produktionsprozess und beraten, schulen und k\u00fcmmern uns um die (De)Montage.<\/p>\n<\/div><\/div><\/div><\/div><\/div><\/div><\/div><\/section><section class=\"l-section wpb_row us_custom_bfd15b4e height_medium\"><div class=\"l-section-h i-cf\"><div class=\"g-cols vc_row via_flex valign_top type_default stacking_default\"><div class=\"vc_col-sm-6 wpb_column vc_column_container mc-over-list\"><div class=\"vc_column-inner\"><div class=\"wpb_wrapper\"><div class=\"wpb_text_column\"><div class=\"wpb_wrapper\"><p><strong>Wie holen Sie das beste aus Ihren Maschinen heraus?<\/strong><\/p>\n<p>Bei der Gestaltung Ihres Produktionsprozess ist es wichtig, die richtigen Entscheidungen zu treffen. Wie organisieren Sie Ihren Produktionsprozess optimal? Welche logistischen Verbesserungen sind m\u00f6glich? Welche Maschine passt am besten zu Ihren aktuellen und vor allem zuk\u00fcnftigen Anforderungen? Wie reagieren Sie flexibel auf die W\u00fcnsche Ihrer Kunden? Und wie halten Sie die Produktivit\u00e4t hoch, aber die Kosten niedrig? Unsere Berater beraten Sie kompetent, damit Sie immer die richtigen Entscheidungen treffen. Um die beste L\u00f6sung f\u00fcr Ihr Unternehmen zu finden, fokussieren wir immer auf Ihre spezifische Situation. Schlie\u00dflich ist jedes Unternehmen anders. Ihre Produktionsprozesse, Spezialisierungen und insbesondere Ihre Ambitionen bilden die Grundlage f\u00fcr eine kristallklare Beratung.<\/p>\n<\/div><\/div><div class=\"w-btn-wrapper align_none\"><a class=\"w-btn us-btn-style_1\" id=\"#Informationen\" title=\"Kontakt\" href=\"#Informationen\"><span class=\"w-btn-label\">Fordern Sie eine kostenlose Beratung an.<\/span><\/a><\/div><\/div><\/div><\/div><div class=\"vc_col-sm-6 wpb_column vc_column_container\"><div class=\"vc_column-inner\"><div class=\"wpb_wrapper\"><div class=\"w-image align_none\"><div class=\"w-image-h\"><img decoding=\"async\" width=\"495\" height=\"400\" src=\"https:\/\/fuldner.nl\/wp-content\/uploads\/2021\/05\/vergaderen-495x400-1.jpeg\" class=\"attachment-large size-large\" alt=\"\" loading=\"lazy\" srcset=\"https:\/\/fuldner.nl\/wp-content\/uploads\/2021\/05\/vergaderen-495x400-1.jpeg 495w, https:\/\/fuldner.nl\/wp-content\/uploads\/2021\/05\/vergaderen-495x400-1-300x242.jpeg 300w\" sizes=\"auto, (max-width: 495px) 100vw, 495px\" \/><\/div><\/div><\/div><\/div><\/div><\/div><\/div><\/section><section class=\"l-section wpb_row height_medium\"><div class=\"l-section-h i-cf\"><div class=\"g-cols vc_row via_flex valign_top type_default stacking_default\"><div class=\"vc_col-sm-4 wpb_column vc_column_container mc-over-list\"><div class=\"vc_column-inner\"><div class=\"wpb_wrapper\"><div class=\"wpb_text_column\"><div class=\"wpb_wrapper\"><p><strong> Ausbildung<\/strong><\/p>\n<p>Nachdem wir Ihre Maschine professionell installiert haben, bieten wir Ihren Mitarbeitern die richtige Schulung an. Auch wenn Sie zu einem sp\u00e4teren Zeitpunkt neue Mitarbeiter schulen m\u00f6chten, bieten wir Ihnen gerne die richtigen Schulungen an.<\/p>\n<\/div><\/div><div class=\"w-btn-wrapper align_none\"><a class=\"w-btn us-btn-style_1\" id=\"#Informationen\" title=\"Kontakt\" href=\"#Informationen\"><span class=\"w-btn-label\">Mehr Informationen erhalten<\/span><\/a><\/div><\/div><\/div><\/div><div class=\"vc_col-sm-4 wpb_column vc_column_container\"><div class=\"vc_column-inner\"><div class=\"wpb_wrapper\"><div class=\"wpb_text_column\"><div class=\"wpb_wrapper\"><p><strong>(De)Montage<\/strong><\/p>\n<p>Ist es notwendig, Ihre Maschine zu einem sp\u00e4teren Zeitpunkt umzuziehen, z. B. aufgrund eines Gesch\u00e4ftsumzugs oder eines internen Umzugs? Unsere Servicetechniker garantieren eine schnelle und fachgerechte (De-)Montage, so dass Sie Ihren Produktionsprozess schnell wieder aufnehmen k\u00f6nnen.<\/p>\n<\/div><\/div><div class=\"w-btn-wrapper align_none\"><a class=\"w-btn us-btn-style_1\" title=\"Kontakt\" href=\"#Informationen\"><span class=\"w-btn-label\">Mehr Informationen erhalten<\/span><\/a><\/div><\/div><\/div><\/div><div class=\"vc_col-sm-4 wpb_column vc_column_container\"><div class=\"vc_column-inner\"><div class=\"wpb_wrapper\"><div class=\"wpb_text_column\"><div class=\"wpb_wrapper\"><p><strong>Garantie<\/strong><\/p>\n<p>Als Teil unserer Dienstleistung \u00fcbernehmen wir die Gew\u00e4hrleistungsverpflichtungen unserer Lieferanten. Wenn Sie ein Problem mit Ihrer Maschine haben, kontaktieren Sie uns einfach und wir werden es professionell l\u00f6sen.<\/p>\n<\/div><\/div><div class=\"w-btn-wrapper align_none\"><a class=\"w-btn us-btn-style_1\" title=\"Kontakt\" href=\"#Informationen\"><span class=\"w-btn-label\">Mehr Informationen erhalten<\/span><\/a><\/div><\/div><\/div><\/div><\/div><\/div><\/section><section class=\"l-section wpb_row mc-team-bg height_medium\"><div class=\"l-section-h i-cf\"><div class=\"g-cols vc_row via_flex valign_top type_default stacking_default\"><div class=\"vc_col-sm-12 wpb_column vc_column_container\"><div class=\"vc_column-inner\"><div class=\"wpb_wrapper\"><div class=\"w-image align_none\"><div class=\"w-image-h\"><img decoding=\"async\" width=\"2560\" height=\"748\" src=\"https:\/\/fuldner.nl\/wp-content\/uploads\/2025\/06\/Groep-nieuw-2025-scaled.jpg\" class=\"attachment-full size-full\" alt=\"\" loading=\"lazy\" srcset=\"https:\/\/fuldner.nl\/wp-content\/uploads\/2025\/06\/Groep-nieuw-2025-scaled.jpg 2560w, https:\/\/fuldner.nl\/wp-content\/uploads\/2025\/06\/Groep-nieuw-2025-300x88.jpg 300w, https:\/\/fuldner.nl\/wp-content\/uploads\/2025\/06\/Groep-nieuw-2025-1024x299.jpg 1024w, https:\/\/fuldner.nl\/wp-content\/uploads\/2025\/06\/Groep-nieuw-2025-120x35.jpg 120w\" sizes=\"auto, (max-width: 2560px) 100vw, 2560px\" \/><\/div><\/div><div class=\"g-cols wpb_row us_custom_69cca76a via_flex valign_top type_default stacking_default\"><div class=\"vc_col-sm-12 wpb_column vc_column_container\"><div class=\"vc_column-inner\"><div class=\"wpb_wrapper\"><div class=\"wpb_text_column us_custom_eb849559\"><div class=\"wpb_wrapper\"><h3>Neugierig, wie wir Ihre Produktionsprozesse intelligenter machen und auf die n\u00e4chste Stufe heben k\u00f6nnen?<\/h3>\n<\/div><\/div><div class=\"w-btn-wrapper align_center\"><a class=\"w-btn us-btn-style_2\" title=\"Service\" href=\"\/de\/service\/\"><span class=\"w-btn-label\">Kontaktieren Sie uns!<\/span><\/a><\/div><\/div><\/div><\/div><\/div><\/div><\/div><\/div><\/div><\/div><\/section><section class=\"l-section wpb_row height_medium\" id=\"Informationen\"><div class=\"l-section-h i-cf\"><div class=\"g-cols vc_row via_flex valign_top type_default stacking_default\"><div class=\"vc_col-sm-2 wpb_column vc_column_container\"><div class=\"vc_column-inner\"><div class=\"wpb_wrapper\"><\/div><\/div><\/div><div class=\"vc_col-sm-8 wpb_column vc_column_container\"><div class=\"vc_column-inner\"><div class=\"wpb_wrapper\"><div class=\"wpb_text_column\"><div class=\"wpb_wrapper\"><p><strong>Mehr Informationen erhalten<\/strong><\/p>\n<div class=\"frm_forms  with_frm_style frm_style_formidable-style\" id=\"frm_form_9_container\" >\n<form enctype=\"multipart\/form-data\" method=\"post\" class=\"frm-show-form  frm_pro_form \" id=\"form_contact-form47a0c48ebb\" >\n<div class=\"frm_form_fields \">\n<fieldset>\n<legend class=\"frm_screen_reader\">Kontact<\/legend>\r\n\r\n<div class=\"frm_fields_container\">\n<input type=\"hidden\" name=\"frm_action\" value=\"create\" \/>\n<input type=\"hidden\" name=\"form_id\" value=\"9\" \/>\n<input type=\"hidden\" name=\"frm_hide_fields_9\" id=\"frm_hide_fields_9\" value=\"\" \/>\n<input type=\"hidden\" name=\"form_key\" value=\"contact-form47a0c48ebb\" \/>\n<input type=\"hidden\" name=\"item_meta[0]\" value=\"\" \/>\n<input type=\"hidden\" id=\"frm_submit_entry_9\" name=\"frm_submit_entry_9\" value=\"fd2ee0f2e2\" \/><input type=\"hidden\" name=\"_wp_http_referer\" value=\"\/de\/wp-json\/wp\/v2\/pages\/8260\" \/><div id=\"frm_field_47_container\" class=\"frm_form_field form-field  frm_required_field frm_top_container\">\r\n    <label for=\"field_mvyhl7da2143a19\" id=\"field_mvyhl7da2143a19_label\" class=\"frm_primary_label\">Anrede\r\n        <span class=\"frm_required\" aria-hidden=\"true\">*<\/span>\r\n    <\/label>\r\n    \t\t<select name=\"item_meta[47]\" id=\"field_mvyhl7da2143a19\"  data-frmval=\"De heer\" data-reqmsg=\"Dit veld mag niet leeg zijn.\" aria-required=\"true\" data-invmsg=\"Anrede ist ung\u00fcltig\" aria-invalid=\"false\"  >\n\t\t<option  value=\"De heer\" selected='selected'>Herr<\/option><option  value=\"Mevrouw\">Frau<\/option>\t<\/select>\n\t\r\n    \r\n    \r\n<\/div>\n<div id=\"frm_field_48_container\" class=\"frm_form_field form-field  frm_required_field frm_top_container frm_half frm_first\">\r\n    <label for=\"field_ddrv75973bd3b7b\" id=\"field_ddrv75973bd3b7b_label\" class=\"frm_primary_label\">Ihr Name\r\n        <span class=\"frm_required\" aria-hidden=\"true\">*<\/span>\r\n    <\/label>\r\n    <input  type=\"text\" id=\"field_ddrv75973bd3b7b\" name=\"item_meta[48]\" value=\"\"  data-reqmsg=\"Dit veld mag niet leeg zijn.\" aria-required=\"true\" data-invmsg=\"Tekst is ongeldig\" aria-invalid=\"false\"   \/>\r\n    \r\n    \r\n<\/div>\n<div id=\"frm_field_49_container\" class=\"frm_form_field form-field  frm_required_field frm_top_container frm_half\">\r\n    <label for=\"field_493gl6046a544a8\" id=\"field_493gl6046a544a8_label\" class=\"frm_primary_label\">Name der Firma\r\n        <span class=\"frm_required\" aria-hidden=\"true\">*<\/span>\r\n    <\/label>\r\n    <input  type=\"text\" id=\"field_493gl6046a544a8\" name=\"item_meta[49]\" value=\"\"  data-reqmsg=\"Dit veld mag niet leeg zijn.\" aria-required=\"true\" data-invmsg=\"Tekst is ongeldig\" aria-invalid=\"false\"   \/>\r\n    \r\n    \r\n<\/div>\n<div id=\"frm_field_50_container\" class=\"frm_form_field form-field  frm_required_field frm_top_container frm_half frm_first\">\r\n    <label for=\"field_5i7l07deab60f31\" id=\"field_5i7l07deab60f31_label\" class=\"frm_primary_label\">Telefon\r\n        <span class=\"frm_required\" aria-hidden=\"true\">*<\/span>\r\n    <\/label>\r\n    <input type=\"tel\" id=\"field_5i7l07deab60f31\" name=\"item_meta[50]\" value=\"\"  data-reqmsg=\"Dit veld mag niet leeg zijn.\" aria-required=\"true\" data-invmsg=\"Telefon ist ung\u00fcltig\" aria-invalid=\"false\" pattern=\"((\\+\\d{1,3}(-|.| )?\\(?\\d\\)?(-| |.)?\\d{1,5})|(\\(?\\d{2,6}\\)?))(-|.| )?(\\d{3,4})(-|.| )?(\\d{4})(( x| ext)\\d{1,5}){0,1}$\"  \/>\r\n    \r\n    \r\n<\/div>\n<div id=\"frm_field_51_container\" class=\"frm_form_field form-field  frm_required_field frm_top_container frm_half\">\r\n    <label for=\"field_2u1dt4e2c9b42f5\" id=\"field_2u1dt4e2c9b42f5_label\" class=\"frm_primary_label\">Email\r\n        <span class=\"frm_required\" aria-hidden=\"true\">*<\/span>\r\n    <\/label>\r\n    <input type=\"email\" id=\"field_2u1dt4e2c9b42f5\" name=\"item_meta[51]\" value=\"\"  data-reqmsg=\"Dit veld mag niet leeg zijn.\" aria-required=\"true\" data-invmsg=\"E-mail Adresse ist nicht korrekt\" aria-invalid=\"false\"  \/>\r\n    \r\n    \r\n<\/div>\n<div id=\"frm_field_52_container\" class=\"frm_form_field form-field  frm_required_field frm_top_container\">\r\n    <label for=\"field_3sc2y0631098f91\" id=\"field_3sc2y0631098f91_label\" class=\"frm_primary_label\">Ihre Nachricht\r\n        <span class=\"frm_required\" aria-hidden=\"true\">*<\/span>\r\n    <\/label>\r\n    <textarea name=\"item_meta[52]\" id=\"field_3sc2y0631098f91\" rows=\"5\"  data-reqmsg=\"Dit veld mag niet leeg zijn.\" aria-required=\"true\" data-invmsg=\"Ihre Nachricht ist ung\u00fcltig\" aria-invalid=\"false\"  ><\/textarea>\r\n    \r\n    \r\n<\/div>\n<div id=\"frm_field_67_container\" class=\"frm_form_field form-field  frm_none_container\">\r\n    <label for=\"g-recaptcha-response\" id=\"field_cnoju_label\" class=\"frm_primary_label\">reCAPTCHA\r\n        <span class=\"frm_required\" aria-hidden=\"true\"><\/span>\r\n    <\/label>\r\n    <div  id=\"field_cnoju\" class=\"frm-g-recaptcha\" data-sitekey=\"6Lc_gK0rAAAAAD1wEni5sOmGek7ZG6LsiZ3Xw1ns\" data-size=\"invisible\" data-theme=\"light\"><\/div>\r\n    \r\n    \r\n<\/div>\n\t<input type=\"hidden\" name=\"item_key\" value=\"\" \/>\n\t\t\t<div id=\"frm_field_83_container\">\n\t\t\t<label for=\"field_9112d\" >\n\t\t\t\tFalls Du menschlich bist, lasse dieses Feld leer.\t\t\t<\/label>\n\t\t\t<input  id=\"field_9112d\" type=\"text\" class=\"frm_form_field form-field frm_verify\" name=\"item_meta[83]\" value=\"\"  \/>\n\t\t<\/div>\n\t\t<input name=\"frm_state\" type=\"hidden\" value=\"RdyaJVT8ju8AoatWlZq1cK0kAkLi8j9g1+PebexgCHUbNJKIE6wqNB3FG0zqcJPp\" \/><div class=\"frm_submit\">\r\n\r\n<button class=\"frm_button_submit frm_final_submit\" type=\"submit\"   formnovalidate=\"formnovalidate\">Senden<\/button>\r\n\r\n<\/div><\/div>\n<\/fieldset>\n<\/div>\n\n<\/form>\n<\/div>\n\n<\/div><\/div><\/div><\/div><\/div><div class=\"vc_col-sm-2 wpb_column vc_column_container\"><div class=\"vc_column-inner\"><div class=\"wpb_wrapper\"><\/div><\/div><\/div><\/div><\/div><\/section><section class=\"l-section wpb_row height_medium\"><div class=\"l-section-h i-cf\"><div class=\"g-cols vc_row via_flex valign_top type_default stacking_default\"><div class=\"vc_col-sm-12 wpb_column vc_column_container\"><div class=\"vc_column-inner\"><div class=\"wpb_wrapper\"><\/div><\/div><\/div><\/div><\/div><\/section>\n","protected":false},"excerpt":{"rendered":"Start\/SeitenBeratung, Installation &amp; Schulung Dank unserer langj\u00e4hrigen Erfahrung kennen wir die Glasindustrie wie keine andere. Wir fokussieren auf Ihren Produktionsprozess und beraten, schulen und k\u00fcmmern uns um die (De)Montage. Wie holen Sie das beste aus Ihren Maschinen heraus? Bei der Gestaltung Ihres Produktionsprozess ist es wichtig, die richtigen Entscheidungen zu treffen. Wie organisieren Sie Ihren...","protected":false},"author":1,"featured_media":0,"parent":8258,"menu_order":0,"comment_status":"closed","ping_status":"closed","template":"","meta":{"_acf_changed":false,"footnotes":""},"class_list":["post-8260","page","type-page","status-publish","hentry"],"acf":[],"yoast_head":"<!-- This site is optimized with the Yoast SEO plugin v27.2 - https:\/\/yoast.com\/product\/yoast-seo-wordpress\/ -->\n<title>Beratung Installation &amp; Schulung - F&uuml;ldner<\/title>\n<meta name=\"robots\" content=\"index, follow, max-snippet:-1, max-image-preview:large, max-video-preview:-1\" \/>\n<link rel=\"canonical\" href=\"https:\/\/fuldner.nl\/de\/service\/beratung-installation-schulung\/\" \/>\n<meta property=\"og:locale\" content=\"de_DE\" \/>\n<meta property=\"og:type\" content=\"article\" \/>\n<meta property=\"og:title\" content=\"Beratung Installation &amp; Schulung - F&uuml;ldner\" \/>\n<meta property=\"og:url\" content=\"https:\/\/fuldner.nl\/de\/service\/beratung-installation-schulung\/\" \/>\n<meta property=\"og:site_name\" content=\"F&uuml;ldner\" \/>\n<meta property=\"article:modified_time\" content=\"2025-06-20T08:18:21+00:00\" \/>\n<meta name=\"twitter:card\" content=\"summary_large_image\" \/>\n<meta name=\"twitter:label1\" content=\"Gesch\u00e4tzte Lesezeit\" \/>\n\t<meta name=\"twitter:data1\" content=\"2\u00a0Minuten\" \/>\n<script type=\"application\/ld+json\" class=\"yoast-schema-graph\">{\"@context\":\"https:\/\/schema.org\",\"@graph\":[{\"@type\":\"WebPage\",\"@id\":\"https:\/\/fuldner.nl\/de\/service\/beratung-installation-schulung\/\",\"url\":\"https:\/\/fuldner.nl\/de\/service\/beratung-installation-schulung\/\",\"name\":\"Beratung Installation & Schulung - F&uuml;ldner\",\"isPartOf\":{\"@id\":\"https:\/\/fuldner.nl\/de\/#website\"},\"datePublished\":\"2021-05-27T10:22:02+00:00\",\"dateModified\":\"2025-06-20T08:18:21+00:00\",\"breadcrumb\":{\"@id\":\"https:\/\/fuldner.nl\/de\/service\/beratung-installation-schulung\/#breadcrumb\"},\"inLanguage\":\"de\",\"potentialAction\":[{\"@type\":\"ReadAction\",\"target\":[\"https:\/\/fuldner.nl\/de\/service\/beratung-installation-schulung\/\"]}]},{\"@type\":\"BreadcrumbList\",\"@id\":\"https:\/\/fuldner.nl\/de\/service\/beratung-installation-schulung\/#breadcrumb\",\"itemListElement\":[{\"@type\":\"ListItem\",\"position\":1,\"name\":\"Home\",\"item\":\"https:\/\/fuldner.nl\/de\/\"},{\"@type\":\"ListItem\",\"position\":2,\"name\":\"Service\",\"item\":\"https:\/\/fuldner.nl\/de\/service\/\"},{\"@type\":\"ListItem\",\"position\":3,\"name\":\"Beratung Installation &#038; Schulung\"}]},{\"@type\":\"WebSite\",\"@id\":\"https:\/\/fuldner.nl\/de\/#website\",\"url\":\"https:\/\/fuldner.nl\/de\/\",\"name\":\"F&uuml;ldner\",\"description\":\"\",\"potentialAction\":[{\"@type\":\"SearchAction\",\"target\":{\"@type\":\"EntryPoint\",\"urlTemplate\":\"https:\/\/fuldner.nl\/de\/?s={search_term_string}\"},\"query-input\":{\"@type\":\"PropertyValueSpecification\",\"valueRequired\":true,\"valueName\":\"search_term_string\"}}],\"inLanguage\":\"de\"}]}<\/script>\n<!-- \/ Yoast SEO plugin. -->","yoast_head_json":{"title":"Beratung Installation & Schulung - F&uuml;ldner","robots":{"index":"index","follow":"follow","max-snippet":"max-snippet:-1","max-image-preview":"max-image-preview:large","max-video-preview":"max-video-preview:-1"},"canonical":"https:\/\/fuldner.nl\/de\/service\/beratung-installation-schulung\/","og_locale":"de_DE","og_type":"article","og_title":"Beratung Installation & Schulung - F&uuml;ldner","og_url":"https:\/\/fuldner.nl\/de\/service\/beratung-installation-schulung\/","og_site_name":"F&uuml;ldner","article_modified_time":"2025-06-20T08:18:21+00:00","twitter_card":"summary_large_image","twitter_misc":{"Gesch\u00e4tzte Lesezeit":"2\u00a0Minuten"},"schema":{"@context":"https:\/\/schema.org","@graph":[{"@type":"WebPage","@id":"https:\/\/fuldner.nl\/de\/service\/beratung-installation-schulung\/","url":"https:\/\/fuldner.nl\/de\/service\/beratung-installation-schulung\/","name":"Beratung Installation & Schulung - F&uuml;ldner","isPartOf":{"@id":"https:\/\/fuldner.nl\/de\/#website"},"datePublished":"2021-05-27T10:22:02+00:00","dateModified":"2025-06-20T08:18:21+00:00","breadcrumb":{"@id":"https:\/\/fuldner.nl\/de\/service\/beratung-installation-schulung\/#breadcrumb"},"inLanguage":"de","potentialAction":[{"@type":"ReadAction","target":["https:\/\/fuldner.nl\/de\/service\/beratung-installation-schulung\/"]}]},{"@type":"BreadcrumbList","@id":"https:\/\/fuldner.nl\/de\/service\/beratung-installation-schulung\/#breadcrumb","itemListElement":[{"@type":"ListItem","position":1,"name":"Home","item":"https:\/\/fuldner.nl\/de\/"},{"@type":"ListItem","position":2,"name":"Service","item":"https:\/\/fuldner.nl\/de\/service\/"},{"@type":"ListItem","position":3,"name":"Beratung Installation &#038; Schulung"}]},{"@type":"WebSite","@id":"https:\/\/fuldner.nl\/de\/#website","url":"https:\/\/fuldner.nl\/de\/","name":"F&uuml;ldner","description":"","potentialAction":[{"@type":"SearchAction","target":{"@type":"EntryPoint","urlTemplate":"https:\/\/fuldner.nl\/de\/?s={search_term_string}"},"query-input":{"@type":"PropertyValueSpecification","valueRequired":true,"valueName":"search_term_string"}}],"inLanguage":"de"}]}},"_links":{"self":[{"href":"https:\/\/fuldner.nl\/de\/wp-json\/wp\/v2\/pages\/8260","targetHints":{"allow":["GET"]}}],"collection":[{"href":"https:\/\/fuldner.nl\/de\/wp-json\/wp\/v2\/pages"}],"about":[{"href":"https:\/\/fuldner.nl\/de\/wp-json\/wp\/v2\/types\/page"}],"author":[{"embeddable":true,"href":"https:\/\/fuldner.nl\/de\/wp-json\/wp\/v2\/users\/1"}],"replies":[{"embeddable":true,"href":"https:\/\/fuldner.nl\/de\/wp-json\/wp\/v2\/comments?post=8260"}],"version-history":[{"count":16,"href":"https:\/\/fuldner.nl\/de\/wp-json\/wp\/v2\/pages\/8260\/revisions"}],"predecessor-version":[{"id":10416,"href":"https:\/\/fuldner.nl\/de\/wp-json\/wp\/v2\/pages\/8260\/revisions\/10416"}],"up":[{"embeddable":true,"href":"https:\/\/fuldner.nl\/de\/wp-json\/wp\/v2\/pages\/8258"}],"wp:attachment":[{"href":"https:\/\/fuldner.nl\/de\/wp-json\/wp\/v2\/media?parent=8260"}],"curies":[{"name":"wp","href":"https:\/\/api.w.org\/{rel}","templated":true}]}}