{"id":8263,"date":"2021-05-27T14:33:09","date_gmt":"2021-05-27T12:33:09","guid":{"rendered":"https:\/\/fuldner.nl\/?page_id=8263"},"modified":"2021-06-08T17:49:27","modified_gmt":"2021-06-08T15:49:27","slug":"fueldner-maschinen-check-up-anfordern","status":"publish","type":"page","link":"https:\/\/fuldner.nl\/de\/fueldner-maschinen-check-up-anfordern\/","title":{"rendered":"Maschinen Check-up Anforden"},"content":{"rendered":"<section class=\"l-section wpb_row us_custom_30273639 has_text_color height_medium\"><div class=\"l-section-overlay\" style=\"background:#f4f4f4\"><\/div><div class=\"l-section-h i-cf\"><div class=\"g-cols vc_row via_flex valign_top type_default stacking_default\"><div class=\"vc_col-sm-12 wpb_column vc_column_container\"><div class=\"vc_column-inner\"><div class=\"wpb_wrapper\"><nav class=\"g-breadcrumbs us_custom_3b722593 has_text_color separator_icon align_right hide_current\" itemscope itemtype=\"http:\/\/schema.org\/BreadcrumbList\"><div class=\"g-breadcrumbs-item\" itemscope itemprop=\"itemListElement\" itemtype=\"http:\/\/schema.org\/ListItem\"><a itemprop=\"item\" href=\"https:\/\/fuldner.nl\/de\/\"><span itemprop=\"name\">Start<\/span><\/a><meta itemprop=\"position\" content=\"1\"\/><\/div><div class=\"g-breadcrumbs-separator\"><i class=\"far fa-angle-right\"><\/i><\/div><div class=\"g-breadcrumbs-item\">Seiten<\/div><\/nav><\/div><\/div><\/div><\/div><\/div><\/section><section class=\"l-section wpb_row mc-arrow-green height_medium with_img\"><div class=\"l-section-img\" role=\"img\" aria-label=\"Bild\" data-img-width=\"900\" data-img-height=\"400\" style=\"background-image: url(https:\/\/fuldner.nl\/wp-content\/uploads\/2021\/05\/glass.png);background-position: center right;background-size: contain;\"><\/div><div class=\"l-section-overlay\" style=\"background:#73c536\"><\/div><div class=\"l-section-h i-cf\"><div class=\"g-cols vc_row via_flex valign_top type_default stacking_default\"><div class=\"vc_col-sm-12 wpb_column vc_column_container\"><div class=\"vc_column-inner\"><div class=\"wpb_wrapper\"><div class=\"wpb_text_column mc-header-detail\"><div class=\"wpb_wrapper\"><h1>F\u00dcLDNER MACHINE CHECK-UP<\/h1>\n<\/div><\/div><div class=\"wpb_text_column us_custom_6df4bc3a has_text_color\"><div class=\"wpb_wrapper\"><p>Wir treffen gerne im Vorfeld klare Vereinbarungen \u00fcber Service und Support, damit Sie genau wissen, woran Sie sind. F\u00fcr einen geringen Betrag nehmen wir Ihnen die vorbeugende Wartung ab und Sie reduzieren das Risiko von Maschinenstillst\u00e4nden. Sind Sie an diesem Service interessiert? Geben Sie Ihre Daten ein und wir werden Sie kontaktieren.<\/p>\n<\/div><\/div><div class=\"w-btn-wrapper align_none\"><a class=\"w-btn us-btn-style_3 icon_atleft\" title=\"Inspecties en Machine onderhoud\" href=\"\/de\/service\/inspektion-wartung\/\"><i class=\"fas fa-search\"><\/i><span class=\"w-btn-label\">F\u00fcldner Maschinen-Check-up<\/span><\/a><\/div><\/div><\/div><\/div><\/div><\/div><\/section><section class=\"l-section wpb_row height_medium width_full\"><div class=\"l-section-h i-cf\"><div class=\"g-cols vc_row via_flex valign_top type_default stacking_default\"><div class=\"vc_col-sm-6 wpb_column vc_column_container\"><div class=\"vc_column-inner us_custom_dd80885a\"><div class=\"wpb_wrapper\"><div class=\"wpb_text_column\"><div class=\"wpb_wrapper\"><p><strong>F\u00dcLDNER MASCHINEN CHECK-UP ANFORDERN<\/strong><\/p>\n<div class=\"frm_forms  with_frm_style frm_style_formidable-style\" id=\"frm_form_7_container\" >\n<form enctype=\"multipart\/form-data\" method=\"post\" class=\"frm-show-form  frm_pro_form \" id=\"form_machinecheck-up\" >\n<div class=\"frm_form_fields \">\n<fieldset>\n<legend class=\"frm_screen_reader\">Machine Check-up<\/legend>\r\n\r\n<div class=\"frm_fields_container\">\n<input type=\"hidden\" name=\"frm_action\" value=\"create\" \/>\n<input type=\"hidden\" name=\"form_id\" value=\"7\" \/>\n<input type=\"hidden\" name=\"frm_hide_fields_7\" id=\"frm_hide_fields_7\" value=\"\" \/>\n<input type=\"hidden\" name=\"form_key\" value=\"machinecheck-up\" \/>\n<input type=\"hidden\" name=\"item_meta[0]\" value=\"\" \/>\n<input type=\"hidden\" id=\"frm_submit_entry_7\" name=\"frm_submit_entry_7\" value=\"644ab23b98\" \/><input type=\"hidden\" name=\"_wp_http_referer\" value=\"\/de\/wp-json\/wp\/v2\/pages\/8263\" \/><div id=\"frm_field_33_container\" class=\"frm_form_field form-field  frm_required_field frm_top_container frm_half frm_first\">\r\n    <label for=\"field_xl6u3\" id=\"field_xl6u3_label\" class=\"frm_primary_label\">Name\r\n        <span class=\"frm_required\" aria-hidden=\"true\">*<\/span>\r\n    <\/label>\r\n    <input  type=\"text\" id=\"field_xl6u3\" name=\"item_meta[33]\" value=\"\"  data-reqmsg=\"Dit veld mag niet leeg zijn.\" aria-required=\"true\" data-invmsg=\"Tekst is ongeldig\" aria-invalid=\"false\"   \/>\r\n    \r\n    \r\n<\/div>\n<div id=\"frm_field_34_container\" class=\"frm_form_field form-field  frm_required_field frm_top_container frm_half\">\r\n    <label for=\"field_ix0k9\" id=\"field_ix0k9_label\" class=\"frm_primary_label\">Name des Unternehmens\r\n        <span class=\"frm_required\" aria-hidden=\"true\">*<\/span>\r\n    <\/label>\r\n    <input  type=\"text\" id=\"field_ix0k9\" name=\"item_meta[34]\" value=\"\"  data-reqmsg=\"Dit veld mag niet leeg zijn.\" aria-required=\"true\" data-invmsg=\"Tekst is ongeldig\" aria-invalid=\"false\"   \/>\r\n    \r\n    \r\n<\/div>\n<div id=\"frm_field_37_container\" class=\"frm_form_field form-field  frm_required_field frm_top_container frm_half frm_first\">\r\n    <label for=\"field_z8sbu\" id=\"field_z8sbu_label\" class=\"frm_primary_label\">E-mailadresse\r\n        <span class=\"frm_required\" aria-hidden=\"true\">*<\/span>\r\n    <\/label>\r\n    <input type=\"email\" id=\"field_z8sbu\" name=\"item_meta[37]\" value=\"\"  data-reqmsg=\"Dit veld mag niet leeg zijn\" aria-required=\"true\" data-invmsg=\"Email adres is ongeldig\" aria-invalid=\"false\"  \/>\r\n    \r\n    \r\n<\/div>\n<div id=\"frm_field_38_container\" class=\"frm_form_field form-field  frm_required_field frm_top_container frm_half\">\r\n    <label for=\"field_dk9ih\" id=\"field_dk9ih_label\" class=\"frm_primary_label\">Telefon\r\n        <span class=\"frm_required\" aria-hidden=\"true\">*<\/span>\r\n    <\/label>\r\n    <input type=\"tel\" id=\"field_dk9ih\" name=\"item_meta[38]\" value=\"\"  data-reqmsg=\"Dit veld mag niet leeg zijn.\" aria-required=\"true\" data-invmsg=\"Phone is ongeldig\" aria-invalid=\"false\" pattern=\"((\\+\\d{1,3}(-|.| )?\\(?\\d\\)?(-| |.)?\\d{1,5})|(\\(?\\d{2,6}\\)?))(-|.| )?(\\d{3,4})(-|.| )?(\\d{4})(( x| ext)\\d{1,5}){0,1}$\"  \/>\r\n    \r\n    \r\n<\/div>\n<div id=\"frm_field_40_container\" class=\"frm_form_field form-field  frm_required_field frm_top_container vertical_radio\">\r\n    <div  id=\"field_31p60_label\" class=\"frm_primary_label\">Fordern Sie ein Angebot an oder vereinbaren Sie einen Termin?\r\n        <span class=\"frm_required\" aria-hidden=\"true\">*<\/span>\r\n    <\/div>\r\n    <div class=\"frm_opt_container\" aria-labelledby=\"field_31p60_label\" role=\"group\">\t\t<div class=\"frm_checkbox\" id=\"frm_checkbox_40-0\">\t\t\t<label  for=\"field_31p60-0\">\n\t\t\t<input type=\"checkbox\" name=\"item_meta[40][]\" id=\"field_31p60-0\" value=\"Offerte aanvragen\"  data-reqmsg=\"Dit veld mag niet leeg zijn.\" data-invmsg=\"Fordern Sie ein Angebot an oder vereinbaren Sie einen Termin? ist ung\u00fcltig\"   aria-required=\"true\"  \/> Angebot anfordern<\/label><\/div>\n\t\t<div class=\"frm_checkbox\" id=\"frm_checkbox_40-1\">\t\t\t<label  for=\"field_31p60-1\">\n\t\t\t<input type=\"checkbox\" name=\"item_meta[40][]\" id=\"field_31p60-1\" value=\"Afspraak maken\"  data-reqmsg=\"Dit veld mag niet leeg zijn.\" data-invmsg=\"Fordern Sie ein Angebot an oder vereinbaren Sie einen Termin? ist ung\u00fcltig\"   \/> Planen Sie einen Termin<\/label><\/div>\n<\/div>\r\n    \r\n    \r\n<\/div>\n<div id=\"frm_field_42_container\" class=\"frm_form_field form-field  frm_top_container\">\r\n    <label for=\"field_cs4mb\" id=\"field_cs4mb_label\" class=\"frm_primary_label\">Erl\u00e4uterung\r\n        <span class=\"frm_required\" aria-hidden=\"true\"><\/span>\r\n    <\/label>\r\n    <textarea name=\"item_meta[42]\" id=\"field_cs4mb\" rows=\"5\"  data-invmsg=\"Erl\u00e4uterung ist ung\u00fcltig\" aria-invalid=\"false\"  ><\/textarea>\r\n    \r\n    \r\n<\/div>\n<div id=\"frm_field_69_container\" class=\"frm_form_field form-field  frm_none_container\">\r\n    <label for=\"g-recaptcha-response\" id=\"field_ugbdc_label\" class=\"frm_primary_label\">reCAPTCHA\r\n        <span class=\"frm_required\" aria-hidden=\"true\"><\/span>\r\n    <\/label>\r\n    <div  id=\"field_ugbdc\" class=\"frm-g-recaptcha\" data-sitekey=\"6Lc_gK0rAAAAAD1wEni5sOmGek7ZG6LsiZ3Xw1ns\" data-size=\"invisible\" data-theme=\"light\"><\/div>\r\n    \r\n    \r\n<\/div>\n\t<input type=\"hidden\" name=\"item_key\" value=\"\" \/>\n\t\t\t<div id=\"frm_field_83_container\">\n\t\t\t<label for=\"field_9vblw\" >\n\t\t\t\tFalls Du menschlich bist, lasse dieses Feld leer.\t\t\t<\/label>\n\t\t\t<input  id=\"field_9vblw\" type=\"text\" class=\"frm_form_field form-field frm_verify\" name=\"item_meta[83]\" value=\"\"  \/>\n\t\t<\/div>\n\t\t<input name=\"frm_state\" type=\"hidden\" value=\"RdyaJVT8ju8AoatWlZq1cPVK14dklnfbjhtjR7HgitsbNJKIE6wqNB3FG0zqcJPp\" \/><div class=\"frm_submit\">\r\n\r\n<button class=\"frm_button_submit frm_final_submit\" type=\"submit\"   formnovalidate=\"formnovalidate\">Versenden<\/button>\r\n\r\n<\/div><\/div>\n<\/fieldset>\n<\/div>\n\n<\/form>\n<\/div>\n\n<\/div><\/div><div class=\"g-cols wpb_row us_custom_558fb458 via_flex valign_top type_default stacking_default\"><div class=\"vc_col-sm-6 wpb_column vc_column_container\"><div class=\"vc_column-inner\"><div class=\"wpb_wrapper\"><div class=\"wpb_text_column\"><div class=\"wpb_wrapper\"><p><strong>F\u00fcldner Machines &amp; Service<\/strong><\/p>\n<p>Wijngaardsweg 20<br \/>\nNL 6412 PJ Heerlen<\/p>\n<p>T +31 (0)45 521 77 57<br \/>\nF +31 (0)45 523 12 92<br \/>\nE <a href=\"mailto:info@fuldner.nl\">info@fuldner.nl<\/a><\/p>\n<\/div><\/div><\/div><\/div><\/div><div class=\"vc_col-sm-6 wpb_column vc_column_container mc-socials-contact\"><div class=\"vc_column-inner\"><div class=\"wpb_wrapper\">[vc_raw_html]JTNDYSUyMGhyZWYlM0QlMjJodHRwcyUzQSUyRiUyRnd3dy5mYWNlYm9vay5jb20lMkZmdWxkbmVybWFjaGluZXMlMkYlMjIlM0UlM0NpJTIwY2xhc3MlM0QlMjJmYWIlMjBmYS1mYWNlYm9vay1zcXVhcmUlMjIlM0UlM0MlMkZpJTNFJTNDJTJGYSUzRSUwQSUwQSUzQ2ElMjBocmVmJTNEJTIyaHR0cHMlM0ElMkYlMkZubC5saW5rZWRpbi5jb20lMkZjb21wYW55JTJGZiUyNUMzJTI1QkNsZG5lci1tYWNoaW5lcy1idiUyMiUzRSUzQ2klMjBjbGFzcyUzRCUyMmZhYiUyMGZhLWxpbmtlZGluJTIyJTNFJTNDJTJGaSUzRSUzQyUyRmElM0U=[\/vc_raw_html]<\/div><\/div><\/div><\/div><\/div><\/div><\/div><div class=\"vc_col-sm-6 wpb_column vc_column_container\"><div class=\"vc_column-inner\"><div class=\"wpb_wrapper\"><div class=\"w-image align_none\"><div class=\"w-image-h\"><img decoding=\"async\" width=\"870\" height=\"1024\" src=\"https:\/\/fuldner.nl\/wp-content\/uploads\/2021\/06\/Fuldnerzw0291-870x1024.jpeg\" class=\"attachment-large size-large\" alt=\"\" loading=\"lazy\" srcset=\"https:\/\/fuldner.nl\/wp-content\/uploads\/2021\/06\/Fuldnerzw0291-870x1024.jpeg 870w, https:\/\/fuldner.nl\/wp-content\/uploads\/2021\/06\/Fuldnerzw0291-255x300.jpeg 255w, https:\/\/fuldner.nl\/wp-content\/uploads\/2021\/06\/Fuldnerzw0291.jpeg 2000w\" sizes=\"auto, (max-width: 870px) 100vw, 870px\" \/><\/div><\/div><\/div><\/div><\/div><\/div><\/div><\/section>\n","protected":false},"excerpt":{"rendered":"StartSeitenF\u00dcLDNER MACHINE CHECK-UP Wir treffen gerne im Vorfeld klare Vereinbarungen \u00fcber Service und Support, damit Sie genau wissen, woran Sie sind. F\u00fcr einen geringen Betrag nehmen wir Ihnen die vorbeugende Wartung ab und Sie reduzieren das Risiko von Maschinenstillst\u00e4nden. Sind Sie an diesem Service interessiert? Geben Sie Ihre Daten ein und wir werden Sie kontaktieren....","protected":false},"author":1,"featured_media":0,"parent":0,"menu_order":0,"comment_status":"closed","ping_status":"closed","template":"","meta":{"_acf_changed":false,"footnotes":""},"class_list":["post-8263","page","type-page","status-publish","hentry"],"acf":[],"yoast_head":"<!-- This site is optimized with the Yoast SEO plugin v27.2 - https:\/\/yoast.com\/product\/yoast-seo-wordpress\/ -->\n<title>Maschinen Check-up Anforden - F&uuml;ldner<\/title>\n<meta name=\"robots\" content=\"index, follow, max-snippet:-1, max-image-preview:large, max-video-preview:-1\" \/>\n<link rel=\"canonical\" href=\"https:\/\/fuldner.nl\/de\/fueldner-maschinen-check-up-anfordern\/\" \/>\n<meta property=\"og:locale\" content=\"de_DE\" \/>\n<meta property=\"og:type\" content=\"article\" \/>\n<meta property=\"og:title\" content=\"Maschinen Check-up Anforden - F&uuml;ldner\" \/>\n<meta property=\"og:url\" content=\"https:\/\/fuldner.nl\/de\/fueldner-maschinen-check-up-anfordern\/\" \/>\n<meta property=\"og:site_name\" content=\"F&uuml;ldner\" \/>\n<meta property=\"article:modified_time\" content=\"2021-06-08T15:49:27+00:00\" \/>\n<meta name=\"twitter:card\" content=\"summary_large_image\" \/>\n<meta name=\"twitter:label1\" content=\"Gesch\u00e4tzte Lesezeit\" \/>\n\t<meta name=\"twitter:data1\" content=\"1\u00a0Minute\" \/>\n<script type=\"application\/ld+json\" class=\"yoast-schema-graph\">{\"@context\":\"https:\/\/schema.org\",\"@graph\":[{\"@type\":\"WebPage\",\"@id\":\"https:\/\/fuldner.nl\/de\/fueldner-maschinen-check-up-anfordern\/\",\"url\":\"https:\/\/fuldner.nl\/de\/fueldner-maschinen-check-up-anfordern\/\",\"name\":\"Maschinen Check-up Anforden - F&uuml;ldner\",\"isPartOf\":{\"@id\":\"https:\/\/fuldner.nl\/de\/#website\"},\"datePublished\":\"2021-05-27T12:33:09+00:00\",\"dateModified\":\"2021-06-08T15:49:27+00:00\",\"breadcrumb\":{\"@id\":\"https:\/\/fuldner.nl\/de\/fueldner-maschinen-check-up-anfordern\/#breadcrumb\"},\"inLanguage\":\"de\",\"potentialAction\":[{\"@type\":\"ReadAction\",\"target\":[\"https:\/\/fuldner.nl\/de\/fueldner-maschinen-check-up-anfordern\/\"]}]},{\"@type\":\"BreadcrumbList\",\"@id\":\"https:\/\/fuldner.nl\/de\/fueldner-maschinen-check-up-anfordern\/#breadcrumb\",\"itemListElement\":[{\"@type\":\"ListItem\",\"position\":1,\"name\":\"Home\",\"item\":\"https:\/\/fuldner.nl\/de\/\"},{\"@type\":\"ListItem\",\"position\":2,\"name\":\"Maschinen Check-up Anforden\"}]},{\"@type\":\"WebSite\",\"@id\":\"https:\/\/fuldner.nl\/de\/#website\",\"url\":\"https:\/\/fuldner.nl\/de\/\",\"name\":\"F&uuml;ldner\",\"description\":\"\",\"potentialAction\":[{\"@type\":\"SearchAction\",\"target\":{\"@type\":\"EntryPoint\",\"urlTemplate\":\"https:\/\/fuldner.nl\/de\/?s={search_term_string}\"},\"query-input\":{\"@type\":\"PropertyValueSpecification\",\"valueRequired\":true,\"valueName\":\"search_term_string\"}}],\"inLanguage\":\"de\"}]}<\/script>\n<!-- \/ Yoast SEO plugin. -->","yoast_head_json":{"title":"Maschinen Check-up Anforden - F&uuml;ldner","robots":{"index":"index","follow":"follow","max-snippet":"max-snippet:-1","max-image-preview":"max-image-preview:large","max-video-preview":"max-video-preview:-1"},"canonical":"https:\/\/fuldner.nl\/de\/fueldner-maschinen-check-up-anfordern\/","og_locale":"de_DE","og_type":"article","og_title":"Maschinen Check-up Anforden - F&uuml;ldner","og_url":"https:\/\/fuldner.nl\/de\/fueldner-maschinen-check-up-anfordern\/","og_site_name":"F&uuml;ldner","article_modified_time":"2021-06-08T15:49:27+00:00","twitter_card":"summary_large_image","twitter_misc":{"Gesch\u00e4tzte Lesezeit":"1\u00a0Minute"},"schema":{"@context":"https:\/\/schema.org","@graph":[{"@type":"WebPage","@id":"https:\/\/fuldner.nl\/de\/fueldner-maschinen-check-up-anfordern\/","url":"https:\/\/fuldner.nl\/de\/fueldner-maschinen-check-up-anfordern\/","name":"Maschinen Check-up Anforden - F&uuml;ldner","isPartOf":{"@id":"https:\/\/fuldner.nl\/de\/#website"},"datePublished":"2021-05-27T12:33:09+00:00","dateModified":"2021-06-08T15:49:27+00:00","breadcrumb":{"@id":"https:\/\/fuldner.nl\/de\/fueldner-maschinen-check-up-anfordern\/#breadcrumb"},"inLanguage":"de","potentialAction":[{"@type":"ReadAction","target":["https:\/\/fuldner.nl\/de\/fueldner-maschinen-check-up-anfordern\/"]}]},{"@type":"BreadcrumbList","@id":"https:\/\/fuldner.nl\/de\/fueldner-maschinen-check-up-anfordern\/#breadcrumb","itemListElement":[{"@type":"ListItem","position":1,"name":"Home","item":"https:\/\/fuldner.nl\/de\/"},{"@type":"ListItem","position":2,"name":"Maschinen Check-up Anforden"}]},{"@type":"WebSite","@id":"https:\/\/fuldner.nl\/de\/#website","url":"https:\/\/fuldner.nl\/de\/","name":"F&uuml;ldner","description":"","potentialAction":[{"@type":"SearchAction","target":{"@type":"EntryPoint","urlTemplate":"https:\/\/fuldner.nl\/de\/?s={search_term_string}"},"query-input":{"@type":"PropertyValueSpecification","valueRequired":true,"valueName":"search_term_string"}}],"inLanguage":"de"}]}},"_links":{"self":[{"href":"https:\/\/fuldner.nl\/de\/wp-json\/wp\/v2\/pages\/8263","targetHints":{"allow":["GET"]}}],"collection":[{"href":"https:\/\/fuldner.nl\/de\/wp-json\/wp\/v2\/pages"}],"about":[{"href":"https:\/\/fuldner.nl\/de\/wp-json\/wp\/v2\/types\/page"}],"author":[{"embeddable":true,"href":"https:\/\/fuldner.nl\/de\/wp-json\/wp\/v2\/users\/1"}],"replies":[{"embeddable":true,"href":"https:\/\/fuldner.nl\/de\/wp-json\/wp\/v2\/comments?post=8263"}],"version-history":[{"count":3,"href":"https:\/\/fuldner.nl\/de\/wp-json\/wp\/v2\/pages\/8263\/revisions"}],"predecessor-version":[{"id":8802,"href":"https:\/\/fuldner.nl\/de\/wp-json\/wp\/v2\/pages\/8263\/revisions\/8802"}],"wp:attachment":[{"href":"https:\/\/fuldner.nl\/de\/wp-json\/wp\/v2\/media?parent=8263"}],"curies":[{"name":"wp","href":"https:\/\/api.w.org\/{rel}","templated":true}]}}