{"id":8269,"date":"2021-05-27T14:40:29","date_gmt":"2021-05-27T12:40:29","guid":{"rendered":"https:\/\/fuldner.nl\/?page_id=8269"},"modified":"2026-03-02T12:38:17","modified_gmt":"2026-03-02T11:38:17","slug":"glaswerkzeuge","status":"publish","type":"page","link":"https:\/\/fuldner.nl\/de\/service\/glaswerkzeuge\/","title":{"rendered":"Glaswerkzeuge"},"content":{"rendered":"<section class=\"l-section wpb_row us_custom_30273639 has_text_color height_medium\"><div class=\"l-section-overlay\" style=\"background:#f4f4f4\"><\/div><div class=\"l-section-h i-cf\"><div class=\"g-cols vc_row via_flex valign_top type_default stacking_default\"><div class=\"vc_col-sm-12 wpb_column vc_column_container\"><div class=\"vc_column-inner\"><div class=\"wpb_wrapper\"><nav class=\"g-breadcrumbs us_custom_3b722593 has_text_color separator_custom align_right\" itemscope itemtype=\"http:\/\/schema.org\/BreadcrumbList\"><div class=\"g-breadcrumbs-item\" itemscope itemprop=\"itemListElement\" itemtype=\"http:\/\/schema.org\/ListItem\"><a itemprop=\"item\" href=\"https:\/\/fuldner.nl\/de\/\"><span itemprop=\"name\">Start<\/span><\/a><meta itemprop=\"position\" content=\"1\"\/><\/div><div class=\"g-breadcrumbs-separator\">\/<\/div><div class=\"g-breadcrumbs-item\">Seiten<\/div><\/nav><\/div><\/div><\/div><\/div><\/div><\/section><section class=\"l-section wpb_row mc-arrow-green height_medium with_img\"><div class=\"l-section-img\" role=\"img\" aria-label=\"Bild\" data-img-width=\"900\" data-img-height=\"400\" style=\"background-image: url(https:\/\/fuldner.nl\/wp-content\/uploads\/2021\/05\/glass.png);background-position: center right;background-size: contain;\"><\/div><div class=\"l-section-overlay\" style=\"background:#73c536\"><\/div><div class=\"l-section-h i-cf\"><div class=\"g-cols vc_row via_flex valign_top type_default stacking_default\"><div class=\"vc_col-sm-12 wpb_column vc_column_container\"><div class=\"vc_column-inner\"><div class=\"wpb_wrapper\"><div class=\"wpb_text_column mc-header-detail\"><div class=\"wpb_wrapper\"><h1>Glaswerkzeuge<\/h1>\n<\/div><\/div><div class=\"wpb_text_column us_custom_6df4bc3a has_text_color\"><div class=\"wpb_wrapper\"><p>Sie suchen Werkzeuge f\u00fcr Ihre Glasbearbeitungsmaschine? Diamantschleifscheiben, Polier- und Ceriumscheiben, hochwertige CNC-Schleif- und Polierwerkzeuge, Schneidr\u00e4der, S\u00e4gebl\u00e4tter oder Zubeh\u00f6r wie Ceriumpulver, K\u00fchlmittel, Schmiermittel und Fette? Wir haben es f\u00fcr Sie..<\/p>\n<\/div><\/div><\/div><\/div><\/div><\/div><\/div><\/section><section class=\"l-section wpb_row height_medium\"><div class=\"l-section-h i-cf\"><div class=\"g-cols vc_row via_flex valign_top type_default stacking_default\"><div class=\"vc_col-sm-6 wpb_column vc_column_container mc-over-list\"><div class=\"vc_column-inner\"><div class=\"wpb_wrapper\"><div class=\"wpb_text_column\"><div class=\"wpb_wrapper\"><h2>Direkt ab lager lieferbar:<\/h2>\n<p>\u2192 Werkzeuge f\u00fcr Maschinenhersteller: Adelio Lattuada, Bavelloni, Glaston, Bottero, Bovone, Intermac, CMS, Systron, Benteler, Busetti, Turomas.<\/p>\n<p>\u2192 Diamanttrennscheiben (Metall- oder Harzausf\u00fchrung) f\u00fcr Float-, Verbund- und Brandschutzglas in geschlossener, Turbo- oder segmentierter Ausf\u00fchrung.<\/p>\n<p>\u2192 Polier- und Ceriumscheiben von verschiedenen Herstellern in unterschiedlichen Ausf\u00fchrungen und Abmessungen und damit f\u00fcr alle Anwendungen geeignet.<\/p>\n<p>\u2192 Hochleistungs-CNC-Schleif- und Polierwerkzeuge wie: Flachseite, Flachseite mit Saum, C- und andere Profile, Innenradiusbearbeitung, Bohren, Fr\u00e4sen, Adapter etc. Durchmesser von D10 mm bis D200 mm<\/p>\n<p>\u2192 Schneider\u00e4der<\/p>\n<p>\u2192 S\u00e4gebl\u00e4tter in verschiedenen Ausf\u00fchrungen und Abmessungen<\/p>\n<p>\u2192 Zubeh\u00f6r wie Cerium-Pulver, K\u00fchlmittel, Schmier\u00f6le und -fette<\/p>\n<\/div><\/div><\/div><\/div><\/div><div class=\"vc_col-sm-6 wpb_column vc_column_container\"><div class=\"vc_column-inner\"><div class=\"wpb_wrapper\"><div class=\"wpb_text_column mc-machine-form\"><div class=\"wpb_wrapper\"><p><strong>Lassen Sie sich beraten!<\/strong><br \/>\n<div class=\"frm_forms  with_frm_style frm_style_formidable-style\" id=\"frm_form_3_container\" >\n<form enctype=\"multipart\/form-data\" method=\"post\" class=\"frm-show-form  frm_pro_form \" id=\"form_glastoolsaanvragen\" >\n<div class=\"frm_form_fields \">\n<fieldset>\n<legend class=\"frm_screen_reader\">Glaswerkzeuge anfordern<\/legend>\r\n\r\n<div class=\"frm_fields_container\">\n<input type=\"hidden\" name=\"frm_action\" value=\"create\" \/>\n<input type=\"hidden\" name=\"form_id\" value=\"3\" \/>\n<input type=\"hidden\" name=\"frm_hide_fields_3\" id=\"frm_hide_fields_3\" value=\"\" \/>\n<input type=\"hidden\" name=\"form_key\" value=\"glastoolsaanvragen\" \/>\n<input type=\"hidden\" name=\"item_meta[0]\" value=\"\" \/>\n<input type=\"hidden\" id=\"frm_submit_entry_3\" name=\"frm_submit_entry_3\" value=\"fd2ee0f2e2\" \/><input type=\"hidden\" name=\"_wp_http_referer\" value=\"\/de\/wp-json\/wp\/v2\/pages\/8269\" \/><div id=\"frm_field_11_container\" class=\"frm_form_field form-field  frm_required_field frm_none_container frm_third frm_first\">\r\n    <label for=\"field_sklzf\" id=\"field_sklzf_label\" class=\"frm_primary_label\">Name\r\n        <span class=\"frm_required\" aria-hidden=\"true\">*<\/span>\r\n    <\/label>\r\n    <input  type=\"text\" id=\"field_sklzf\" name=\"item_meta[11]\" value=\"\"  placeholder=\"Name*\" data-reqmsg=\"Dit veld mag niet leeg zijn.\" aria-required=\"true\" data-invmsg=\"Tekst is ongeldig\" aria-invalid=\"false\"   \/>\r\n    \r\n    \r\n<\/div>\n<div id=\"frm_field_12_container\" class=\"frm_form_field form-field  frm_required_field frm_none_container frm_third\">\r\n    <label for=\"field_4mef9\" id=\"field_4mef9_label\" class=\"frm_primary_label\">Unternehmen\r\n        <span class=\"frm_required\" aria-hidden=\"true\">*<\/span>\r\n    <\/label>\r\n    <input  type=\"text\" id=\"field_4mef9\" name=\"item_meta[12]\" value=\"\"  placeholder=\"Unternehmen*\" data-reqmsg=\"Dit veld mag niet leeg zijn.\" aria-required=\"true\" data-invmsg=\"Tekst is ongeldig\" aria-invalid=\"false\"   \/>\r\n    \r\n    \r\n<\/div>\n<div id=\"frm_field_13_container\" class=\"frm_form_field form-field  frm_required_field frm_none_container frm_third\">\r\n    <label for=\"field_yjz20\" id=\"field_yjz20_label\" class=\"frm_primary_label\">Email\r\n        <span class=\"frm_required\" aria-hidden=\"true\">*<\/span>\r\n    <\/label>\r\n    <input type=\"email\" id=\"field_yjz20\" name=\"item_meta[13]\" value=\"\"  placeholder=\"Email*\" data-reqmsg=\"Dit veld mag niet leeg zijn.\" aria-required=\"true\" data-invmsg=\"Email adres is ongeldig\" aria-invalid=\"false\"  \/>\r\n    \r\n    \r\n<\/div>\n<div id=\"frm_field_14_container\" class=\"frm_form_field form-field  frm_none_container frm_three_fourths\">\r\n    <label for=\"field_7q5in\" id=\"field_7q5in_label\" class=\"frm_primary_label\">Bemerkungen\r\n        <span class=\"frm_required\" aria-hidden=\"true\"><\/span>\r\n    <\/label>\r\n    <input  type=\"text\" id=\"field_7q5in\" name=\"item_meta[14]\" value=\"\"  placeholder=\"Bemerkungen\" data-invmsg=\"Tekst is ongeldig\" aria-invalid=\"false\"   \/>\r\n    \r\n    \r\n<\/div>\n<div id=\"frm_field_68_container\" class=\"frm_form_field form-field  frm_none_container\">\r\n    <label for=\"g-recaptcha-response\" id=\"field_7ti24_label\" class=\"frm_primary_label\">reCAPTCHA\r\n        <span class=\"frm_required\" aria-hidden=\"true\"><\/span>\r\n    <\/label>\r\n    <div  id=\"field_7ti24\" class=\"frm-g-recaptcha\" data-sitekey=\"6Lc_gK0rAAAAAD1wEni5sOmGek7ZG6LsiZ3Xw1ns\" data-size=\"invisible\" data-theme=\"light\"><\/div>\r\n    \r\n    \r\n<\/div>\n\t<input type=\"hidden\" name=\"item_key\" value=\"\" \/>\n\t\t\t<div id=\"frm_field_83_container\">\n\t\t\t<label for=\"field_unf0y\" >\n\t\t\t\tFalls Du menschlich bist, lasse dieses Feld leer.\t\t\t<\/label>\n\t\t\t<input  id=\"field_unf0y\" type=\"text\" class=\"frm_form_field form-field frm_verify\" name=\"item_meta[83]\" value=\"\"  \/>\n\t\t<\/div>\n\t\t<input name=\"frm_state\" type=\"hidden\" value=\"RdyaJVT8ju8AoatWlZq1cBdIZLy5KoPo\/SzVRyBYpqsbNJKIE6wqNB3FG0zqcJPp\" \/><div class=\"frm_submit\">\r\n\r\n<button class=\"frm_button_submit frm_final_submit\" type=\"submit\"   formnovalidate=\"formnovalidate\">Anfordern<\/button>\r\n\r\n<\/div><\/div>\n<\/fieldset>\n<\/div>\n\n<\/form>\n<\/div>\n<p>Die richtige Wahl zu treffen, wenn es um Diamant \u2013 und Polierwerkzeuge geht, ist nicht immer einfach. Haben sie schon oft gesagt: \u201cWas funktioniert, wird nicht ge\u00e4ndert\u201d oder \u201cDies wird uns vom Maschinenhersteller empfohlen\u201d? In diesen F\u00e4llen sind wir sicher, dass Sie zu viel bezahlen. Etwas, worauf Ihr derzeitiger Lieferant Sie nicht hinweisen wird.<\/p>\n<p>Bei F\u00fcldner machen wir die Dinge anders. Wir h\u00f6ren Ihnen zuerst zu, und erst dann beraten wir Sie angemessen. Wir handeln vorausschauend. Wenn wir ein Werkzeug noch nie auf Lager hatten, bestellen wir es extra, damit Sie nicht auf Ihre n\u00e4chste Bestellung warten m\u00fcssen.<\/p>\n<p>\u2192 Auch Werkzeuge f\u00fcr Maschinen, die wir nicht in unserem Maschinenportfolio haben<\/p>\n<p>\u2192 Lieferzeit: oft ist der Versand noch am selben Tag m\u00f6glich<\/p>\n<p>\u2192 Wenn wir das Werkzeug nicht auf Lager haben, bestellen wir es f\u00fcr Sie, damit es schnell geliefert werden kann.<\/p>\n<\/div><\/div><\/div><\/div><\/div><\/div><\/div><\/section><section class=\"l-section wpb_row height_medium\"><div class=\"l-section-h i-cf\"><div class=\"g-cols vc_row via_flex valign_top type_default stacking_default\"><div class=\"vc_col-sm-12 wpb_column vc_column_container\"><div class=\"vc_column-inner\"><div class=\"wpb_wrapper\"><div class=\"w-grid us_grid type_grid layout_gallery_default cols_7 valign_center preload_style_spinner with_css_animation\" id=\"us_grid_1\" style=\"--columns:7;--gap:1.5rem;\" data-filterable=\"true\"><style>@media (max-width:1280px){#us_grid_1{--columns:3!important}}@media (max-width:1024px){#us_grid_1{--columns:2!important}}@media (max-width:600px){#us_grid_1{--columns:1!important}}.layout_gallery_default .w-grid-item-h{}<\/style><div class=\"w-grid-list\">\t<article class=\"w-grid-item us_animate_afl size_1x1 post-8179 attachment type-attachment status-inherit hentry\" data-id=\"8179\" style=\"animation-delay:0s\">\r\n\t\t<div class=\"w-grid-item-h\">\r\n\t\t\t\t\t\t<div class=\"w-post-elm post_image usg_post_image_1 stretched\"><img loading=\"lazy\" decoding=\"async\" width=\"300\" height=\"124\" src=\"https:\/\/fuldner.nl\/wp-content\/uploads\/2021\/05\/tyrolit_logo-300x124-1.png\" class=\"attachment-large size-large\" alt=\"\" \/><\/div>\t\t<\/div>\r\n\t\t\t<\/article>\r\n\t<article class=\"w-grid-item us_animate_afl size_1x1 post-8180 attachment type-attachment status-inherit hentry\" data-id=\"8180\" style=\"animation-delay:0.1s\">\r\n\t\t<div class=\"w-grid-item-h\">\r\n\t\t\t\t\t\t<div class=\"w-post-elm post_image usg_post_image_1 stretched\"><img loading=\"lazy\" decoding=\"async\" width=\"300\" height=\"101\" src=\"https:\/\/fuldner.nl\/wp-content\/uploads\/2021\/05\/Abratech-logo-1-300x101-1.png\" class=\"attachment-large size-large\" alt=\"\" \/><\/div>\t\t<\/div>\r\n\t\t\t<\/article>\r\n\t<article class=\"w-grid-item us_animate_afl size_1x1 post-8181 attachment type-attachment status-inherit hentry\" data-id=\"8181\" style=\"animation-delay:0.2s\">\r\n\t\t<div class=\"w-grid-item-h\">\r\n\t\t\t\t\t\t<div class=\"w-post-elm post_image usg_post_image_1 stretched\"><img loading=\"lazy\" decoding=\"async\" width=\"300\" height=\"105\" src=\"https:\/\/fuldner.nl\/wp-content\/uploads\/2021\/05\/LogoADI-300x105-1.jpeg\" class=\"attachment-large size-large\" alt=\"\" \/><\/div>\t\t<\/div>\r\n\t\t\t<\/article>\r\n\t<article class=\"w-grid-item us_animate_afl size_1x1 post-8183 attachment type-attachment status-inherit hentry\" data-id=\"8183\" style=\"animation-delay:0.3s\">\r\n\t\t<div class=\"w-grid-item-h\">\r\n\t\t\t\t\t\t<div class=\"w-post-elm post_image usg_post_image_1 stretched\"><img loading=\"lazy\" decoding=\"async\" width=\"300\" height=\"73\" src=\"https:\/\/fuldner.nl\/wp-content\/uploads\/2021\/05\/artifex-logo-1-300x73-1.png\" class=\"attachment-large size-large\" alt=\"\" \/><\/div>\t\t<\/div>\r\n\t\t\t<\/article>\r\n\t<article class=\"w-grid-item us_animate_afl size_1x1 post-8185 attachment type-attachment status-inherit hentry\" data-id=\"8185\" style=\"animation-delay:0.4s\">\r\n\t\t<div class=\"w-grid-item-h\">\r\n\t\t\t\t\t\t<div class=\"w-post-elm post_image usg_post_image_1 stretched\"><img loading=\"lazy\" decoding=\"async\" width=\"300\" height=\"114\" src=\"https:\/\/fuldner.nl\/wp-content\/uploads\/2021\/05\/Marrose_long_logo-300x114-1.png\" class=\"attachment-large size-large\" alt=\"\" \/><\/div>\t\t<\/div>\r\n\t\t\t<\/article>\r\n\t<article class=\"w-grid-item us_animate_afl size_1x1 post-10708 attachment type-attachment status-inherit hentry\" data-id=\"10708\" style=\"animation-delay:0.5s\">\r\n\t\t<div class=\"w-grid-item-h\">\r\n\t\t\t\t\t\t<div class=\"w-post-elm post_image usg_post_image_1 stretched\"><img loading=\"lazy\" decoding=\"async\" width=\"1024\" height=\"478\" src=\"https:\/\/fuldner.nl\/wp-content\/uploads\/2026\/03\/cropped-Immagine1-2-1024x478.jpg\" class=\"attachment-large size-large\" alt=\"\" srcset=\"https:\/\/fuldner.nl\/wp-content\/uploads\/2026\/03\/cropped-Immagine1-2-1024x478.jpg 1024w, https:\/\/fuldner.nl\/wp-content\/uploads\/2026\/03\/cropped-Immagine1-2-300x140.jpg 300w, https:\/\/fuldner.nl\/wp-content\/uploads\/2026\/03\/cropped-Immagine1-2-120x56.jpg 120w, https:\/\/fuldner.nl\/wp-content\/uploads\/2026\/03\/cropped-Immagine1-2.jpg 1176w\" sizes=\"auto, (max-width: 1024px) 100vw, 1024px\" \/><\/div>\t\t<\/div>\r\n\t\t\t<\/article>\r\n\t<article class=\"w-grid-item us_animate_afl size_1x1 post-10710 attachment type-attachment status-inherit hentry\" data-id=\"10710\" style=\"animation-delay:0.6s\">\r\n\t\t<div class=\"w-grid-item-h\">\r\n\t\t\t\t\t\t<div class=\"w-post-elm post_image usg_post_image_1 stretched\"><img loading=\"lazy\" decoding=\"async\" width=\"350\" height=\"210\" src=\"https:\/\/fuldner.nl\/wp-content\/uploads\/2026\/03\/logo_bee7b95a4c22b7d5f28be7212358abd9_t.png\" class=\"attachment-large size-large\" alt=\"\" srcset=\"https:\/\/fuldner.nl\/wp-content\/uploads\/2026\/03\/logo_bee7b95a4c22b7d5f28be7212358abd9_t.png 350w, https:\/\/fuldner.nl\/wp-content\/uploads\/2026\/03\/logo_bee7b95a4c22b7d5f28be7212358abd9_t-300x180.png 300w, https:\/\/fuldner.nl\/wp-content\/uploads\/2026\/03\/logo_bee7b95a4c22b7d5f28be7212358abd9_t-120x72.png 120w\" sizes=\"auto, (max-width: 350px) 100vw, 350px\" \/><\/div>\t\t<\/div>\r\n\t\t\t<\/article>\r\n\t<article class=\"w-grid-item us_animate_afl size_1x1 post-10718 attachment type-attachment status-inherit hentry\" data-id=\"10718\" style=\"animation-delay:0.7s\">\r\n\t\t<div class=\"w-grid-item-h\">\r\n\t\t\t\t\t\t<div class=\"w-post-elm post_image usg_post_image_1 stretched\"><img loading=\"lazy\" decoding=\"async\" width=\"300\" height=\"75\" src=\"https:\/\/fuldner.nl\/wp-content\/uploads\/2026\/03\/LOGO-BELFORTGLASS_300.png\" class=\"attachment-large size-large\" alt=\"\" srcset=\"https:\/\/fuldner.nl\/wp-content\/uploads\/2026\/03\/LOGO-BELFORTGLASS_300.png 300w, https:\/\/fuldner.nl\/wp-content\/uploads\/2026\/03\/LOGO-BELFORTGLASS_300-120x30.png 120w\" sizes=\"auto, (max-width: 300px) 100vw, 300px\" \/><\/div>\t\t<\/div>\r\n\t\t\t<\/article>\r\n<\/div>\t<div class=\"w-grid-preloader\">\r\n\t\t<div class=\"g-preloader type_1\">\r\n\t\t\t<div><\/div>\r\n\t\t<\/div>\r\n\t<\/div>\r\n\t\t<div class=\"w-grid-json hidden\" onclick='return {&quot;action&quot;:&quot;us_ajax_grid&quot;,&quot;infinite_scroll&quot;:0,&quot;max_num_pages&quot;:1,&quot;pagination&quot;:&quot;none&quot;,&quot;template_vars&quot;:{&quot;columns&quot;:&quot;7&quot;,&quot;exclude_items&quot;:&quot;none&quot;,&quot;img_size&quot;:&quot;default&quot;,&quot;ignore_items_size&quot;:0,&quot;items_layout&quot;:&quot;gallery_default&quot;,&quot;items_offset&quot;:&quot;1&quot;,&quot;load_animation&quot;:&quot;afl&quot;,&quot;overriding_link&quot;:&quot;{\\&quot;url\\&quot;:\\&quot;\\&quot;}&quot;,&quot;post_id&quot;:0,&quot;query_args&quot;:{&quot;post_type&quot;:[&quot;attachment&quot;],&quot;post__in&quot;:[&quot;352&quot;,&quot;353&quot;,&quot;354&quot;,&quot;356&quot;,&quot;358&quot;,&quot;10708&quot;,&quot;10710&quot;,&quot;10718&quot;],&quot;post_status&quot;:&quot;inherit&quot;,&quot;post_mime_type&quot;:&quot;image&quot;,&quot;posts_per_page&quot;:&quot;8&quot;},&quot;orderby_query_args&quot;:{&quot;orderby&quot;:{&quot;post__in&quot;:&quot;ASC&quot;},&quot;order&quot;:&quot;ASC&quot;},&quot;type&quot;:&quot;grid&quot;,&quot;us_grid_post_type&quot;:&quot;attachment&quot;,&quot;us_grid_ajax_index&quot;:1,&quot;us_grid_filter_query_string&quot;:null,&quot;us_grid_index&quot;:1,&quot;page_args&quot;:[],&quot;lang&quot;:&quot;de&quot;}}'><\/div>\r\n\t<\/div><\/div><\/div><\/div><\/div><\/div><\/section>\n","protected":false},"excerpt":{"rendered":"","protected":false},"author":1,"featured_media":0,"parent":8258,"menu_order":0,"comment_status":"closed","ping_status":"closed","template":"","meta":{"_acf_changed":false,"footnotes":""},"class_list":["post-8269","page","type-page","status-publish","hentry"],"acf":[],"yoast_head":"<!-- This site is optimized with the Yoast SEO plugin v27.2 - https:\/\/yoast.com\/product\/yoast-seo-wordpress\/ -->\n<title>Glaswerkzeuge - F&uuml;ldner<\/title>\n<meta name=\"robots\" content=\"index, follow, max-snippet:-1, max-image-preview:large, max-video-preview:-1\" \/>\n<link rel=\"canonical\" href=\"https:\/\/fuldner.nl\/de\/service\/glaswerkzeuge\/\" \/>\n<meta property=\"og:locale\" content=\"de_DE\" \/>\n<meta property=\"og:type\" content=\"article\" \/>\n<meta property=\"og:title\" content=\"Glaswerkzeuge - F&uuml;ldner\" \/>\n<meta property=\"og:url\" content=\"https:\/\/fuldner.nl\/de\/service\/glaswerkzeuge\/\" \/>\n<meta property=\"og:site_name\" content=\"F&uuml;ldner\" \/>\n<meta property=\"article:modified_time\" content=\"2026-03-02T11:38:17+00:00\" \/>\n<meta name=\"twitter:card\" content=\"summary_large_image\" \/>\n<meta name=\"twitter:label1\" content=\"Gesch\u00e4tzte Lesezeit\" \/>\n\t<meta name=\"twitter:data1\" content=\"2\u00a0Minuten\" \/>\n<script type=\"application\/ld+json\" class=\"yoast-schema-graph\">{\"@context\":\"https:\/\/schema.org\",\"@graph\":[{\"@type\":\"WebPage\",\"@id\":\"https:\/\/fuldner.nl\/de\/service\/glaswerkzeuge\/\",\"url\":\"https:\/\/fuldner.nl\/de\/service\/glaswerkzeuge\/\",\"name\":\"Glaswerkzeuge - F&uuml;ldner\",\"isPartOf\":{\"@id\":\"https:\/\/fuldner.nl\/de\/#website\"},\"datePublished\":\"2021-05-27T12:40:29+00:00\",\"dateModified\":\"2026-03-02T11:38:17+00:00\",\"breadcrumb\":{\"@id\":\"https:\/\/fuldner.nl\/de\/service\/glaswerkzeuge\/#breadcrumb\"},\"inLanguage\":\"de\",\"potentialAction\":[{\"@type\":\"ReadAction\",\"target\":[\"https:\/\/fuldner.nl\/de\/service\/glaswerkzeuge\/\"]}]},{\"@type\":\"BreadcrumbList\",\"@id\":\"https:\/\/fuldner.nl\/de\/service\/glaswerkzeuge\/#breadcrumb\",\"itemListElement\":[{\"@type\":\"ListItem\",\"position\":1,\"name\":\"Home\",\"item\":\"https:\/\/fuldner.nl\/de\/\"},{\"@type\":\"ListItem\",\"position\":2,\"name\":\"Service\",\"item\":\"https:\/\/fuldner.nl\/de\/service\/\"},{\"@type\":\"ListItem\",\"position\":3,\"name\":\"Glaswerkzeuge\"}]},{\"@type\":\"WebSite\",\"@id\":\"https:\/\/fuldner.nl\/de\/#website\",\"url\":\"https:\/\/fuldner.nl\/de\/\",\"name\":\"F&uuml;ldner\",\"description\":\"\",\"potentialAction\":[{\"@type\":\"SearchAction\",\"target\":{\"@type\":\"EntryPoint\",\"urlTemplate\":\"https:\/\/fuldner.nl\/de\/?s={search_term_string}\"},\"query-input\":{\"@type\":\"PropertyValueSpecification\",\"valueRequired\":true,\"valueName\":\"search_term_string\"}}],\"inLanguage\":\"de\"}]}<\/script>\n<!-- \/ Yoast SEO plugin. -->","yoast_head_json":{"title":"Glaswerkzeuge - F&uuml;ldner","robots":{"index":"index","follow":"follow","max-snippet":"max-snippet:-1","max-image-preview":"max-image-preview:large","max-video-preview":"max-video-preview:-1"},"canonical":"https:\/\/fuldner.nl\/de\/service\/glaswerkzeuge\/","og_locale":"de_DE","og_type":"article","og_title":"Glaswerkzeuge - F&uuml;ldner","og_url":"https:\/\/fuldner.nl\/de\/service\/glaswerkzeuge\/","og_site_name":"F&uuml;ldner","article_modified_time":"2026-03-02T11:38:17+00:00","twitter_card":"summary_large_image","twitter_misc":{"Gesch\u00e4tzte Lesezeit":"2\u00a0Minuten"},"schema":{"@context":"https:\/\/schema.org","@graph":[{"@type":"WebPage","@id":"https:\/\/fuldner.nl\/de\/service\/glaswerkzeuge\/","url":"https:\/\/fuldner.nl\/de\/service\/glaswerkzeuge\/","name":"Glaswerkzeuge - F&uuml;ldner","isPartOf":{"@id":"https:\/\/fuldner.nl\/de\/#website"},"datePublished":"2021-05-27T12:40:29+00:00","dateModified":"2026-03-02T11:38:17+00:00","breadcrumb":{"@id":"https:\/\/fuldner.nl\/de\/service\/glaswerkzeuge\/#breadcrumb"},"inLanguage":"de","potentialAction":[{"@type":"ReadAction","target":["https:\/\/fuldner.nl\/de\/service\/glaswerkzeuge\/"]}]},{"@type":"BreadcrumbList","@id":"https:\/\/fuldner.nl\/de\/service\/glaswerkzeuge\/#breadcrumb","itemListElement":[{"@type":"ListItem","position":1,"name":"Home","item":"https:\/\/fuldner.nl\/de\/"},{"@type":"ListItem","position":2,"name":"Service","item":"https:\/\/fuldner.nl\/de\/service\/"},{"@type":"ListItem","position":3,"name":"Glaswerkzeuge"}]},{"@type":"WebSite","@id":"https:\/\/fuldner.nl\/de\/#website","url":"https:\/\/fuldner.nl\/de\/","name":"F&uuml;ldner","description":"","potentialAction":[{"@type":"SearchAction","target":{"@type":"EntryPoint","urlTemplate":"https:\/\/fuldner.nl\/de\/?s={search_term_string}"},"query-input":{"@type":"PropertyValueSpecification","valueRequired":true,"valueName":"search_term_string"}}],"inLanguage":"de"}]}},"_links":{"self":[{"href":"https:\/\/fuldner.nl\/de\/wp-json\/wp\/v2\/pages\/8269","targetHints":{"allow":["GET"]}}],"collection":[{"href":"https:\/\/fuldner.nl\/de\/wp-json\/wp\/v2\/pages"}],"about":[{"href":"https:\/\/fuldner.nl\/de\/wp-json\/wp\/v2\/types\/page"}],"author":[{"embeddable":true,"href":"https:\/\/fuldner.nl\/de\/wp-json\/wp\/v2\/users\/1"}],"replies":[{"embeddable":true,"href":"https:\/\/fuldner.nl\/de\/wp-json\/wp\/v2\/comments?post=8269"}],"version-history":[{"count":7,"href":"https:\/\/fuldner.nl\/de\/wp-json\/wp\/v2\/pages\/8269\/revisions"}],"predecessor-version":[{"id":10722,"href":"https:\/\/fuldner.nl\/de\/wp-json\/wp\/v2\/pages\/8269\/revisions\/10722"}],"up":[{"embeddable":true,"href":"https:\/\/fuldner.nl\/de\/wp-json\/wp\/v2\/pages\/8258"}],"wp:attachment":[{"href":"https:\/\/fuldner.nl\/de\/wp-json\/wp\/v2\/media?parent=8269"}],"curies":[{"name":"wp","href":"https:\/\/api.w.org\/{rel}","templated":true}]}}