{"id":8309,"date":"2021-05-27T15:05:26","date_gmt":"2021-05-27T13:05:26","guid":{"rendered":"https:\/\/fuldner.nl\/?page_id=8309"},"modified":"2026-04-02T10:44:05","modified_gmt":"2026-04-02T08:44:05","slug":"fueldner-maschinen-service","status":"publish","type":"page","link":"https:\/\/fuldner.nl\/de\/fuldner-maschinen-service\/fueldner-maschinen-service\/","title":{"rendered":"Fueldner Maschinen Service"},"content":{"rendered":"<section class=\"l-section wpb_row us_custom_30273639 has_text_color height_medium\"><div class=\"l-section-overlay\" style=\"background:#f4f4f4\"><\/div><div class=\"l-section-h i-cf\"><div class=\"g-cols vc_row via_flex valign_top type_default stacking_default\"><div class=\"vc_col-sm-12 wpb_column vc_column_container\"><div class=\"vc_column-inner\"><div class=\"wpb_wrapper\"><nav class=\"g-breadcrumbs us_custom_3b722593 has_text_color separator_custom align_right\" itemscope itemtype=\"http:\/\/schema.org\/BreadcrumbList\"><div class=\"g-breadcrumbs-item\" itemscope itemprop=\"itemListElement\" itemtype=\"http:\/\/schema.org\/ListItem\"><a itemprop=\"item\" href=\"https:\/\/fuldner.nl\/de\/\"><span itemprop=\"name\">Start<\/span><\/a><meta itemprop=\"position\" content=\"1\"\/><\/div><div class=\"g-breadcrumbs-separator\">\/<\/div><div class=\"g-breadcrumbs-item\">Seiten<\/div><\/nav><\/div><\/div><\/div><\/div><\/div><\/section><section class=\"l-section wpb_row mc-arrow-green height_medium with_img\"><div class=\"l-section-img\" role=\"img\" aria-label=\"Bild\" data-img-width=\"900\" data-img-height=\"400\" style=\"background-image: url(https:\/\/fuldner.nl\/wp-content\/uploads\/2021\/05\/glass.png);background-position: center right;background-size: contain;\"><\/div><div class=\"l-section-overlay\" style=\"background:#73c536\"><\/div><div class=\"l-section-h i-cf\"><div class=\"g-cols vc_row via_flex valign_top type_default stacking_default\"><div class=\"vc_col-sm-12 wpb_column vc_column_container\"><div class=\"vc_column-inner\"><div class=\"wpb_wrapper\"><div class=\"wpb_text_column mc-header-detail\"><div class=\"wpb_wrapper\"><h1>F\u00fcldner Maschinen &amp; Service<\/h1>\n<\/div><\/div><\/div><\/div><\/div><\/div><\/div><\/section><section class=\"l-section wpb_row height_medium\"><div class=\"l-section-h i-cf\"><div class=\"g-cols vc_row via_flex valign_top type_default stacking_default\"><div class=\"vc_col-sm-6 wpb_column vc_column_container\"><div class=\"vc_column-inner\"><div class=\"wpb_wrapper\"><div class=\"wpb_text_column\"><div class=\"wpb_wrapper\"><p>F\u00fcldner, ist der f\u00fchrende Spezialist in der Europ\u00e4ischen, zuverl\u00e4ssige, hochwertige Maschinen f\u00fcr die Verarbeitung von Glas. Mit mehr als 30 Jahren Erfahrung in der Glasindustrie. Wir liefern Ihnen die beste Maschinen dank unserer kompetenten Beratung.<\/p>\n<p>Dank unserer langj\u00e4hrigen Erfahrung mit verschiedenen Unternehmen \u2013 von kleinen Glasarbeitern bis zu gro\u00dfen Industrieunternehmen \u2013 kennen wir die Glasindustrie wie keine andere. Wir fokussieren uns auf Ihren spezifischen Produktionsprozess und bieten Ihnen eine ma\u00dfgeschneiderte L\u00f6sung. Mit Ratschl\u00e4gen, wie Sie Ihren Produktionsprozess und Ihre Logistik zu geringen Kosten verbessern k\u00f6nnen.<\/p>\n<p>Die Glasindustrie steht nie still: der Markt, die W\u00fcnsche Ihrer Kunden und die technologischen M\u00f6glichkeiten \u00e4ndern sich st\u00e4ndig. Deshalb schauen wir immer nach vorne bei F\u00fcldner. F\u00fcldner ist transparent, kompetent, innovativ und proaktiv. Das macht den Unterschied f\u00fcr Ihr Unternehmen!<\/p>\n<\/div><\/div><\/div><\/div><\/div><div class=\"vc_col-sm-6 wpb_column vc_column_container mc-over-list\"><div class=\"vc_column-inner\"><div class=\"wpb_wrapper\"><div class=\"wpb_text_column\"><div class=\"wpb_wrapper\"><h2>Spezialist in Maschinen f\u00fcr die Verarbeitung von Glas<\/h2>\n<\/div><\/div><div class=\"w-iconbox us_custom_fc59b397 has_text_color iconpos_left style_default color_custom align_left no_text\"><div class=\"w-iconbox-icon\" style=\"font-size:18px;--icon-color:#333333;\"><i class=\"fas fa-long-arrow-alt-right\"><\/i><\/div><div class=\"w-iconbox-meta\"><p class=\"w-iconbox-title\" style=\"font-size:17px;\">Europ\u00e4ische, zuverl\u00e4ssige, hochwertige Maschinen f\u00fcr die Verarbeitung von Glas.<\/p><\/div><\/div><div class=\"w-iconbox us_custom_fc59b397 has_text_color iconpos_left style_default color_custom align_left no_text\"><div class=\"w-iconbox-icon\" style=\"font-size:18px;--icon-color:#333333;\"><i class=\"fas fa-long-arrow-alt-right\"><\/i><\/div><div class=\"w-iconbox-meta\"><p class=\"w-iconbox-title\" style=\"font-size:17px;\">Unabh\u00e4ngiger Spezialist, nicht gebunden an eine Maschinenmarke<\/p><\/div><\/div><div class=\"w-iconbox us_custom_fc59b397 has_text_color iconpos_left style_default color_custom align_left no_text\"><div class=\"w-iconbox-icon\" style=\"font-size:18px;--icon-color:#333333;\"><i class=\"fas fa-long-arrow-alt-right\"><\/i><\/div><div class=\"w-iconbox-meta\"><p class=\"w-iconbox-title\" style=\"font-size:17px;\">Ma\u00dfgeschneidert: optimalste Konfiguration f\u00fcr Ihre spezifische Situation<\/p><\/div><\/div><div class=\"w-iconbox us_custom_fc59b397 has_text_color iconpos_left style_default color_custom align_left no_text\"><div class=\"w-iconbox-icon\" style=\"font-size:18px;--icon-color:#333333;\"><i class=\"fas fa-long-arrow-alt-right\"><\/i><\/div><div class=\"w-iconbox-meta\"><p class=\"w-iconbox-title\" style=\"font-size:17px;\">Transparent, kompetent, innovativ und proaktiv<\/p><\/div><\/div><div class=\"w-iconbox us_custom_95ebd667 has_text_color iconpos_left style_default color_custom align_left no_text\"><div class=\"w-iconbox-icon\" style=\"font-size:18px;--icon-color:#333333;\"><i class=\"fas fa-long-arrow-alt-right\"><\/i><\/div><div class=\"w-iconbox-meta\"><p class=\"w-iconbox-title\" style=\"font-size:17px;\">Hohe-Qualit\u00e4t Produkte kombiniert mit den besten Service<\/p><\/div><\/div><div class=\"w-btn-wrapper align_none\"><a class=\"w-btn us-btn-style_1 us_custom_0f8f44b7\" title=\"Kontakt\" href=\"\/de\/kontakt\/\"><span class=\"w-btn-label\">Sehen Sie unsere Maschinen an<\/span><\/a><\/div><\/div><\/div><\/div><\/div><\/div><\/section><section class=\"l-section wpb_row mc-team-bg height_medium\"><div class=\"l-section-h i-cf\"><div class=\"g-cols vc_row via_flex valign_top type_default stacking_default\"><div class=\"vc_col-sm-12 wpb_column vc_column_container\"><div class=\"vc_column-inner\"><div class=\"wpb_wrapper\"><div class=\"w-image align_none\"><div class=\"w-image-h\"><img decoding=\"async\" width=\"2560\" height=\"748\" src=\"https:\/\/fuldner.nl\/wp-content\/uploads\/2025\/06\/Groep-nieuw-2025-scaled.jpg\" class=\"attachment-full size-full\" alt=\"\" loading=\"lazy\" srcset=\"https:\/\/fuldner.nl\/wp-content\/uploads\/2025\/06\/Groep-nieuw-2025-scaled.jpg 2560w, https:\/\/fuldner.nl\/wp-content\/uploads\/2025\/06\/Groep-nieuw-2025-300x88.jpg 300w, https:\/\/fuldner.nl\/wp-content\/uploads\/2025\/06\/Groep-nieuw-2025-1024x299.jpg 1024w, https:\/\/fuldner.nl\/wp-content\/uploads\/2025\/06\/Groep-nieuw-2025-120x35.jpg 120w\" sizes=\"auto, (max-width: 2560px) 100vw, 2560px\" \/><\/div><\/div><div class=\"g-cols wpb_row us_custom_69cca76a via_flex valign_top type_default stacking_default\"><div class=\"vc_col-sm-12 wpb_column vc_column_container\"><div class=\"vc_column-inner\"><div class=\"wpb_wrapper\"><div class=\"wpb_text_column us_custom_eb849559\"><div class=\"wpb_wrapper\"><h3>Neugierig, Wie wir Ihre Produktionprozesse intelligenter organisieren und auf eine h\u00f6here ebene bringen k\u00f6nnen?<\/h3>\n<\/div><\/div><div class=\"w-btn-wrapper align_center\"><a class=\"w-btn us-btn-style_2\" href=\"\/de\/service\/\"><span class=\"w-btn-label\">Kontaktieren Sie uns!<\/span><\/a><\/div><\/div><\/div><\/div><\/div><\/div><\/div><\/div><\/div><\/div><\/section><section class=\"l-section wpb_row height_medium\"><div class=\"l-section-h i-cf\"><div class=\"g-cols vc_row via_flex valign_top type_default stacking_default\"><div class=\"vc_col-sm-12 wpb_column vc_column_container\"><div class=\"vc_column-inner\"><div class=\"wpb_wrapper\"><div class=\"g-cols wpb_row via_flex valign_top type_default stacking_default\"><div class=\"vc_col-sm-4 wpb_column vc_column_container\"><div class=\"vc_column-inner\"><div class=\"wpb_wrapper\"><div class=\"w-image us_custom_f8c3662a has_ratio align_none\"><div class=\"w-image-h\"><div style=\"padding-bottom:75%\"><\/div><img decoding=\"async\" width=\"1024\" height=\"682\" src=\"https:\/\/fuldner.nl\/wp-content\/uploads\/2024\/12\/Dyon-zw-1024x682.jpg\" class=\"attachment-large size-large\" alt=\"\" loading=\"lazy\" \/><\/div><\/div><div class=\"wpb_text_column us_custom_1b04de86 mc-employee-info\"><div class=\"wpb_wrapper\"><p><strong>Dyon Stassen<\/strong><br \/>\n<span style=\"color: #73c536;\">Managing Director &#8211; Owner<\/span><\/p>\n<p>M +31 (0)6 109 064 42<br \/>\nT +31 (0)45 20 80 861<\/p>\n<p><a href=\"mailto:dyon.stassen@fuldner.nl\">dyon.stassen@fuldner.nl<\/a><\/p>\n<\/div><\/div><\/div><\/div><\/div><div class=\"vc_col-sm-4 wpb_column vc_column_container\"><div class=\"vc_column-inner\"><div class=\"wpb_wrapper\"><div class=\"w-image us_custom_f8c3662a has_ratio align_none\"><div class=\"w-image-h\"><div style=\"padding-bottom:75%\"><\/div><img decoding=\"async\" width=\"1024\" height=\"682\" src=\"https:\/\/fuldner.nl\/wp-content\/uploads\/2025\/07\/Gust-1024x682.jpg\" class=\"attachment-large size-large\" alt=\"\" loading=\"lazy\" \/><\/div><\/div><div class=\"wpb_text_column us_custom_1b04de86 mc-employee-info\"><div class=\"wpb_wrapper\"><p><strong>Gust Verbruggen<\/strong><br \/>\n<span style=\"color: #73c536;\">Strategic Advisor<\/span><\/p>\n<p>M +31 (0)6 836 687 93<\/p>\n<p><a href=\"mailto:gust.verbruggen@fuldner.nl\">gust.verbruggen@fuldner.nl<\/a><\/p>\n<\/div><\/div><\/div><\/div><\/div><div class=\"vc_col-sm-4 wpb_column vc_column_container\"><div class=\"vc_column-inner\"><div class=\"wpb_wrapper\"><\/div><\/div><\/div><\/div><div class=\"g-cols wpb_row via_flex valign_top type_default stacking_default\"><div class=\"vc_col-sm-4 wpb_column vc_column_container\"><div class=\"vc_column-inner\"><div class=\"wpb_wrapper\"><div class=\"w-image us_custom_f8c3662a has_ratio align_none\"><div class=\"w-image-h\"><div style=\"padding-bottom:75%\"><\/div><img decoding=\"async\" width=\"1024\" height=\"683\" src=\"https:\/\/fuldner.nl\/wp-content\/uploads\/2024\/12\/Fred-1024x683.jpg\" class=\"attachment-large size-large\" alt=\"\" loading=\"lazy\" \/><\/div><\/div><div class=\"wpb_text_column us_custom_1b04de86 mc-employee-info\"><div class=\"wpb_wrapper\"><p><strong>Fred Albers<\/strong><br \/>\n<span style=\"color: #73c536;\">Area Sales Manager Machines DACH<\/span><\/p>\n<p>M +31 (0)6 213 516 24<br \/>\nT +31 (0)45 20 80 865<\/p>\n<p><a href=\"mailto:fred.albers@fuldner.nl\">fred.albers@fuldner.nl<\/a><\/p>\n<\/div><\/div><\/div><\/div><\/div><div class=\"vc_col-sm-4 wpb_column vc_column_container\"><div class=\"vc_column-inner\"><div class=\"wpb_wrapper\"><div class=\"w-image us_custom_f8c3662a has_ratio align_none\"><div class=\"w-image-h\"><div style=\"padding-bottom:75%\"><\/div><img decoding=\"async\" width=\"1024\" height=\"682\" src=\"https:\/\/fuldner.nl\/wp-content\/uploads\/2024\/12\/Bart-zw-1024x682.jpg\" class=\"attachment-large size-large\" alt=\"\" loading=\"lazy\" \/><\/div><\/div><div class=\"wpb_text_column us_custom_1b04de86 mc-employee-info\"><div class=\"wpb_wrapper\"><p><strong>Bart Helwegen<\/strong><br \/>\n<span style=\"color: #73c536;\">Area Sales Manager Machines Benelux &amp; Sales Manager Tools<\/span><\/p>\n<p>M +31 (0)6 212 246 47<br \/>\nT +31 (0)45 20 80 862<\/p>\n<p><a href=\"mailto:bart.helwegen@fuldner.nl\">bart.helwegen@fuldner.nl<\/a><\/p>\n<\/div><\/div><\/div><\/div><\/div><\/div><div class=\"g-cols wpb_row us_custom_3188818e via_flex valign_top type_default stacking_default\"><div class=\"vc_col-sm-4 wpb_column vc_column_container\"><div class=\"vc_column-inner\"><div class=\"wpb_wrapper\"><div class=\"w-image us_custom_f8c3662a has_ratio align_none\"><div class=\"w-image-h\"><div style=\"padding-bottom:75%\"><\/div><img decoding=\"async\" width=\"1024\" height=\"621\" src=\"https:\/\/fuldner.nl\/wp-content\/uploads\/2024\/12\/Marcel-1024x621.jpg\" class=\"attachment-large size-large\" alt=\"\" loading=\"lazy\" \/><\/div><\/div><div class=\"wpb_text_column us_custom_1b04de86 mc-employee-info\"><div class=\"wpb_wrapper\"><p><strong>Marcel Smeets<\/strong><br \/>\n<span style=\"color: #73c536;\">Aftersales Manager<\/span><\/p>\n<p>M +31 (0)6 546 534 36<br \/>\nT +31 (0)45 20 80 866<\/p>\n<p><a href=\"mailto:marcel.smeets@fuldner.nl\">marcel.smeets@fuldner.nl<\/a><\/p>\n<\/div><\/div><\/div><\/div><\/div><div class=\"vc_col-sm-4 wpb_column vc_column_container\"><div class=\"vc_column-inner\"><div class=\"wpb_wrapper\"><div class=\"w-image us_custom_f8c3662a has_ratio align_none\"><div class=\"w-image-h\"><div style=\"padding-bottom:75%\"><\/div><img decoding=\"async\" width=\"1024\" height=\"683\" src=\"https:\/\/fuldner.nl\/wp-content\/uploads\/2024\/12\/Ryszard-1024x683.jpg\" class=\"attachment-large size-large\" alt=\"\" loading=\"lazy\" \/><\/div><\/div><div class=\"wpb_text_column us_custom_1b04de86 mc-employee-info\"><div class=\"wpb_wrapper\"><p><strong>Ryszard Frankowski<\/strong><br \/>\n<span style=\"color: #73c536;\"> Servicetechniker <\/span><\/p>\n<p>T +31 (0)45 521 77 57<\/p>\n<p><a href=\"mailto:info@fuldner.nl\">info@fuldner.nl<\/a><\/p>\n<\/div><\/div><\/div><\/div><\/div><div class=\"vc_col-sm-4 wpb_column vc_column_container\"><div class=\"vc_column-inner\"><div class=\"wpb_wrapper\"><div class=\"w-image us_custom_f8c3662a has_ratio align_none\"><div class=\"w-image-h\"><div style=\"padding-bottom:75%\"><\/div><img decoding=\"async\" width=\"1024\" height=\"683\" src=\"https:\/\/fuldner.nl\/wp-content\/uploads\/2024\/12\/Guy-1024x683.jpg\" class=\"attachment-large size-large\" alt=\"\" loading=\"lazy\" \/><\/div><\/div><div class=\"wpb_text_column us_custom_1b04de86 mc-employee-info\"><div class=\"wpb_wrapper\"><p><strong>Guy Kerssemeekers<\/strong><br \/>\n<span style=\"color: #73c536;\"> Servicetechniker <\/span><\/p>\n<p>T +31 (0)45 521 77 57<\/p>\n<p><a href=\"mailto:info@fuldner.nl\">info@fuldner.nl<\/a><\/p>\n<\/div><\/div><\/div><\/div><\/div><\/div><div class=\"g-cols wpb_row us_custom_0f8f44b7 via_flex valign_top type_default stacking_default\"><div class=\"vc_col-sm-4 wpb_column vc_column_container\"><div class=\"vc_column-inner\"><div class=\"wpb_wrapper\"><div class=\"w-image us_custom_f8c3662a has_ratio align_none\"><div class=\"w-image-h\"><div style=\"padding-bottom:75%\"><\/div><img decoding=\"async\" width=\"1024\" height=\"682\" src=\"https:\/\/fuldner.nl\/wp-content\/uploads\/2024\/12\/Ron-zw-1024x682.jpg\" class=\"attachment-large size-large\" alt=\"\" loading=\"lazy\" \/><\/div><\/div><div class=\"wpb_text_column us_custom_1b04de86 mc-employee-info\"><div class=\"wpb_wrapper\"><p><strong>Ron Keeren<\/strong><br \/>\n<span style=\"color: #73c536;\"> Servicetechniker <\/span><\/p>\n<p>T +31 (0)45 521 77 57<\/p>\n<p><a href=\"mailto:info@fuldner.nl\">info@fuldner.nl<\/a><\/p>\n<\/div><\/div><\/div><\/div><\/div><div class=\"vc_col-sm-4 wpb_column vc_column_container\"><div class=\"vc_column-inner\"><div class=\"wpb_wrapper\"><div class=\"w-image us_custom_f8c3662a has_ratio align_none\"><div class=\"w-image-h\"><div style=\"padding-bottom:75%\"><\/div><img decoding=\"async\" width=\"1024\" height=\"682\" src=\"https:\/\/fuldner.nl\/wp-content\/uploads\/2024\/12\/Zenon-zw-1024x682.jpg\" class=\"attachment-large size-large\" alt=\"\" loading=\"lazy\" \/><\/div><\/div><div class=\"wpb_text_column us_custom_1b04de86 mc-employee-info\"><div class=\"wpb_wrapper\"><p><strong>Zenon Hess<\/strong><br \/>\n<span style=\"color: #73c536;\"> Lagerleiter<\/span><\/p>\n<p>T +31 (0)45 521 77 57<\/p>\n<p><a href=\"mailto:info@fuldner.nl\">info@fuldner.nl<\/a><\/p>\n<\/div><\/div><\/div><\/div><\/div><\/div><div class=\"g-cols wpb_row us_custom_0f8f44b7 via_flex valign_top type_default stacking_default\"><div class=\"vc_col-sm-4 wpb_column vc_column_container\"><div class=\"vc_column-inner\"><div class=\"wpb_wrapper\"><div class=\"w-image us_custom_f8c3662a has_ratio align_none\"><div class=\"w-image-h\"><div style=\"padding-bottom:75%\"><\/div><img decoding=\"async\" width=\"1024\" height=\"683\" src=\"https:\/\/fuldner.nl\/wp-content\/uploads\/2024\/12\/Sabine-1024x683.jpg\" class=\"attachment-large size-large\" alt=\"\" loading=\"lazy\" \/><\/div><\/div><div class=\"wpb_text_column us_custom_1b04de86 mc-employee-info\"><div class=\"wpb_wrapper\"><p><strong>Sabine Martinez<\/strong><br \/>\n<span style=\"color: #73c536;\"> Verkaufsunterst\u00fctzung <\/span><\/p>\n<p>T +31 (0)45 20 80 860<\/p>\n<p><a href=\"mailto:sabine.martinez@fuldner.nl\">sabine.martinez@fuldner.nl<\/a><\/p>\n<\/div><\/div><\/div><\/div><\/div><div class=\"vc_col-sm-4 wpb_column vc_column_container\"><div class=\"vc_column-inner\"><div class=\"wpb_wrapper\"><div class=\"w-image us_custom_f8c3662a has_ratio align_none\"><div class=\"w-image-h\"><div style=\"padding-bottom:75%\"><\/div><img decoding=\"async\" width=\"1024\" height=\"683\" src=\"https:\/\/fuldner.nl\/wp-content\/uploads\/2024\/12\/Shirley-1024x683.jpg\" class=\"attachment-large size-large\" alt=\"\" loading=\"lazy\" \/><\/div><\/div><div class=\"wpb_text_column us_custom_1b04de86 mc-employee-info\"><div class=\"wpb_wrapper\"><p><strong>Shirley Rademakers<\/strong><br \/>\n<span style=\"color: #73c536;\"> Verkaufsunterst\u00fctzung <\/span><\/p>\n<p>T +31 (0)45 20 80 867<\/p>\n<p><a href=\"mailto:shirley.rademakers@fuldner.nl\">shirley.rademakers@fuldner.nl<\/a><\/p>\n<\/div><\/div><\/div><\/div><\/div><div class=\"vc_col-sm-4 wpb_column vc_column_container\"><div class=\"vc_column-inner\"><div class=\"wpb_wrapper\"><\/div><\/div><\/div><\/div><\/div><\/div><\/div><\/div><\/div><\/section><section class=\"l-section wpb_row height_medium\"><div class=\"l-section-h i-cf\"><div class=\"g-cols vc_row via_flex valign_top type_default stacking_default\"><div class=\"vc_col-sm-12 wpb_column vc_column_container\"><div class=\"vc_column-inner\"><div class=\"wpb_wrapper\"><\/div><\/div><\/div><\/div><\/div><\/section>\n","protected":false},"excerpt":{"rendered":"Start\/SeitenF\u00fcldner Maschinen &amp; Service F\u00fcldner, ist der f\u00fchrende Spezialist in der Europ\u00e4ischen, zuverl\u00e4ssige, hochwertige Maschinen f\u00fcr die Verarbeitung von Glas. Mit mehr als 30 Jahren Erfahrung in der Glasindustrie. Wir liefern Ihnen die beste Maschinen dank unserer kompetenten Beratung. Dank unserer langj\u00e4hrigen Erfahrung mit verschiedenen Unternehmen \u2013 von kleinen Glasarbeitern bis zu gro\u00dfen Industrieunternehmen \u2013...","protected":false},"author":1,"featured_media":0,"parent":8707,"menu_order":0,"comment_status":"closed","ping_status":"closed","template":"","meta":{"_acf_changed":false,"footnotes":""},"class_list":["post-8309","page","type-page","status-publish","hentry"],"acf":[],"yoast_head":"<!-- This site is optimized with the Yoast SEO plugin v27.2 - https:\/\/yoast.com\/product\/yoast-seo-wordpress\/ -->\n<title>Fueldner Maschinen Service - F&uuml;ldner<\/title>\n<meta name=\"robots\" content=\"index, follow, max-snippet:-1, max-image-preview:large, max-video-preview:-1\" \/>\n<link rel=\"canonical\" href=\"https:\/\/fuldner.nl\/de\/fuldner-maschinen-service\/fueldner-maschinen-service\/\" \/>\n<meta property=\"og:locale\" content=\"de_DE\" \/>\n<meta property=\"og:type\" content=\"article\" \/>\n<meta property=\"og:title\" content=\"Fueldner Maschinen Service - F&uuml;ldner\" \/>\n<meta property=\"og:url\" content=\"https:\/\/fuldner.nl\/de\/fuldner-maschinen-service\/fueldner-maschinen-service\/\" \/>\n<meta property=\"og:site_name\" content=\"F&uuml;ldner\" \/>\n<meta property=\"article:modified_time\" content=\"2026-04-02T08:44:05+00:00\" \/>\n<meta name=\"twitter:card\" content=\"summary_large_image\" \/>\n<meta name=\"twitter:label1\" content=\"Gesch\u00e4tzte Lesezeit\" \/>\n\t<meta name=\"twitter:data1\" content=\"3\u00a0Minuten\" \/>\n<script type=\"application\/ld+json\" class=\"yoast-schema-graph\">{\"@context\":\"https:\/\/schema.org\",\"@graph\":[{\"@type\":\"WebPage\",\"@id\":\"https:\/\/fuldner.nl\/de\/fuldner-maschinen-service\/fueldner-maschinen-service\/\",\"url\":\"https:\/\/fuldner.nl\/de\/fuldner-maschinen-service\/fueldner-maschinen-service\/\",\"name\":\"Fueldner Maschinen Service - F&uuml;ldner\",\"isPartOf\":{\"@id\":\"https:\/\/fuldner.nl\/de\/#website\"},\"datePublished\":\"2021-05-27T13:05:26+00:00\",\"dateModified\":\"2026-04-02T08:44:05+00:00\",\"breadcrumb\":{\"@id\":\"https:\/\/fuldner.nl\/de\/fuldner-maschinen-service\/fueldner-maschinen-service\/#breadcrumb\"},\"inLanguage\":\"de\",\"potentialAction\":[{\"@type\":\"ReadAction\",\"target\":[\"https:\/\/fuldner.nl\/de\/fuldner-maschinen-service\/fueldner-maschinen-service\/\"]}]},{\"@type\":\"BreadcrumbList\",\"@id\":\"https:\/\/fuldner.nl\/de\/fuldner-maschinen-service\/fueldner-maschinen-service\/#breadcrumb\",\"itemListElement\":[{\"@type\":\"ListItem\",\"position\":1,\"name\":\"Home\",\"item\":\"https:\/\/fuldner.nl\/de\/\"},{\"@type\":\"ListItem\",\"position\":2,\"name\":\"Fuldner Maschinen Service\",\"item\":\"https:\/\/fuldner.nl\/de\/fuldner-maschinen-service\/\"},{\"@type\":\"ListItem\",\"position\":3,\"name\":\"Fueldner Maschinen Service\"}]},{\"@type\":\"WebSite\",\"@id\":\"https:\/\/fuldner.nl\/de\/#website\",\"url\":\"https:\/\/fuldner.nl\/de\/\",\"name\":\"F&uuml;ldner\",\"description\":\"\",\"potentialAction\":[{\"@type\":\"SearchAction\",\"target\":{\"@type\":\"EntryPoint\",\"urlTemplate\":\"https:\/\/fuldner.nl\/de\/?s={search_term_string}\"},\"query-input\":{\"@type\":\"PropertyValueSpecification\",\"valueRequired\":true,\"valueName\":\"search_term_string\"}}],\"inLanguage\":\"de\"}]}<\/script>\n<!-- \/ Yoast SEO plugin. -->","yoast_head_json":{"title":"Fueldner Maschinen Service - F&uuml;ldner","robots":{"index":"index","follow":"follow","max-snippet":"max-snippet:-1","max-image-preview":"max-image-preview:large","max-video-preview":"max-video-preview:-1"},"canonical":"https:\/\/fuldner.nl\/de\/fuldner-maschinen-service\/fueldner-maschinen-service\/","og_locale":"de_DE","og_type":"article","og_title":"Fueldner Maschinen Service - F&uuml;ldner","og_url":"https:\/\/fuldner.nl\/de\/fuldner-maschinen-service\/fueldner-maschinen-service\/","og_site_name":"F&uuml;ldner","article_modified_time":"2026-04-02T08:44:05+00:00","twitter_card":"summary_large_image","twitter_misc":{"Gesch\u00e4tzte Lesezeit":"3\u00a0Minuten"},"schema":{"@context":"https:\/\/schema.org","@graph":[{"@type":"WebPage","@id":"https:\/\/fuldner.nl\/de\/fuldner-maschinen-service\/fueldner-maschinen-service\/","url":"https:\/\/fuldner.nl\/de\/fuldner-maschinen-service\/fueldner-maschinen-service\/","name":"Fueldner Maschinen Service - F&uuml;ldner","isPartOf":{"@id":"https:\/\/fuldner.nl\/de\/#website"},"datePublished":"2021-05-27T13:05:26+00:00","dateModified":"2026-04-02T08:44:05+00:00","breadcrumb":{"@id":"https:\/\/fuldner.nl\/de\/fuldner-maschinen-service\/fueldner-maschinen-service\/#breadcrumb"},"inLanguage":"de","potentialAction":[{"@type":"ReadAction","target":["https:\/\/fuldner.nl\/de\/fuldner-maschinen-service\/fueldner-maschinen-service\/"]}]},{"@type":"BreadcrumbList","@id":"https:\/\/fuldner.nl\/de\/fuldner-maschinen-service\/fueldner-maschinen-service\/#breadcrumb","itemListElement":[{"@type":"ListItem","position":1,"name":"Home","item":"https:\/\/fuldner.nl\/de\/"},{"@type":"ListItem","position":2,"name":"Fuldner Maschinen Service","item":"https:\/\/fuldner.nl\/de\/fuldner-maschinen-service\/"},{"@type":"ListItem","position":3,"name":"Fueldner Maschinen Service"}]},{"@type":"WebSite","@id":"https:\/\/fuldner.nl\/de\/#website","url":"https:\/\/fuldner.nl\/de\/","name":"F&uuml;ldner","description":"","potentialAction":[{"@type":"SearchAction","target":{"@type":"EntryPoint","urlTemplate":"https:\/\/fuldner.nl\/de\/?s={search_term_string}"},"query-input":{"@type":"PropertyValueSpecification","valueRequired":true,"valueName":"search_term_string"}}],"inLanguage":"de"}]}},"_links":{"self":[{"href":"https:\/\/fuldner.nl\/de\/wp-json\/wp\/v2\/pages\/8309","targetHints":{"allow":["GET"]}}],"collection":[{"href":"https:\/\/fuldner.nl\/de\/wp-json\/wp\/v2\/pages"}],"about":[{"href":"https:\/\/fuldner.nl\/de\/wp-json\/wp\/v2\/types\/page"}],"author":[{"embeddable":true,"href":"https:\/\/fuldner.nl\/de\/wp-json\/wp\/v2\/users\/1"}],"replies":[{"embeddable":true,"href":"https:\/\/fuldner.nl\/de\/wp-json\/wp\/v2\/comments?post=8309"}],"version-history":[{"count":22,"href":"https:\/\/fuldner.nl\/de\/wp-json\/wp\/v2\/pages\/8309\/revisions"}],"predecessor-version":[{"id":10927,"href":"https:\/\/fuldner.nl\/de\/wp-json\/wp\/v2\/pages\/8309\/revisions\/10927"}],"up":[{"embeddable":true,"href":"https:\/\/fuldner.nl\/de\/wp-json\/wp\/v2\/pages\/8707"}],"wp:attachment":[{"href":"https:\/\/fuldner.nl\/de\/wp-json\/wp\/v2\/media?parent=8309"}],"curies":[{"name":"wp","href":"https:\/\/api.w.org\/{rel}","templated":true}]}}