{"id":8311,"date":"2021-05-27T15:06:26","date_gmt":"2021-05-27T13:06:26","guid":{"rendered":"https:\/\/fuldner.nl\/?page_id=8311"},"modified":"2026-04-01T13:28:48","modified_gmt":"2026-04-01T11:28:48","slug":"karriere","status":"publish","type":"page","link":"https:\/\/fuldner.nl\/de\/fuldner-maschinen-service\/karriere\/","title":{"rendered":"Karriere"},"content":{"rendered":"<section class=\"l-section wpb_row us_custom_30273639 has_text_color height_medium\"><div class=\"l-section-overlay\" style=\"background:#f4f4f4\"><\/div><div class=\"l-section-h i-cf\"><div class=\"g-cols vc_row via_flex valign_top type_default stacking_default\"><div class=\"vc_col-sm-12 wpb_column vc_column_container\"><div class=\"vc_column-inner\"><div class=\"wpb_wrapper\"><nav class=\"g-breadcrumbs us_custom_3b722593 has_text_color separator_custom align_right\" itemscope itemtype=\"http:\/\/schema.org\/BreadcrumbList\"><div class=\"g-breadcrumbs-item\" itemscope itemprop=\"itemListElement\" itemtype=\"http:\/\/schema.org\/ListItem\"><a itemprop=\"item\" href=\"https:\/\/fuldner.nl\/de\/\"><span itemprop=\"name\">Start<\/span><\/a><meta itemprop=\"position\" content=\"1\"\/><\/div><div class=\"g-breadcrumbs-separator\">\/<\/div><div class=\"g-breadcrumbs-item\">Seiten<\/div><\/nav><\/div><\/div><\/div><\/div><\/div><\/section><section class=\"l-section wpb_row mc-arrow-green height_medium with_img\"><div class=\"l-section-img\" role=\"img\" aria-label=\"Bild\" data-img-width=\"900\" data-img-height=\"400\" style=\"background-image: url(https:\/\/fuldner.nl\/wp-content\/uploads\/2021\/05\/glass.png);background-position: center right;background-size: contain;\"><\/div><div class=\"l-section-overlay\" style=\"background:#73c536\"><\/div><div class=\"l-section-h i-cf\"><div class=\"g-cols vc_row via_flex valign_top type_default stacking_default\"><div class=\"vc_col-sm-12 wpb_column vc_column_container\"><div class=\"vc_column-inner\"><div class=\"wpb_wrapper\"><div class=\"wpb_text_column mc-header-detail\"><div class=\"wpb_wrapper\"><h1>Karriere<\/h1>\n<\/div><\/div><\/div><\/div><\/div><\/div><\/div><\/section><section class=\"l-section wpb_row height_medium\"><div class=\"l-section-h i-cf\"><div class=\"g-cols vc_row via_flex valign_top type_default stacking_default\"><div class=\"vc_col-sm-6 wpb_column vc_column_container\"><div class=\"vc_column-inner\"><div class=\"wpb_wrapper\"><div class=\"w-image align_none\"><div class=\"w-image-h\"><img decoding=\"async\" width=\"1024\" height=\"683\" src=\"https:\/\/fuldner.nl\/wp-content\/uploads\/2021\/05\/Interactieve-pdf-1024x683.jpeg\" class=\"attachment-large size-large\" alt=\"\" loading=\"lazy\" srcset=\"https:\/\/fuldner.nl\/wp-content\/uploads\/2021\/05\/Interactieve-pdf-1024x683.jpeg 1024w, https:\/\/fuldner.nl\/wp-content\/uploads\/2021\/05\/Interactieve-pdf-300x200.jpeg 300w, https:\/\/fuldner.nl\/wp-content\/uploads\/2021\/05\/Interactieve-pdf.jpeg 1920w\" sizes=\"auto, (max-width: 1024px) 100vw, 1024px\" \/><\/div><\/div><\/div><\/div><\/div><div class=\"vc_col-sm-6 wpb_column vc_column_container mc-over-list\"><div class=\"vc_column-inner\"><div class=\"wpb_wrapper\"><div class=\"wpb_text_column\"><div class=\"wpb_wrapper\"><p>F\u00fcldner Maschines &amp; Service liefert seit fast 30 Jahren europ\u00e4ische Qualit\u00e4tsmaschinen f\u00fcr die Glasverarbeitung. Daher kennen wir die Welt der Glasverarbeitung wie kein andere. Mit ma\u00dfgeschneiderter Beratung und Service bieten wir immer die beste L\u00f6sung. Gemeinsam am Erfolg des Kunden arbeiten. Das machen wir bei F\u00fcldner. M\u00f6chten Sie Teil unseres Teams motivierter Fachkr\u00e4fte sein? Sehen sie sich unsere offenen Stellen an oder <a href=\"mailto:info@fuldner.nl\">senden Sie uns eine Initiativbewerbung<\/a>.<\/p>\n<p><a href=\"https:\/\/fuldner.nl\/de\/vacature\/freie-stelle-account-manager-nord-mitteldeutschland\/\">FREIE STELLE: ACCOUNT MANAGER REGION NORDDEUTSCHLAND<\/a><\/p>\n<\/div><\/div><\/div><\/div><\/div><\/div><\/div><\/section>\n","protected":false},"excerpt":{"rendered":"Start\/SeitenKarriere F\u00fcldner Maschines &amp; Service liefert seit fast 30 Jahren europ\u00e4ische Qualit\u00e4tsmaschinen f\u00fcr die Glasverarbeitung. Daher kennen wir die Welt der Glasverarbeitung wie kein andere. Mit ma\u00dfgeschneiderter Beratung und Service bieten wir immer die beste L\u00f6sung. Gemeinsam am Erfolg des Kunden arbeiten. Das machen wir bei F\u00fcldner. M\u00f6chten Sie Teil unseres Teams motivierter Fachkr\u00e4fte sein?...","protected":false},"author":1,"featured_media":0,"parent":8707,"menu_order":0,"comment_status":"closed","ping_status":"closed","template":"","meta":{"_acf_changed":false,"footnotes":""},"class_list":["post-8311","page","type-page","status-publish","hentry"],"acf":[],"yoast_head":"<!-- This site is optimized with the Yoast SEO plugin v27.2 - https:\/\/yoast.com\/product\/yoast-seo-wordpress\/ -->\n<title>Karriere - F&uuml;ldner<\/title>\n<meta name=\"robots\" content=\"index, follow, max-snippet:-1, max-image-preview:large, max-video-preview:-1\" \/>\n<link rel=\"canonical\" href=\"https:\/\/fuldner.nl\/de\/fuldner-maschinen-service\/karriere\/\" \/>\n<meta property=\"og:locale\" content=\"de_DE\" \/>\n<meta property=\"og:type\" content=\"article\" \/>\n<meta property=\"og:title\" content=\"Karriere - F&uuml;ldner\" \/>\n<meta property=\"og:url\" content=\"https:\/\/fuldner.nl\/de\/fuldner-maschinen-service\/karriere\/\" \/>\n<meta property=\"og:site_name\" content=\"F&uuml;ldner\" \/>\n<meta property=\"article:modified_time\" content=\"2026-04-01T11:28:48+00:00\" \/>\n<meta name=\"twitter:card\" content=\"summary_large_image\" \/>\n<meta name=\"twitter:label1\" content=\"Gesch\u00e4tzte Lesezeit\" \/>\n\t<meta name=\"twitter:data1\" content=\"1\u00a0Minute\" \/>\n<script type=\"application\/ld+json\" class=\"yoast-schema-graph\">{\"@context\":\"https:\/\/schema.org\",\"@graph\":[{\"@type\":\"WebPage\",\"@id\":\"https:\/\/fuldner.nl\/de\/fuldner-maschinen-service\/karriere\/\",\"url\":\"https:\/\/fuldner.nl\/de\/fuldner-maschinen-service\/karriere\/\",\"name\":\"Karriere - F&uuml;ldner\",\"isPartOf\":{\"@id\":\"https:\/\/fuldner.nl\/de\/#website\"},\"datePublished\":\"2021-05-27T13:06:26+00:00\",\"dateModified\":\"2026-04-01T11:28:48+00:00\",\"breadcrumb\":{\"@id\":\"https:\/\/fuldner.nl\/de\/fuldner-maschinen-service\/karriere\/#breadcrumb\"},\"inLanguage\":\"de\",\"potentialAction\":[{\"@type\":\"ReadAction\",\"target\":[\"https:\/\/fuldner.nl\/de\/fuldner-maschinen-service\/karriere\/\"]}]},{\"@type\":\"BreadcrumbList\",\"@id\":\"https:\/\/fuldner.nl\/de\/fuldner-maschinen-service\/karriere\/#breadcrumb\",\"itemListElement\":[{\"@type\":\"ListItem\",\"position\":1,\"name\":\"Home\",\"item\":\"https:\/\/fuldner.nl\/de\/\"},{\"@type\":\"ListItem\",\"position\":2,\"name\":\"Fuldner Maschinen Service\",\"item\":\"https:\/\/fuldner.nl\/de\/fuldner-maschinen-service\/\"},{\"@type\":\"ListItem\",\"position\":3,\"name\":\"Karriere\"}]},{\"@type\":\"WebSite\",\"@id\":\"https:\/\/fuldner.nl\/de\/#website\",\"url\":\"https:\/\/fuldner.nl\/de\/\",\"name\":\"F&uuml;ldner\",\"description\":\"\",\"potentialAction\":[{\"@type\":\"SearchAction\",\"target\":{\"@type\":\"EntryPoint\",\"urlTemplate\":\"https:\/\/fuldner.nl\/de\/?s={search_term_string}\"},\"query-input\":{\"@type\":\"PropertyValueSpecification\",\"valueRequired\":true,\"valueName\":\"search_term_string\"}}],\"inLanguage\":\"de\"}]}<\/script>\n<!-- \/ Yoast SEO plugin. -->","yoast_head_json":{"title":"Karriere - F&uuml;ldner","robots":{"index":"index","follow":"follow","max-snippet":"max-snippet:-1","max-image-preview":"max-image-preview:large","max-video-preview":"max-video-preview:-1"},"canonical":"https:\/\/fuldner.nl\/de\/fuldner-maschinen-service\/karriere\/","og_locale":"de_DE","og_type":"article","og_title":"Karriere - F&uuml;ldner","og_url":"https:\/\/fuldner.nl\/de\/fuldner-maschinen-service\/karriere\/","og_site_name":"F&uuml;ldner","article_modified_time":"2026-04-01T11:28:48+00:00","twitter_card":"summary_large_image","twitter_misc":{"Gesch\u00e4tzte Lesezeit":"1\u00a0Minute"},"schema":{"@context":"https:\/\/schema.org","@graph":[{"@type":"WebPage","@id":"https:\/\/fuldner.nl\/de\/fuldner-maschinen-service\/karriere\/","url":"https:\/\/fuldner.nl\/de\/fuldner-maschinen-service\/karriere\/","name":"Karriere - F&uuml;ldner","isPartOf":{"@id":"https:\/\/fuldner.nl\/de\/#website"},"datePublished":"2021-05-27T13:06:26+00:00","dateModified":"2026-04-01T11:28:48+00:00","breadcrumb":{"@id":"https:\/\/fuldner.nl\/de\/fuldner-maschinen-service\/karriere\/#breadcrumb"},"inLanguage":"de","potentialAction":[{"@type":"ReadAction","target":["https:\/\/fuldner.nl\/de\/fuldner-maschinen-service\/karriere\/"]}]},{"@type":"BreadcrumbList","@id":"https:\/\/fuldner.nl\/de\/fuldner-maschinen-service\/karriere\/#breadcrumb","itemListElement":[{"@type":"ListItem","position":1,"name":"Home","item":"https:\/\/fuldner.nl\/de\/"},{"@type":"ListItem","position":2,"name":"Fuldner Maschinen Service","item":"https:\/\/fuldner.nl\/de\/fuldner-maschinen-service\/"},{"@type":"ListItem","position":3,"name":"Karriere"}]},{"@type":"WebSite","@id":"https:\/\/fuldner.nl\/de\/#website","url":"https:\/\/fuldner.nl\/de\/","name":"F&uuml;ldner","description":"","potentialAction":[{"@type":"SearchAction","target":{"@type":"EntryPoint","urlTemplate":"https:\/\/fuldner.nl\/de\/?s={search_term_string}"},"query-input":{"@type":"PropertyValueSpecification","valueRequired":true,"valueName":"search_term_string"}}],"inLanguage":"de"}]}},"_links":{"self":[{"href":"https:\/\/fuldner.nl\/de\/wp-json\/wp\/v2\/pages\/8311","targetHints":{"allow":["GET"]}}],"collection":[{"href":"https:\/\/fuldner.nl\/de\/wp-json\/wp\/v2\/pages"}],"about":[{"href":"https:\/\/fuldner.nl\/de\/wp-json\/wp\/v2\/types\/page"}],"author":[{"embeddable":true,"href":"https:\/\/fuldner.nl\/de\/wp-json\/wp\/v2\/users\/1"}],"replies":[{"embeddable":true,"href":"https:\/\/fuldner.nl\/de\/wp-json\/wp\/v2\/comments?post=8311"}],"version-history":[{"count":7,"href":"https:\/\/fuldner.nl\/de\/wp-json\/wp\/v2\/pages\/8311\/revisions"}],"predecessor-version":[{"id":10924,"href":"https:\/\/fuldner.nl\/de\/wp-json\/wp\/v2\/pages\/8311\/revisions\/10924"}],"up":[{"embeddable":true,"href":"https:\/\/fuldner.nl\/de\/wp-json\/wp\/v2\/pages\/8707"}],"wp:attachment":[{"href":"https:\/\/fuldner.nl\/de\/wp-json\/wp\/v2\/media?parent=8311"}],"curies":[{"name":"wp","href":"https:\/\/api.w.org\/{rel}","templated":true}]}}