{"id":8638,"date":"2021-06-08T12:33:33","date_gmt":"2021-06-08T10:33:33","guid":{"rendered":"https:\/\/fuldner.nl\/?page_id=8638"},"modified":"2021-06-10T10:50:10","modified_gmt":"2021-06-10T08:50:10","slug":"broschuere-anfordern","status":"publish","type":"page","link":"https:\/\/fuldner.nl\/de\/maschines\/broschuere-anfordern\/","title":{"rendered":"Brosch\u00fcre anfordern"},"content":{"rendered":"<section class=\"l-section wpb_row us_custom_30273639 has_text_color height_medium\"><div class=\"l-section-overlay\" style=\"background:#f4f4f4\"><\/div><div class=\"l-section-h i-cf\"><div class=\"g-cols vc_row via_flex valign_top type_default stacking_default\"><div class=\"vc_col-sm-12 wpb_column vc_column_container\"><div class=\"vc_column-inner\"><div class=\"wpb_wrapper\"><nav class=\"g-breadcrumbs us_custom_3b722593 has_text_color separator_custom align_right\" itemscope itemtype=\"http:\/\/schema.org\/BreadcrumbList\"><div class=\"g-breadcrumbs-item\" itemscope itemprop=\"itemListElement\" itemtype=\"http:\/\/schema.org\/ListItem\"><a itemprop=\"item\" href=\"https:\/\/fuldner.nl\/de\/\"><span itemprop=\"name\">Start<\/span><\/a><meta itemprop=\"position\" content=\"1\"\/><\/div><div class=\"g-breadcrumbs-separator\">\/<\/div><div class=\"g-breadcrumbs-item\">Seiten<\/div><\/nav><\/div><\/div><\/div><\/div><\/div><\/section><section class=\"l-section wpb_row mc-arrow-green height_medium with_img\"><div class=\"l-section-img\" role=\"img\" aria-label=\"Bild\" data-img-width=\"900\" data-img-height=\"400\" style=\"background-image: url(https:\/\/fuldner.nl\/wp-content\/uploads\/2021\/05\/glass.png);background-position: center right;background-size: contain;\"><\/div><div class=\"l-section-overlay\" style=\"background:#73c536\"><\/div><div class=\"l-section-h i-cf\"><div class=\"g-cols vc_row via_flex valign_top type_default stacking_default\"><div class=\"vc_col-sm-12 wpb_column vc_column_container\"><div class=\"vc_column-inner\"><div class=\"wpb_wrapper\"><div class=\"wpb_text_column mc-header-detail\"><div class=\"wpb_wrapper\"><h1>Brosch\u00fcre anfordern<\/h1>\n<\/div><\/div><\/div><\/div><\/div><\/div><\/div><\/section><section class=\"l-section wpb_row height_medium\"><div class=\"l-section-h i-cf\"><div class=\"g-cols vc_row via_flex valign_top type_default stacking_default\"><div class=\"vc_col-sm-8 wpb_column vc_column_container\"><div class=\"vc_column-inner\"><div class=\"wpb_wrapper\"><div class=\"wpb_text_column\"><div class=\"wpb_wrapper\"><div class=\"frm_forms  with_frm_style frm_style_formidable-style\" id=\"frm_form_2_container\" >\n<form enctype=\"multipart\/form-data\" method=\"post\" class=\"frm-show-form  frm_pro_form \" id=\"form_brochureaanvraag\" >\n<div class=\"frm_form_fields \">\n<fieldset>\n<legend class=\"frm_screen_reader\">BROSCH\u00dcRE ANFORDERN<\/legend>\r\n\r\n<div class=\"frm_fields_container\">\n<input type=\"hidden\" name=\"frm_action\" value=\"create\" \/>\n<input type=\"hidden\" name=\"form_id\" value=\"2\" \/>\n<input type=\"hidden\" name=\"frm_hide_fields_2\" id=\"frm_hide_fields_2\" value=\"\" \/>\n<input type=\"hidden\" name=\"form_key\" value=\"brochureaanvraag\" \/>\n<input type=\"hidden\" name=\"item_meta[0]\" value=\"\" \/>\n<input type=\"hidden\" id=\"frm_submit_entry_2\" name=\"frm_submit_entry_2\" value=\"838f6c5421\" \/><input type=\"hidden\" name=\"_wp_http_referer\" value=\"\/de\/wp-json\/wp\/v2\/pages\/8638\" \/><div id=\"frm_field_8_container\" class=\"frm_form_field form-field  frm_required_field frm_top_container\">\r\n    <label for=\"field_s0tu5\" id=\"field_s0tu5_label\" class=\"frm_primary_label\">Name\r\n        <span class=\"frm_required\" aria-hidden=\"true\">*<\/span>\r\n    <\/label>\r\n    <input  type=\"text\" id=\"field_s0tu5\" name=\"item_meta[8]\" value=\"\"  data-reqmsg=\"Dit veld mag niet leeg zijn.\" aria-required=\"true\" data-invmsg=\"Tekst is ongeldig\" aria-invalid=\"false\"   \/>\r\n    \r\n    \r\n<\/div>\n<div id=\"frm_field_9_container\" class=\"frm_form_field form-field  frm_required_field frm_top_container\">\r\n    <label for=\"field_1r08h\" id=\"field_1r08h_label\" class=\"frm_primary_label\">Name der Firma\r\n        <span class=\"frm_required\" aria-hidden=\"true\">*<\/span>\r\n    <\/label>\r\n    <input  type=\"text\" id=\"field_1r08h\" name=\"item_meta[9]\" value=\"\"  data-reqmsg=\"Dit veld mag niet leeg zijn.\" aria-required=\"true\" data-invmsg=\"Tekst is ongeldig\" aria-invalid=\"false\"   \/>\r\n    \r\n    \r\n<\/div>\n<div id=\"frm_field_10_container\" class=\"frm_form_field form-field  frm_required_field frm_top_container\">\r\n    <label for=\"field_eq010\" id=\"field_eq010_label\" class=\"frm_primary_label\">Email\r\n        <span class=\"frm_required\" aria-hidden=\"true\">*<\/span>\r\n    <\/label>\r\n    <input  type=\"text\" id=\"field_eq010\" name=\"item_meta[10]\" value=\"\"  data-reqmsg=\"Dit veld mag niet leeg zijn.\" aria-required=\"true\" data-invmsg=\"Tekst is ongeldig\" aria-invalid=\"false\"   \/>\r\n    \r\n    \r\n<\/div>\n<div id=\"frm_field_26_container\" class=\"frm_form_field form-field  frm_required_field frm_top_container\">\r\n    <label for=\"field_5jhh2\" id=\"field_5jhh2_label\" class=\"frm_primary_label\">Maschinentyp\r\n        <span class=\"frm_required\" aria-hidden=\"true\">*<\/span>\r\n    <\/label>\r\n    \t\t<select name=\"item_meta[26]\" id=\"field_5jhh2\"  data-reqmsg=\"Dit veld mag niet leeg zijn.\" aria-required=\"true\" data-invmsg=\"Maschinentyp ist ung\u00fcltig\" aria-invalid=\"false\"  >\n\t\t<option  value=\"\" selected='selected'> <\/option><option  value=\"Automatisering van de glasbewerking\">Automatisierung \/ Robotisierung<\/option><option  value=\"Dubbelzijdige Slijpmachines\">Doppelseitige Schleifmaschinen<\/option><option  value=\"Facetslijpmachines\">Facettenschleifmaschinen<\/option><option  value=\"Glasrekken en Hefsystemen\">Glasregale und Hebesysteme<\/option><option  value=\"Hardingsovens en Lamineermachines\">Vorspannanlagen und Laminier\u00f6fen<\/option><option  value=\"Horizontale CNC Machines\">Horizontale CNC-Glasbearbeitungszentren<\/option><option  value=\"Kantenslijpmachines\">Kantenschleifmaschinen<\/option><option  value=\"Ronde-Hoekenslijpmachines\">Rundeckenschleifmaschinen<\/option><option  value=\"Smart storage \u2013 Glasopslag \u2013 en Transportsystemen\">Smart storage \u2013 Glasopslag \u2013 en Transportsystemen<\/option><option  value=\"Snijtafels voor float glas\">Schneidetische fuer floatglas<\/option><option  value=\"Snijtafels voor gelaagd glas\">Schneidetische Fuer vsg<\/option><option  value=\"Verticale CNC Machines\">Vertikale CNC- Glasbearbeitungszentren<\/option><option  value=\"Verticale glaszaagmachines\">Vertikale Glass\u00e4ge<\/option><option  value=\"Verticale Wasmachines\">VERTIKALE WASCHMASCHINEN<\/option><option  value=\"Waterstraalsystemen\">Wasserstrahlanlagen<\/option><option  value=\"Waterzuiveringsinstallaties\">Wasseraufbereitung<\/option><option  value=\"Zandstraalmachines\">Sandstrahlmaschinen<\/option>\t<\/select>\n\t\r\n    \r\n    \r\n<\/div>\n<div id=\"frm_field_31_container\" class=\"frm_form_field form-field  frm_top_container\">\r\n    <label for=\"field_v4pl4\" id=\"field_v4pl4_label\" class=\"frm_primary_label\">W\u00fcnschen Sie eine Brosch\u00fcre zu einer bestimmten Maschine? Geben Sie hier den Namen ein:\r\n        <span class=\"frm_required\" aria-hidden=\"true\"><\/span>\r\n    <\/label>\r\n    <input  type=\"text\" id=\"field_v4pl4\" name=\"item_meta[31]\" value=\"\"  data-invmsg=\"Tekst is ongeldig\" aria-invalid=\"false\"   \/>\r\n    \r\n    \r\n<\/div>\n<div id=\"frm_field_66_container\" class=\"frm_form_field form-field  frm_none_container\">\r\n    <label for=\"g-recaptcha-response\" id=\"field_wuvto_label\" class=\"frm_primary_label\">reCAPTCHA\r\n        <span class=\"frm_required\" aria-hidden=\"true\"><\/span>\r\n    <\/label>\r\n    <div  id=\"field_wuvto\" class=\"frm-g-recaptcha\" data-sitekey=\"6Lc_gK0rAAAAAD1wEni5sOmGek7ZG6LsiZ3Xw1ns\" data-size=\"invisible\" data-theme=\"light\"><\/div>\r\n    \r\n    \r\n<\/div>\n\t<input type=\"hidden\" name=\"item_key\" value=\"\" \/>\n\t\t\t<div id=\"frm_field_83_container\">\n\t\t\t<label for=\"field_hz3do\" >\n\t\t\t\tFalls Du menschlich bist, lasse dieses Feld leer.\t\t\t<\/label>\n\t\t\t<input  id=\"field_hz3do\" type=\"text\" class=\"frm_form_field form-field frm_verify\" name=\"item_meta[83]\" value=\"\"  \/>\n\t\t<\/div>\n\t\t<input name=\"frm_state\" type=\"hidden\" value=\"RdyaJVT8ju8AoatWlZq1cBf6kIfrI30935CNwG9xIq13RLY86A\/AYIo+fwRxwxo1vu46SvaXKinUSCeQz\/5Ogg==\" \/><div class=\"frm_submit\">\r\n\r\n<button class=\"frm_button_submit frm_final_submit\" type=\"submit\"  >Anfragen<\/button>\r\n\r\n<\/div><\/div>\n<\/fieldset>\n<\/div>\n\n<\/form>\n<\/div>\n\n<\/div><\/div><\/div><\/div><\/div><div class=\"vc_col-sm-4 wpb_column vc_column_container\"><div class=\"vc_column-inner\"><div class=\"wpb_wrapper\"><\/div><\/div><\/div><\/div><\/div><\/section>\n","protected":false},"excerpt":{"rendered":"Start\/SeitenBrosch\u00fcre anfordern BROSCH\u00dcRE ANFORDERN Name * Name der Firma * Email * Maschinentyp * Automatisierung \/ RobotisierungDoppelseitige SchleifmaschinenFacettenschleifmaschinenGlasregale und HebesystemeVorspannanlagen und Laminier\u00f6fenHorizontale CNC-GlasbearbeitungszentrenKantenschleifmaschinenRundeckenschleifmaschinenSmart storage \u2013 Glasopslag \u2013 en TransportsystemenSchneidetische fuer floatglasSchneidetische Fuer vsgVertikale CNC- GlasbearbeitungszentrenVertikale Glass\u00e4geVERTIKALE WASCHMASCHINENWasserstrahlanlagenWasseraufbereitungSandstrahlmaschinen W\u00fcnschen Sie eine Brosch\u00fcre zu einer bestimmten Maschine? Geben Sie hier den Namen ein: reCAPTCHA Falls Du menschlich...","protected":false},"author":1,"featured_media":0,"parent":8250,"menu_order":0,"comment_status":"closed","ping_status":"closed","template":"","meta":{"_acf_changed":false,"footnotes":""},"class_list":["post-8638","page","type-page","status-publish","hentry"],"acf":[],"yoast_head":"<!-- This site is optimized with the Yoast SEO plugin v27.2 - https:\/\/yoast.com\/product\/yoast-seo-wordpress\/ -->\n<title>Brosch\u00fcre anfordern - F&uuml;ldner<\/title>\n<meta name=\"robots\" content=\"index, follow, max-snippet:-1, max-image-preview:large, max-video-preview:-1\" \/>\n<link rel=\"canonical\" href=\"https:\/\/fuldner.nl\/de\/maschines\/broschuere-anfordern\/\" \/>\n<meta property=\"og:locale\" content=\"de_DE\" \/>\n<meta property=\"og:type\" content=\"article\" \/>\n<meta property=\"og:title\" content=\"Brosch\u00fcre anfordern - F&uuml;ldner\" \/>\n<meta property=\"og:url\" content=\"https:\/\/fuldner.nl\/de\/maschines\/broschuere-anfordern\/\" \/>\n<meta property=\"og:site_name\" content=\"F&uuml;ldner\" \/>\n<meta property=\"article:modified_time\" content=\"2021-06-10T08:50:10+00:00\" \/>\n<meta name=\"twitter:card\" content=\"summary_large_image\" \/>\n<meta name=\"twitter:label1\" content=\"Gesch\u00e4tzte Lesezeit\" \/>\n\t<meta name=\"twitter:data1\" content=\"1\u00a0Minute\" \/>\n<script type=\"application\/ld+json\" class=\"yoast-schema-graph\">{\"@context\":\"https:\/\/schema.org\",\"@graph\":[{\"@type\":\"WebPage\",\"@id\":\"https:\/\/fuldner.nl\/de\/maschines\/broschuere-anfordern\/\",\"url\":\"https:\/\/fuldner.nl\/de\/maschines\/broschuere-anfordern\/\",\"name\":\"Brosch\u00fcre anfordern - F&uuml;ldner\",\"isPartOf\":{\"@id\":\"https:\/\/fuldner.nl\/de\/#website\"},\"datePublished\":\"2021-06-08T10:33:33+00:00\",\"dateModified\":\"2021-06-10T08:50:10+00:00\",\"breadcrumb\":{\"@id\":\"https:\/\/fuldner.nl\/de\/maschines\/broschuere-anfordern\/#breadcrumb\"},\"inLanguage\":\"de\",\"potentialAction\":[{\"@type\":\"ReadAction\",\"target\":[\"https:\/\/fuldner.nl\/de\/maschines\/broschuere-anfordern\/\"]}]},{\"@type\":\"BreadcrumbList\",\"@id\":\"https:\/\/fuldner.nl\/de\/maschines\/broschuere-anfordern\/#breadcrumb\",\"itemListElement\":[{\"@type\":\"ListItem\",\"position\":1,\"name\":\"Home\",\"item\":\"https:\/\/fuldner.nl\/de\/\"},{\"@type\":\"ListItem\",\"position\":2,\"name\":\"Maschinen\",\"item\":\"https:\/\/fuldner.nl\/de\/machines\/\"},{\"@type\":\"ListItem\",\"position\":3,\"name\":\"Brosch\u00fcre anfordern\"}]},{\"@type\":\"WebSite\",\"@id\":\"https:\/\/fuldner.nl\/de\/#website\",\"url\":\"https:\/\/fuldner.nl\/de\/\",\"name\":\"F&uuml;ldner\",\"description\":\"\",\"potentialAction\":[{\"@type\":\"SearchAction\",\"target\":{\"@type\":\"EntryPoint\",\"urlTemplate\":\"https:\/\/fuldner.nl\/de\/?s={search_term_string}\"},\"query-input\":{\"@type\":\"PropertyValueSpecification\",\"valueRequired\":true,\"valueName\":\"search_term_string\"}}],\"inLanguage\":\"de\"}]}<\/script>\n<!-- \/ Yoast SEO plugin. -->","yoast_head_json":{"title":"Brosch\u00fcre anfordern - F&uuml;ldner","robots":{"index":"index","follow":"follow","max-snippet":"max-snippet:-1","max-image-preview":"max-image-preview:large","max-video-preview":"max-video-preview:-1"},"canonical":"https:\/\/fuldner.nl\/de\/maschines\/broschuere-anfordern\/","og_locale":"de_DE","og_type":"article","og_title":"Brosch\u00fcre anfordern - F&uuml;ldner","og_url":"https:\/\/fuldner.nl\/de\/maschines\/broschuere-anfordern\/","og_site_name":"F&uuml;ldner","article_modified_time":"2021-06-10T08:50:10+00:00","twitter_card":"summary_large_image","twitter_misc":{"Gesch\u00e4tzte Lesezeit":"1\u00a0Minute"},"schema":{"@context":"https:\/\/schema.org","@graph":[{"@type":"WebPage","@id":"https:\/\/fuldner.nl\/de\/maschines\/broschuere-anfordern\/","url":"https:\/\/fuldner.nl\/de\/maschines\/broschuere-anfordern\/","name":"Brosch\u00fcre anfordern - F&uuml;ldner","isPartOf":{"@id":"https:\/\/fuldner.nl\/de\/#website"},"datePublished":"2021-06-08T10:33:33+00:00","dateModified":"2021-06-10T08:50:10+00:00","breadcrumb":{"@id":"https:\/\/fuldner.nl\/de\/maschines\/broschuere-anfordern\/#breadcrumb"},"inLanguage":"de","potentialAction":[{"@type":"ReadAction","target":["https:\/\/fuldner.nl\/de\/maschines\/broschuere-anfordern\/"]}]},{"@type":"BreadcrumbList","@id":"https:\/\/fuldner.nl\/de\/maschines\/broschuere-anfordern\/#breadcrumb","itemListElement":[{"@type":"ListItem","position":1,"name":"Home","item":"https:\/\/fuldner.nl\/de\/"},{"@type":"ListItem","position":2,"name":"Maschinen","item":"https:\/\/fuldner.nl\/de\/machines\/"},{"@type":"ListItem","position":3,"name":"Brosch\u00fcre anfordern"}]},{"@type":"WebSite","@id":"https:\/\/fuldner.nl\/de\/#website","url":"https:\/\/fuldner.nl\/de\/","name":"F&uuml;ldner","description":"","potentialAction":[{"@type":"SearchAction","target":{"@type":"EntryPoint","urlTemplate":"https:\/\/fuldner.nl\/de\/?s={search_term_string}"},"query-input":{"@type":"PropertyValueSpecification","valueRequired":true,"valueName":"search_term_string"}}],"inLanguage":"de"}]}},"_links":{"self":[{"href":"https:\/\/fuldner.nl\/de\/wp-json\/wp\/v2\/pages\/8638","targetHints":{"allow":["GET"]}}],"collection":[{"href":"https:\/\/fuldner.nl\/de\/wp-json\/wp\/v2\/pages"}],"about":[{"href":"https:\/\/fuldner.nl\/de\/wp-json\/wp\/v2\/types\/page"}],"author":[{"embeddable":true,"href":"https:\/\/fuldner.nl\/de\/wp-json\/wp\/v2\/users\/1"}],"replies":[{"embeddable":true,"href":"https:\/\/fuldner.nl\/de\/wp-json\/wp\/v2\/comments?post=8638"}],"version-history":[{"count":3,"href":"https:\/\/fuldner.nl\/de\/wp-json\/wp\/v2\/pages\/8638\/revisions"}],"predecessor-version":[{"id":9088,"href":"https:\/\/fuldner.nl\/de\/wp-json\/wp\/v2\/pages\/8638\/revisions\/9088"}],"up":[{"embeddable":true,"href":"https:\/\/fuldner.nl\/de\/wp-json\/wp\/v2\/pages\/8250"}],"wp:attachment":[{"href":"https:\/\/fuldner.nl\/de\/wp-json\/wp\/v2\/media?parent=8638"}],"curies":[{"name":"wp","href":"https:\/\/api.w.org\/{rel}","templated":true}]}}