{"id":8646,"date":"2021-06-08T12:52:46","date_gmt":"2021-06-08T10:52:46","guid":{"rendered":"https:\/\/fuldner.nl\/?page_id=8646"},"modified":"2021-07-08T10:38:20","modified_gmt":"2021-07-08T08:38:20","slug":"glaslagerung-und-glastransport","status":"publish","type":"page","link":"https:\/\/fuldner.nl\/de\/maschines\/neue-maschinen\/glaslagerung-und-glastransport\/","title":{"rendered":"Glaslagerung und Glastransport"},"content":{"rendered":"<section class=\"l-section wpb_row us_custom_30273639 has_text_color height_medium\"><div class=\"l-section-overlay\" style=\"background:#f4f4f4\"><\/div><div class=\"l-section-h i-cf\"><div class=\"g-cols vc_row via_flex valign_top type_default stacking_default\"><div class=\"vc_col-sm-12 wpb_column vc_column_container\"><div class=\"vc_column-inner\"><div class=\"wpb_wrapper\"><nav class=\"g-breadcrumbs us_custom_3b722593 has_text_color separator_custom align_right\" itemscope itemtype=\"http:\/\/schema.org\/BreadcrumbList\"><div class=\"g-breadcrumbs-item\" itemscope itemprop=\"itemListElement\" itemtype=\"http:\/\/schema.org\/ListItem\"><a itemprop=\"item\" href=\"https:\/\/fuldner.nl\/de\/\"><span itemprop=\"name\">Start<\/span><\/a><meta itemprop=\"position\" content=\"1\"\/><\/div><div class=\"g-breadcrumbs-separator\">\/<\/div><div class=\"g-breadcrumbs-item\">Seiten<\/div><\/nav><\/div><\/div><\/div><\/div><\/div><\/section><section class=\"l-section wpb_row mc-arrow-green height_medium with_img\"><div class=\"l-section-img\" role=\"img\" aria-label=\"Bild\" data-img-width=\"900\" data-img-height=\"400\" style=\"background-image: url(https:\/\/fuldner.nl\/wp-content\/uploads\/2021\/05\/glass.png);background-position: center right;background-size: contain;\"><\/div><div class=\"l-section-overlay\" style=\"background:#73c536\"><\/div><div class=\"l-section-h i-cf\"><div class=\"g-cols vc_row via_flex valign_top type_default stacking_default\"><div class=\"vc_col-sm-12 wpb_column vc_column_container\"><div class=\"vc_column-inner\"><div class=\"wpb_wrapper\"><div class=\"wpb_text_column mc-header-detail\"><div class=\"wpb_wrapper\"><h1>Glaslagerung und Glastransport<\/h1>\n<\/div><\/div><div class=\"wpb_text_column us_custom_6df4bc3a has_text_color\"><div class=\"wpb_wrapper\"><p>Glas sicher transportieren, montieren oder lagern? Gemeinsam mit unserem Partner TECNOCAT bieten wir Ihnen gerne eine L\u00f6sung nach Ma\u00df an. Von Systemen f\u00fcr die Lagerung und den Transport von Glasscheiben innerhalb Ihres Unternehmens bis hin zu Montagehilfen wie z.B. kleine Glas-Trolleys, Schwerlast-Vakuumsysteme und \u00dcberkranungen. Des Weiteren bietet unser Schneidetischpartner TUROMAS sogar ein vollautomatisiertes Glaslager (SMART STORAGE) an, welches mit dem Portfolio an Turomas Schneidetischen kombiniert werden kann.<\/p>\n<\/div><\/div><div class=\"w-btn-wrapper align_none\"><a class=\"w-btn us-btn-style_3\" title=\"Brochure aanvragen\" href=\"\/de\/maschines\/broschuere-anfordern\/\"><span class=\"w-btn-label\">Fordern Sie die Brosch\u00fcre an<\/span><\/a><\/div><\/div><\/div><\/div><\/div><\/div><\/section><section class=\"l-section wpb_row height_medium\"><div class=\"l-section-h i-cf\"><div class=\"g-cols vc_row via_flex valign_top type_default stacking_default\"><div class=\"vc_col-sm-12 wpb_column vc_column_container\"><div class=\"vc_column-inner\"><div class=\"wpb_wrapper\"><div class=\"wpb_text_column us_custom_8534f2dd has_text_color\"><div class=\"wpb_wrapper\"><p>Sehen Sie sich unsere Maschine an<\/p>\n<\/div><\/div><div class=\"w-grid us_grid type_grid layout_8390 cols_2 preload_style_spinner\" id=\"us_grid_1\" style=\"--columns:2;--gap:1.5rem;\" data-filterable=\"true\"><style>@media (max-width:600px){#us_grid_1{--columns:1!important}}.layout_8390 .w-grid-item-h{}.layout_8390 .usg_post_image_1{max-height:200px!important;margin-bottom:50px!important}.layout_8390 .usg_post_title_2{color:#666666!important;font-weight:300!important;font-size:25px!important;margin-bottom:15px!important}.layout_8390 .usg_post_taxonomy_1{color:#72C436!important;background:#ffffff!important;border:1 solid #72C436!important}<\/style><div class=\"w-grid-list\">\t<article class=\"w-grid-item size_1x1 post-8371 machine type-machine status-publish has-post-thumbnail hentry machines_categorie-glasopslag-en-transport\" data-id=\"8371\">\r\n\t\t<div class=\"w-grid-item-h\">\r\n\t\t\t\t\t\t<div class=\"w-post-elm post_image usg_post_image_1 has_height\"><a href=\"https:\/\/fuldner.nl\/de\/machine\/smart-storage-glasopslag-en-transportsystemen\/\" aria-label=\"Smart storage \u2013 Glasopslag &#8211; en Transportsystemen\"><img loading=\"lazy\" decoding=\"async\" width=\"300\" height=\"242\" src=\"https:\/\/fuldner.nl\/wp-content\/uploads\/2021\/05\/TUROMAS-almacenamiento-carga-LA-1-1024x683-495x400-1-300x242.jpeg\" class=\"attachment-medium size-medium wp-post-image\" alt=\"\" srcset=\"https:\/\/fuldner.nl\/wp-content\/uploads\/2021\/05\/TUROMAS-almacenamiento-carga-LA-1-1024x683-495x400-1-300x242.jpeg 300w, https:\/\/fuldner.nl\/wp-content\/uploads\/2021\/05\/TUROMAS-almacenamiento-carga-LA-1-1024x683-495x400-1.jpeg 495w\" sizes=\"auto, (max-width: 300px) 100vw, 300px\" \/><\/a><\/div><p class=\"w-post-elm post_title usg_post_title_2 has_text_color entry-title color_link_inherit\"><a href=\"https:\/\/fuldner.nl\/de\/machine\/smart-storage-glasopslag-en-transportsystemen\/\">Smart storage \u2013 Glasopslag &#8211; en Transportsystemen<\/a><\/p>\t\t<\/div>\r\n\t\t\t<\/article>\r\n\t<article class=\"w-grid-item size_1x1 post-8369 machine type-machine status-publish has-post-thumbnail hentry machines_categorie-glasopslag-en-transport\" data-id=\"8369\">\r\n\t\t<div class=\"w-grid-item-h\">\r\n\t\t\t\t\t\t<div class=\"w-post-elm post_image usg_post_image_1 has_height\"><a href=\"https:\/\/fuldner.nl\/de\/machine\/glasregale-und-hebesysteme\/\" aria-label=\"Glasregale und Hebesysteme\"><img loading=\"lazy\" decoding=\"async\" width=\"300\" height=\"225\" src=\"https:\/\/fuldner.nl\/wp-content\/uploads\/2021\/05\/extractimg.cgi_-300x225.jpg\" class=\"attachment-medium size-medium wp-post-image\" alt=\"\" srcset=\"https:\/\/fuldner.nl\/wp-content\/uploads\/2021\/05\/extractimg.cgi_-300x225.jpg 300w, https:\/\/fuldner.nl\/wp-content\/uploads\/2021\/05\/extractimg.cgi_.jpg 640w\" sizes=\"auto, (max-width: 300px) 100vw, 300px\" \/><\/a><\/div><p class=\"w-post-elm post_title usg_post_title_2 has_text_color entry-title color_link_inherit\"><a href=\"https:\/\/fuldner.nl\/de\/machine\/glasregale-und-hebesysteme\/\">Glasregale und Hebesysteme<\/a><\/p>\t\t<\/div>\r\n\t\t\t<\/article>\r\n<\/div>\t<div class=\"w-grid-preloader\">\r\n\t\t<div class=\"g-preloader type_1\">\r\n\t\t\t<div><\/div>\r\n\t\t<\/div>\r\n\t<\/div>\r\n\t\t<div class=\"w-grid-json hidden\" onclick='return {&quot;action&quot;:&quot;us_ajax_grid&quot;,&quot;infinite_scroll&quot;:0,&quot;max_num_pages&quot;:1,&quot;pagination&quot;:&quot;none&quot;,&quot;template_vars&quot;:{&quot;columns&quot;:&quot;2&quot;,&quot;exclude_items&quot;:&quot;none&quot;,&quot;img_size&quot;:&quot;default&quot;,&quot;ignore_items_size&quot;:0,&quot;items_layout&quot;:&quot;8390&quot;,&quot;items_offset&quot;:&quot;1&quot;,&quot;load_animation&quot;:&quot;none&quot;,&quot;overriding_link&quot;:&quot;{\\&quot;url\\&quot;:\\&quot;\\&quot;}&quot;,&quot;post_id&quot;:0,&quot;query_args&quot;:{&quot;post_type&quot;:[&quot;machine&quot;],&quot;tax_query&quot;:[{&quot;taxonomy&quot;:&quot;machines_categorie&quot;,&quot;field&quot;:&quot;slug&quot;,&quot;terms&quot;:[&quot;glasopslag-en-transport&quot;]}],&quot;post_status&quot;:[&quot;publish&quot;,&quot;acf-disabled&quot;],&quot;posts_per_page&quot;:&quot;10&quot;},&quot;orderby_query_args&quot;:{&quot;orderby&quot;:{&quot;date&quot;:&quot;DESC&quot;}},&quot;type&quot;:&quot;grid&quot;,&quot;us_grid_post_type&quot;:&quot;machine&quot;,&quot;us_grid_ajax_index&quot;:1,&quot;us_grid_filter_query_string&quot;:null,&quot;us_grid_index&quot;:1,&quot;page_args&quot;:[],&quot;lang&quot;:&quot;de&quot;}}'><\/div>\r\n\t<\/div><\/div><\/div><\/div><\/div><\/div><\/section><section class=\"l-section wpb_row mc-half-green-bg height_medium with_img\"><div class=\"l-section-img\" role=\"img\" aria-label=\"Bild\" data-img-width=\"1681\" data-img-height=\"720\" style=\"background-image: url(https:\/\/fuldner.nl\/wp-content\/uploads\/2021\/06\/fuldner_service.jpg);\"><\/div><div class=\"l-section-overlay\" style=\"background:rgba(116,196,53,0.70)\"><\/div><div class=\"l-section-h i-cf\"><div class=\"g-cols vc_row via_flex valign_top type_default stacking_default\"><div class=\"vc_col-sm-12 wpb_column vc_column_container\"><div class=\"vc_column-inner\"><div class=\"wpb_wrapper\"><div class=\"g-cols wpb_row via_flex valign_top type_default stacking_default\"><div class=\"vc_col-sm-2 wpb_column vc_column_container\"><div class=\"vc_column-inner\"><div class=\"wpb_wrapper\"><\/div><\/div><\/div><div class=\"vc_col-sm-8 wpb_column vc_column_container\"><div class=\"vc_column-inner us_custom_528b58c5\"><div class=\"vc_column-overlay\" style=\"background:#ffffff\"><\/div><div class=\"wpb_wrapper\"><div class=\"wpb_text_column us_custom_ee001d1d has_text_color\"><div class=\"wpb_wrapper\"><p>Unser service<\/p>\n<\/div><\/div><div class=\"wpb_text_column us_custom_c5a558e4 has_text_color\"><div class=\"wpb_wrapper\"><p>Auch nach der Installation Ihrer Maschine k\u00f6nnen Sie auf unsere Kompetenz und unseren Service vertrauen.<\/p>\n<\/div><\/div><div class=\"w-btn-wrapper align_center\"><a class=\"w-btn us-btn-style_1\" title=\"contact\" href=\"\/de\/service\/\"><span class=\"w-btn-label\">Mehr \u00fcber unseren Service<\/span><\/a><\/div><\/div><\/div><\/div><div class=\"vc_col-sm-2 wpb_column vc_column_container\"><div class=\"vc_column-inner\"><div class=\"wpb_wrapper\"><\/div><\/div><\/div><\/div><\/div><\/div><\/div><\/div><\/div><\/section><section class=\"l-section wpb_row us_custom_9484c2cf mc--footer has_text_color height_medium\"><div class=\"l-section-h i-cf\"><div class=\"g-cols vc_row via_flex valign_top type_default stacking_default\"><div class=\"vc_col-sm-3 wpb_column vc_column_container\"><div class=\"vc_column-inner\"><div class=\"wpb_wrapper\"><div class=\"wpb_text_column\"><div class=\"wpb_wrapper\"><h5>\u00dcber F\u00fcldner<\/h5>\n<\/div><\/div><div class=\"wpb_text_column\"><div class=\"wpb_wrapper\"><p>Seit fast 30 Jahren liefert F\u00fcldner Machines &amp; Service europ\u00e4ische Qualit\u00e4tsmaschinen f\u00fcr die Glasbearbeitung. Daher kennen wir die Welt der Glasbearbeitung wie kein zweites Unternehmen. Durch unsere ma\u00dfgeschneiderte Beratung und Service bieten wir Ihnen immer die beste L\u00f6sung.<\/p>\n<\/div><\/div><\/div><\/div><\/div><div class=\"vc_col-sm-3 wpb_column vc_column_container\"><div class=\"vc_column-inner\"><div class=\"wpb_wrapper\"><div class=\"wpb_text_column\"><div class=\"wpb_wrapper\"><h5>Kontakt<\/h5>\n<\/div><\/div><div class=\"wpb_text_column\"><div class=\"wpb_wrapper\"><p>F\u00fcldner Machines &amp; Service<br \/>Heiweg 14<br \/>NL 6161 DA Geleen<\/p>\n<p>T <a href=\"tel:+310455217757\">+31 (0)45 521 77 57<\/a><br \/>E <a href=\"mailto:info@fuldner.nl\">info@fuldner.nl<\/a><\/p>\n<\/div><\/div><\/div><\/div><\/div><div class=\"vc_col-sm-3 wpb_column vc_column_container\"><div class=\"vc_column-inner\"><div class=\"wpb_wrapper\"><div class=\"wpb_text_column\"><div class=\"wpb_wrapper\"><h5>Cookie-Erklar\u00fcng &amp; Datenschutzrichtlinie<\/h5>\n<p>Sehen Sie sich hier unsere <a href=\"\/de\/cookie-erklaerung\/ \">Cookie-Erkl\u00e4rung<\/a> und <a href=\"\/de\/datenschutzrichtlinie\/\">Datenschutzrichtlinie<\/a> an.<\/p>\n<\/div><\/div><div class=\"wpb_text_column\"><div class=\"wpb_wrapper\"><h5>Social media<\/h5>\n<p><a href=\"https:\/\/nl.linkedin.com\/company\/f%C3%BCldner-machines-bv\">Linkedin<\/a><\/p>\n<\/div><\/div><\/div><\/div><\/div><div class=\"vc_col-sm-3 wpb_column vc_column_container\"><div class=\"vc_column-inner\"><div class=\"wpb_wrapper\"><div class=\"wpb_text_column mc--list\"><div class=\"wpb_wrapper\"><h5>Sitemap<\/h5>\n<ul>\n<li><a href=\"\/de\/fueldner-maschinen-service\/\">\u00dcber F\u00fcldner<\/a><\/li>\n<li><a href=\"\/de\/maschines\/\">Maschinen<\/a><\/li>\n<li><a href=\"\/de\/service\/\">Service<\/a><\/li>\n<li><a href=\"\/de\/neuigkeiten\/\">Neuigkeiten und Veranstaltungen<\/a><\/li>\n<li><a href=\"\/de\/kontakt\/\">Kontakt<\/a><\/li>\n<\/ul>\n<\/div><\/div><\/div><\/div><\/div><\/div><\/div><\/section><section class=\"l-section wpb_row us_custom_e9b06ad6 has_text_color height_medium\"><div class=\"l-section-overlay\" style=\"background:#73c536\"><\/div><div class=\"l-section-h i-cf\"><div class=\"g-cols vc_row via_flex valign_top type_default stacking_default\"><div class=\"vc_col-sm-12 wpb_column vc_column_container\"><div class=\"vc_column-inner\"><div class=\"wpb_wrapper\"><div class=\"wpb_text_column\"><div class=\"wpb_wrapper\"><p>\u00a9 Copyright &#8211; F\u00fcldner Machines &amp; Service<\/p>\n<\/div><\/div><\/div><\/div><\/div><\/div><\/div><\/section>\n\n","protected":false},"excerpt":{"rendered":"Start\/SeitenGlasregale und Hebesysteme Zum F\u00fcldner Maschinensortiment an Glasregalen und Hebesystemen geh\u00f6rt unteranderem die Firma Tecnocat Glass Movement. Fordern Sie die Brosch\u00fcre an TECNOCAT GLASREGALE UND HEBESYSTEME Mit einer breiten Palette an Systemen, wie Ausr\u00fcstung f\u00fcr Lademaschinen, Glastransport innerhalb der Produktion, aber auch kleinen Glas Trolleys und Vakuumsystemen f\u00fcr den Bau- und Montagebedarf. Das TECNOCAT-Sortiment wurde...","protected":false},"author":1,"featured_media":8136,"parent":8256,"menu_order":0,"comment_status":"closed","ping_status":"closed","template":"","meta":{"_acf_changed":false,"footnotes":""},"class_list":["post-8646","page","type-page","status-publish","has-post-thumbnail","hentry"],"acf":[],"yoast_head":"<!-- This site is optimized with the Yoast SEO plugin v27.2 - https:\/\/yoast.com\/product\/yoast-seo-wordpress\/ -->\n<title>Glaslagerung und Glastransport - F&uuml;ldner<\/title>\n<meta name=\"robots\" content=\"index, follow, max-snippet:-1, max-image-preview:large, max-video-preview:-1\" \/>\n<link rel=\"canonical\" href=\"https:\/\/fuldner.nl\/de\/maschines\/neue-maschinen\/glaslagerung-und-glastransport\/\" \/>\n<meta property=\"og:locale\" content=\"de_DE\" \/>\n<meta property=\"og:type\" content=\"article\" \/>\n<meta property=\"og:title\" content=\"Glaslagerung und Glastransport - F&uuml;ldner\" \/>\n<meta property=\"og:url\" content=\"https:\/\/fuldner.nl\/de\/maschines\/neue-maschinen\/glaslagerung-und-glastransport\/\" \/>\n<meta property=\"og:site_name\" content=\"F&uuml;ldner\" \/>\n<meta property=\"article:modified_time\" content=\"2021-07-08T08:38:20+00:00\" \/>\n<meta property=\"og:image\" content=\"https:\/\/fuldner.nl\/wp-content\/uploads\/2021\/05\/TUROMAS-almacenamiento-carga-LA-1-1024x683-495x400-1.jpeg\" \/>\n\t<meta property=\"og:image:width\" content=\"495\" \/>\n\t<meta property=\"og:image:height\" content=\"400\" \/>\n\t<meta property=\"og:image:type\" content=\"image\/jpeg\" \/>\n<meta name=\"twitter:card\" content=\"summary_large_image\" \/>\n<meta name=\"twitter:label1\" content=\"Gesch\u00e4tzte Lesezeit\" \/>\n\t<meta name=\"twitter:data1\" content=\"1\u00a0Minute\" \/>\n<script type=\"application\/ld+json\" class=\"yoast-schema-graph\">{\"@context\":\"https:\/\/schema.org\",\"@graph\":[{\"@type\":\"WebPage\",\"@id\":\"https:\/\/fuldner.nl\/de\/maschines\/neue-maschinen\/glaslagerung-und-glastransport\/\",\"url\":\"https:\/\/fuldner.nl\/de\/maschines\/neue-maschinen\/glaslagerung-und-glastransport\/\",\"name\":\"Glaslagerung und Glastransport - F&uuml;ldner\",\"isPartOf\":{\"@id\":\"https:\/\/fuldner.nl\/de\/#website\"},\"primaryImageOfPage\":{\"@id\":\"https:\/\/fuldner.nl\/de\/maschines\/neue-maschinen\/glaslagerung-und-glastransport\/#primaryimage\"},\"image\":{\"@id\":\"https:\/\/fuldner.nl\/de\/maschines\/neue-maschinen\/glaslagerung-und-glastransport\/#primaryimage\"},\"thumbnailUrl\":\"https:\/\/fuldner.nl\/wp-content\/uploads\/2021\/05\/TUROMAS-almacenamiento-carga-LA-1-1024x683-495x400-1.jpeg\",\"datePublished\":\"2021-06-08T10:52:46+00:00\",\"dateModified\":\"2021-07-08T08:38:20+00:00\",\"breadcrumb\":{\"@id\":\"https:\/\/fuldner.nl\/de\/maschines\/neue-maschinen\/glaslagerung-und-glastransport\/#breadcrumb\"},\"inLanguage\":\"de\",\"potentialAction\":[{\"@type\":\"ReadAction\",\"target\":[\"https:\/\/fuldner.nl\/de\/maschines\/neue-maschinen\/glaslagerung-und-glastransport\/\"]}]},{\"@type\":\"ImageObject\",\"inLanguage\":\"de\",\"@id\":\"https:\/\/fuldner.nl\/de\/maschines\/neue-maschinen\/glaslagerung-und-glastransport\/#primaryimage\",\"url\":\"https:\/\/fuldner.nl\/wp-content\/uploads\/2021\/05\/TUROMAS-almacenamiento-carga-LA-1-1024x683-495x400-1.jpeg\",\"contentUrl\":\"https:\/\/fuldner.nl\/wp-content\/uploads\/2021\/05\/TUROMAS-almacenamiento-carga-LA-1-1024x683-495x400-1.jpeg\",\"width\":495,\"height\":400},{\"@type\":\"BreadcrumbList\",\"@id\":\"https:\/\/fuldner.nl\/de\/maschines\/neue-maschinen\/glaslagerung-und-glastransport\/#breadcrumb\",\"itemListElement\":[{\"@type\":\"ListItem\",\"position\":1,\"name\":\"Home\",\"item\":\"https:\/\/fuldner.nl\/de\/\"},{\"@type\":\"ListItem\",\"position\":2,\"name\":\"Maschinen\",\"item\":\"https:\/\/fuldner.nl\/de\/machines\/\"},{\"@type\":\"ListItem\",\"position\":3,\"name\":\"Neue Maschinen\",\"item\":\"https:\/\/fuldner.nl\/de\/machines\/nieuwe-machines\/\"},{\"@type\":\"ListItem\",\"position\":4,\"name\":\"Glaslagerung und Glastransport\"}]},{\"@type\":\"WebSite\",\"@id\":\"https:\/\/fuldner.nl\/de\/#website\",\"url\":\"https:\/\/fuldner.nl\/de\/\",\"name\":\"F&uuml;ldner\",\"description\":\"\",\"potentialAction\":[{\"@type\":\"SearchAction\",\"target\":{\"@type\":\"EntryPoint\",\"urlTemplate\":\"https:\/\/fuldner.nl\/de\/?s={search_term_string}\"},\"query-input\":{\"@type\":\"PropertyValueSpecification\",\"valueRequired\":true,\"valueName\":\"search_term_string\"}}],\"inLanguage\":\"de\"}]}<\/script>\n<!-- \/ Yoast SEO plugin. -->","yoast_head_json":{"title":"Glaslagerung und Glastransport - F&uuml;ldner","robots":{"index":"index","follow":"follow","max-snippet":"max-snippet:-1","max-image-preview":"max-image-preview:large","max-video-preview":"max-video-preview:-1"},"canonical":"https:\/\/fuldner.nl\/de\/maschines\/neue-maschinen\/glaslagerung-und-glastransport\/","og_locale":"de_DE","og_type":"article","og_title":"Glaslagerung und Glastransport - F&uuml;ldner","og_url":"https:\/\/fuldner.nl\/de\/maschines\/neue-maschinen\/glaslagerung-und-glastransport\/","og_site_name":"F&uuml;ldner","article_modified_time":"2021-07-08T08:38:20+00:00","og_image":[{"width":495,"height":400,"url":"https:\/\/fuldner.nl\/wp-content\/uploads\/2021\/05\/TUROMAS-almacenamiento-carga-LA-1-1024x683-495x400-1.jpeg","type":"image\/jpeg"}],"twitter_card":"summary_large_image","twitter_misc":{"Gesch\u00e4tzte Lesezeit":"1\u00a0Minute"},"schema":{"@context":"https:\/\/schema.org","@graph":[{"@type":"WebPage","@id":"https:\/\/fuldner.nl\/de\/maschines\/neue-maschinen\/glaslagerung-und-glastransport\/","url":"https:\/\/fuldner.nl\/de\/maschines\/neue-maschinen\/glaslagerung-und-glastransport\/","name":"Glaslagerung und Glastransport - F&uuml;ldner","isPartOf":{"@id":"https:\/\/fuldner.nl\/de\/#website"},"primaryImageOfPage":{"@id":"https:\/\/fuldner.nl\/de\/maschines\/neue-maschinen\/glaslagerung-und-glastransport\/#primaryimage"},"image":{"@id":"https:\/\/fuldner.nl\/de\/maschines\/neue-maschinen\/glaslagerung-und-glastransport\/#primaryimage"},"thumbnailUrl":"https:\/\/fuldner.nl\/wp-content\/uploads\/2021\/05\/TUROMAS-almacenamiento-carga-LA-1-1024x683-495x400-1.jpeg","datePublished":"2021-06-08T10:52:46+00:00","dateModified":"2021-07-08T08:38:20+00:00","breadcrumb":{"@id":"https:\/\/fuldner.nl\/de\/maschines\/neue-maschinen\/glaslagerung-und-glastransport\/#breadcrumb"},"inLanguage":"de","potentialAction":[{"@type":"ReadAction","target":["https:\/\/fuldner.nl\/de\/maschines\/neue-maschinen\/glaslagerung-und-glastransport\/"]}]},{"@type":"ImageObject","inLanguage":"de","@id":"https:\/\/fuldner.nl\/de\/maschines\/neue-maschinen\/glaslagerung-und-glastransport\/#primaryimage","url":"https:\/\/fuldner.nl\/wp-content\/uploads\/2021\/05\/TUROMAS-almacenamiento-carga-LA-1-1024x683-495x400-1.jpeg","contentUrl":"https:\/\/fuldner.nl\/wp-content\/uploads\/2021\/05\/TUROMAS-almacenamiento-carga-LA-1-1024x683-495x400-1.jpeg","width":495,"height":400},{"@type":"BreadcrumbList","@id":"https:\/\/fuldner.nl\/de\/maschines\/neue-maschinen\/glaslagerung-und-glastransport\/#breadcrumb","itemListElement":[{"@type":"ListItem","position":1,"name":"Home","item":"https:\/\/fuldner.nl\/de\/"},{"@type":"ListItem","position":2,"name":"Maschinen","item":"https:\/\/fuldner.nl\/de\/machines\/"},{"@type":"ListItem","position":3,"name":"Neue Maschinen","item":"https:\/\/fuldner.nl\/de\/machines\/nieuwe-machines\/"},{"@type":"ListItem","position":4,"name":"Glaslagerung und Glastransport"}]},{"@type":"WebSite","@id":"https:\/\/fuldner.nl\/de\/#website","url":"https:\/\/fuldner.nl\/de\/","name":"F&uuml;ldner","description":"","potentialAction":[{"@type":"SearchAction","target":{"@type":"EntryPoint","urlTemplate":"https:\/\/fuldner.nl\/de\/?s={search_term_string}"},"query-input":{"@type":"PropertyValueSpecification","valueRequired":true,"valueName":"search_term_string"}}],"inLanguage":"de"}]}},"_links":{"self":[{"href":"https:\/\/fuldner.nl\/de\/wp-json\/wp\/v2\/pages\/8646","targetHints":{"allow":["GET"]}}],"collection":[{"href":"https:\/\/fuldner.nl\/de\/wp-json\/wp\/v2\/pages"}],"about":[{"href":"https:\/\/fuldner.nl\/de\/wp-json\/wp\/v2\/types\/page"}],"author":[{"embeddable":true,"href":"https:\/\/fuldner.nl\/de\/wp-json\/wp\/v2\/users\/1"}],"replies":[{"embeddable":true,"href":"https:\/\/fuldner.nl\/de\/wp-json\/wp\/v2\/comments?post=8646"}],"version-history":[{"count":4,"href":"https:\/\/fuldner.nl\/de\/wp-json\/wp\/v2\/pages\/8646\/revisions"}],"predecessor-version":[{"id":9226,"href":"https:\/\/fuldner.nl\/de\/wp-json\/wp\/v2\/pages\/8646\/revisions\/9226"}],"up":[{"embeddable":true,"href":"https:\/\/fuldner.nl\/de\/wp-json\/wp\/v2\/pages\/8256"}],"wp:featuredmedia":[{"embeddable":true,"href":"https:\/\/fuldner.nl\/de\/wp-json\/wp\/v2\/media\/8136"}],"wp:attachment":[{"href":"https:\/\/fuldner.nl\/de\/wp-json\/wp\/v2\/media?parent=8646"}],"curies":[{"name":"wp","href":"https:\/\/api.w.org\/{rel}","templated":true}]}}