{"id":8653,"date":"2021-06-08T13:07:02","date_gmt":"2021-06-08T11:07:02","guid":{"rendered":"https:\/\/fuldner.nl\/?page_id=8653"},"modified":"2021-07-08T10:38:29","modified_gmt":"2021-07-08T08:38:29","slug":"glassagemaschinen","status":"publish","type":"page","link":"https:\/\/fuldner.nl\/de\/maschines\/neue-maschinen\/glassagemaschinen\/","title":{"rendered":"Glass\u00e4gemaschinen"},"content":{"rendered":"<section class=\"l-section wpb_row us_custom_30273639 has_text_color height_medium\"><div class=\"l-section-overlay\" style=\"background:#f4f4f4\"><\/div><div class=\"l-section-h i-cf\"><div class=\"g-cols vc_row via_flex valign_top type_default stacking_default\"><div class=\"vc_col-sm-12 wpb_column vc_column_container\"><div class=\"vc_column-inner\"><div class=\"wpb_wrapper\"><nav class=\"g-breadcrumbs us_custom_3b722593 has_text_color separator_custom align_right\" itemscope itemtype=\"http:\/\/schema.org\/BreadcrumbList\"><div class=\"g-breadcrumbs-item\" itemscope itemprop=\"itemListElement\" itemtype=\"http:\/\/schema.org\/ListItem\"><a itemprop=\"item\" href=\"https:\/\/fuldner.nl\/de\/\"><span itemprop=\"name\">Start<\/span><\/a><meta itemprop=\"position\" content=\"1\"\/><\/div><div class=\"g-breadcrumbs-separator\">\/<\/div><div class=\"g-breadcrumbs-item\">Seiten<\/div><\/nav><\/div><\/div><\/div><\/div><\/div><\/section><section class=\"l-section wpb_row mc-arrow-green height_medium with_img\"><div class=\"l-section-img\" role=\"img\" aria-label=\"Bild\" data-img-width=\"900\" data-img-height=\"400\" style=\"background-image: url(https:\/\/fuldner.nl\/wp-content\/uploads\/2021\/05\/glass.png);background-position: center right;background-size: contain;\"><\/div><div class=\"l-section-overlay\" style=\"background:#73c536\"><\/div><div class=\"l-section-h i-cf\"><div class=\"g-cols vc_row via_flex valign_top type_default stacking_default\"><div class=\"vc_col-sm-12 wpb_column vc_column_container\"><div class=\"vc_column-inner\"><div class=\"wpb_wrapper\"><div class=\"wpb_text_column mc-header-detail\"><div class=\"wpb_wrapper\"><h1>Glass\u00e4gemaschinen<\/h1>\n<\/div><\/div><div class=\"wpb_text_column us_custom_6df4bc3a has_text_color\"><div class=\"wpb_wrapper\"><p>Sie suchen eine Glass\u00e4gemachine f\u00fcr vertikale und horizontale S\u00e4geschnitte? Die PUTSCH MENICONI SVP1080 eignet sich f\u00fcr dicke und laminierte Glastypen.<\/p>\n<\/div><\/div><div class=\"w-btn-wrapper align_none\"><a class=\"w-btn us-btn-style_3\" title=\"Brochure aanvragen\" href=\"\/de\/maschines\/broschuere-anfordern\/\"><span class=\"w-btn-label\">Fordern Sie die Brosch\u00fcre an<\/span><\/a><\/div><\/div><\/div><\/div><\/div><\/div><\/section><section class=\"l-section wpb_row height_medium\"><div class=\"l-section-h i-cf\"><div class=\"g-cols vc_row via_flex valign_top type_default stacking_default\"><div class=\"vc_col-sm-12 wpb_column vc_column_container\"><div class=\"vc_column-inner\"><div class=\"wpb_wrapper\"><div class=\"wpb_text_column us_custom_8534f2dd has_text_color\"><div class=\"wpb_wrapper\"><p>Sehen Sie sich unsere Maschine an<\/p>\n<\/div><\/div><div class=\"w-grid us_grid type_grid layout_8390 cols_2 preload_style_spinner\" id=\"us_grid_1\" style=\"--columns:2;--gap:1.5rem;\" data-filterable=\"true\"><style>@media (max-width:600px){#us_grid_1{--columns:1!important}}.layout_8390 .w-grid-item-h{}.layout_8390 .usg_post_image_1{max-height:200px!important;margin-bottom:50px!important}.layout_8390 .usg_post_title_2{color:#666666!important;font-weight:300!important;font-size:25px!important;margin-bottom:15px!important}.layout_8390 .usg_post_taxonomy_1{color:#72C436!important;background:#ffffff!important;border:1 solid #72C436!important}<\/style><div class=\"w-grid-list\">\t<article class=\"w-grid-item size_1x1 post-8363 machine type-machine status-publish has-post-thumbnail hentry machines_categorie-zaagmachines\" data-id=\"8363\">\r\n\t\t<div class=\"w-grid-item-h\">\r\n\t\t\t\t\t\t<div class=\"w-post-elm post_image usg_post_image_1 has_height\"><a href=\"https:\/\/fuldner.nl\/de\/machine\/vertikale-glassaege\/\" aria-label=\"Vertikale Glass\u00e4ge\"><img loading=\"lazy\" decoding=\"async\" width=\"300\" height=\"185\" src=\"https:\/\/fuldner.nl\/wp-content\/uploads\/2021\/05\/machinedetail_41_1_orgineel-2-300x185.jpeg\" class=\"attachment-medium size-medium wp-post-image\" alt=\"\" srcset=\"https:\/\/fuldner.nl\/wp-content\/uploads\/2021\/05\/machinedetail_41_1_orgineel-2-300x185.jpeg 300w, https:\/\/fuldner.nl\/wp-content\/uploads\/2021\/05\/machinedetail_41_1_orgineel-2.jpeg 600w\" sizes=\"auto, (max-width: 300px) 100vw, 300px\" \/><\/a><\/div><p class=\"w-post-elm post_title usg_post_title_2 has_text_color entry-title color_link_inherit\"><a href=\"https:\/\/fuldner.nl\/de\/machine\/vertikale-glassaege\/\">Vertikale Glass\u00e4ge<\/a><\/p>\t\t<\/div>\r\n\t\t\t<\/article>\r\n<\/div>\t<div class=\"w-grid-preloader\">\r\n\t\t<div class=\"g-preloader type_1\">\r\n\t\t\t<div><\/div>\r\n\t\t<\/div>\r\n\t<\/div>\r\n\t\t<div class=\"w-grid-json hidden\" onclick='return {&quot;action&quot;:&quot;us_ajax_grid&quot;,&quot;infinite_scroll&quot;:0,&quot;max_num_pages&quot;:1,&quot;pagination&quot;:&quot;none&quot;,&quot;template_vars&quot;:{&quot;columns&quot;:&quot;2&quot;,&quot;exclude_items&quot;:&quot;none&quot;,&quot;img_size&quot;:&quot;default&quot;,&quot;ignore_items_size&quot;:0,&quot;items_layout&quot;:&quot;8390&quot;,&quot;items_offset&quot;:&quot;1&quot;,&quot;load_animation&quot;:&quot;none&quot;,&quot;overriding_link&quot;:&quot;{\\&quot;url\\&quot;:\\&quot;\\&quot;}&quot;,&quot;post_id&quot;:0,&quot;query_args&quot;:{&quot;post_type&quot;:[&quot;machine&quot;],&quot;tax_query&quot;:[{&quot;taxonomy&quot;:&quot;machines_categorie&quot;,&quot;field&quot;:&quot;slug&quot;,&quot;terms&quot;:[&quot;zaagmachines&quot;]}],&quot;post_status&quot;:[&quot;publish&quot;,&quot;acf-disabled&quot;],&quot;posts_per_page&quot;:&quot;10&quot;},&quot;orderby_query_args&quot;:{&quot;orderby&quot;:{&quot;date&quot;:&quot;DESC&quot;}},&quot;type&quot;:&quot;grid&quot;,&quot;us_grid_post_type&quot;:&quot;machine&quot;,&quot;us_grid_ajax_index&quot;:1,&quot;us_grid_filter_query_string&quot;:null,&quot;us_grid_index&quot;:1,&quot;page_args&quot;:[],&quot;lang&quot;:&quot;de&quot;}}'><\/div>\r\n\t<\/div><\/div><\/div><\/div><\/div><\/div><\/section><section class=\"l-section wpb_row mc-half-green-bg height_medium with_img\"><div class=\"l-section-img\" role=\"img\" aria-label=\"Bild\" data-img-width=\"1681\" data-img-height=\"720\" style=\"background-image: url(https:\/\/fuldner.nl\/wp-content\/uploads\/2021\/06\/fuldner_service.jpg);\"><\/div><div class=\"l-section-overlay\" style=\"background:rgba(116,196,53,0.70)\"><\/div><div class=\"l-section-h i-cf\"><div class=\"g-cols vc_row via_flex valign_top type_default stacking_default\"><div class=\"vc_col-sm-12 wpb_column vc_column_container\"><div class=\"vc_column-inner\"><div class=\"wpb_wrapper\"><div class=\"g-cols wpb_row via_flex valign_top type_default stacking_default\"><div class=\"vc_col-sm-2 wpb_column vc_column_container\"><div class=\"vc_column-inner\"><div class=\"wpb_wrapper\"><\/div><\/div><\/div><div class=\"vc_col-sm-8 wpb_column vc_column_container\"><div class=\"vc_column-inner us_custom_528b58c5\"><div class=\"vc_column-overlay\" style=\"background:#ffffff\"><\/div><div class=\"wpb_wrapper\"><div class=\"wpb_text_column us_custom_ee001d1d has_text_color\"><div class=\"wpb_wrapper\"><p>Unser Service<\/p>\n<\/div><\/div><div class=\"wpb_text_column us_custom_c5a558e4 has_text_color\"><div class=\"wpb_wrapper\"><p>Auch nach der Installation Ihrer Maschine k\u00f6nnen Sie auf unsere Kompetenz und unseren Service vertrauen.<\/p>\n<\/div><\/div><div class=\"w-btn-wrapper align_center\"><a class=\"w-btn us-btn-style_1\" title=\"contact\" href=\"\/de\/service\/\"><span class=\"w-btn-label\">Mehr \u00fcber unseren Service<\/span><\/a><\/div><\/div><\/div><\/div><div class=\"vc_col-sm-2 wpb_column vc_column_container\"><div class=\"vc_column-inner\"><div class=\"wpb_wrapper\"><\/div><\/div><\/div><\/div><\/div><\/div><\/div><\/div><\/div><\/section><section class=\"l-section wpb_row height_medium\"><div class=\"l-section-h i-cf\"><div class=\"g-cols vc_row via_flex valign_top type_default stacking_default\"><div class=\"vc_col-sm-12 wpb_column vc_column_container\"><div class=\"vc_column-inner\"><div class=\"wpb_wrapper\"><div class=\"w-grid us_carousel type_carousel layout_gallery_default preload_style_spinner items_5\" id=\"us_grid_2\" style=\"--items:5;--gap:1.5rem;\"><style>.layout_gallery_default .w-grid-item-h{}<\/style><div class=\"w-grid-list owl-carousel valign_middle dotstyle_circle navstyle_circle arrows-ver-pos_middle arrows-hor-pos_on_sides_outside arrows-disabled_hide owl-responsive-2000\" style=\"--transition-duration:350ms;\">\t<article class=\"w-grid-item post-8944 attachment type-attachment status-inherit hentry\" data-id=\"8944\">\r\n\t\t<div class=\"w-grid-item-h\">\r\n\t\t\t\t\t\t<div class=\"w-post-elm post_image usg_post_image_1 stretched\"><img loading=\"lazy\" decoding=\"async\" width=\"750\" height=\"500\" src=\"https:\/\/fuldner.nl\/wp-content\/uploads\/2021\/06\/Logo-Knittel-Partner.png\" class=\"attachment-large size-large\" alt=\"\" srcset=\"https:\/\/fuldner.nl\/wp-content\/uploads\/2021\/06\/Logo-Knittel-Partner.png 750w, https:\/\/fuldner.nl\/wp-content\/uploads\/2021\/06\/Logo-Knittel-Partner-300x200.png 300w\" sizes=\"auto, (max-width: 750px) 100vw, 750px\" \/><\/div>\t\t<\/div>\r\n\t\t\t<\/article>\r\n\t<article class=\"w-grid-item post-8059 attachment type-attachment status-inherit hentry\" data-id=\"8059\">\r\n\t\t<div class=\"w-grid-item-h\">\r\n\t\t\t\t\t\t<div class=\"w-post-elm post_image usg_post_image_1 stretched\"><img loading=\"lazy\" decoding=\"async\" width=\"750\" height=\"500\" src=\"https:\/\/fuldner.nl\/wp-content\/uploads\/2021\/05\/Logo-Turomas-Partner.png\" class=\"attachment-large size-large\" alt=\"\" srcset=\"https:\/\/fuldner.nl\/wp-content\/uploads\/2021\/05\/Logo-Turomas-Partner.png 750w, https:\/\/fuldner.nl\/wp-content\/uploads\/2021\/05\/Logo-Turomas-Partner-300x200.png 300w\" sizes=\"auto, (max-width: 750px) 100vw, 750px\" \/><\/div>\t\t<\/div>\r\n\t\t\t<\/article>\r\n\t<article class=\"w-grid-item post-8948 attachment type-attachment status-inherit hentry\" data-id=\"8948\">\r\n\t\t<div class=\"w-grid-item-h\">\r\n\t\t\t\t\t\t<div class=\"w-post-elm post_image usg_post_image_1 stretched\"><img loading=\"lazy\" decoding=\"async\" width=\"750\" height=\"500\" src=\"https:\/\/fuldner.nl\/wp-content\/uploads\/2021\/06\/Logo-STA-partner.png\" class=\"attachment-large size-large\" alt=\"\" srcset=\"https:\/\/fuldner.nl\/wp-content\/uploads\/2021\/06\/Logo-STA-partner.png 750w, https:\/\/fuldner.nl\/wp-content\/uploads\/2021\/06\/Logo-STA-partner-300x200.png 300w\" sizes=\"auto, (max-width: 750px) 100vw, 750px\" \/><\/div>\t\t<\/div>\r\n\t\t\t<\/article>\r\n\t<article class=\"w-grid-item post-8062 attachment type-attachment status-inherit hentry\" data-id=\"8062\">\r\n\t\t<div class=\"w-grid-item-h\">\r\n\t\t\t\t\t\t<div class=\"w-post-elm post_image usg_post_image_1 stretched\"><img loading=\"lazy\" decoding=\"async\" width=\"300\" height=\"86\" src=\"https:\/\/fuldner.nl\/wp-content\/uploads\/2021\/05\/logo-putsch-meniconi-300x86-1.jpeg\" class=\"attachment-large size-large\" alt=\"\" \/><\/div>\t\t<\/div>\r\n\t\t\t<\/article>\r\n\t<article class=\"w-grid-item post-8054 attachment type-attachment status-inherit hentry\" data-id=\"8054\">\r\n\t\t<div class=\"w-grid-item-h\">\r\n\t\t\t\t\t\t<div class=\"w-post-elm post_image usg_post_image_1 stretched\"><img loading=\"lazy\" decoding=\"async\" width=\"750\" height=\"500\" src=\"https:\/\/fuldner.nl\/wp-content\/uploads\/2021\/05\/Logo-CMS-partner.png\" class=\"attachment-large size-large\" alt=\"\" srcset=\"https:\/\/fuldner.nl\/wp-content\/uploads\/2021\/05\/Logo-CMS-partner.png 750w, https:\/\/fuldner.nl\/wp-content\/uploads\/2021\/05\/Logo-CMS-partner-300x200.png 300w\" sizes=\"auto, (max-width: 750px) 100vw, 750px\" \/><\/div>\t\t<\/div>\r\n\t\t\t<\/article>\r\n\t<article class=\"w-grid-item post-8946 attachment type-attachment status-inherit hentry\" data-id=\"8946\">\r\n\t\t<div class=\"w-grid-item-h\">\r\n\t\t\t\t\t\t<div class=\"w-post-elm post_image usg_post_image_1 stretched\"><img loading=\"lazy\" decoding=\"async\" width=\"750\" height=\"500\" src=\"https:\/\/fuldner.nl\/wp-content\/uploads\/2021\/06\/Logo-Mappi-Partner.png\" class=\"attachment-large size-large\" alt=\"\" srcset=\"https:\/\/fuldner.nl\/wp-content\/uploads\/2021\/06\/Logo-Mappi-Partner.png 750w, https:\/\/fuldner.nl\/wp-content\/uploads\/2021\/06\/Logo-Mappi-Partner-300x200.png 300w\" sizes=\"auto, (max-width: 750px) 100vw, 750px\" \/><\/div>\t\t<\/div>\r\n\t\t\t<\/article>\r\n\t<article class=\"w-grid-item post-8951 attachment type-attachment status-inherit hentry\" data-id=\"8951\">\r\n\t\t<div class=\"w-grid-item-h\">\r\n\t\t\t\t\t\t<div class=\"w-post-elm post_image usg_post_image_1 stretched\"><img loading=\"lazy\" decoding=\"async\" width=\"750\" height=\"500\" src=\"https:\/\/fuldner.nl\/wp-content\/uploads\/2021\/06\/Logo-SCV1.png\" class=\"attachment-large size-large\" alt=\"\" srcset=\"https:\/\/fuldner.nl\/wp-content\/uploads\/2021\/06\/Logo-SCV1.png 750w, https:\/\/fuldner.nl\/wp-content\/uploads\/2021\/06\/Logo-SCV1-300x200.png 300w\" sizes=\"auto, (max-width: 750px) 100vw, 750px\" \/><\/div>\t\t<\/div>\r\n\t\t\t<\/article>\r\n\t<article class=\"w-grid-item post-9561 attachment type-attachment status-inherit hentry\" data-id=\"9561\">\r\n\t\t<div class=\"w-grid-item-h\">\r\n\t\t\t\t\t\t<div class=\"w-post-elm post_image usg_post_image_1 stretched\"><img loading=\"lazy\" decoding=\"async\" width=\"1024\" height=\"512\" src=\"https:\/\/fuldner.nl\/wp-content\/uploads\/2021\/06\/LATTUADA_Logo-2022-1024x512.jpg\" class=\"attachment-large size-large\" alt=\"\" srcset=\"https:\/\/fuldner.nl\/wp-content\/uploads\/2021\/06\/LATTUADA_Logo-2022-1024x512.jpg 1024w, https:\/\/fuldner.nl\/wp-content\/uploads\/2021\/06\/LATTUADA_Logo-2022-300x150.jpg 300w, https:\/\/fuldner.nl\/wp-content\/uploads\/2021\/06\/LATTUADA_Logo-2022.jpg 1181w\" sizes=\"auto, (max-width: 1024px) 100vw, 1024px\" \/><\/div>\t\t<\/div>\r\n\t\t\t<\/article>\r\n<\/div><div class=\"w-grid-carousel-json hidden\" onclick='return {&quot;carousel_settings&quot;:{&quot;aria_labels&quot;:{&quot;prev&quot;:&quot;Zur\\u00fcck&quot;,&quot;next&quot;:&quot;Weiter&quot;},&quot;autoplayContinual&quot;:false,&quot;autoplayHoverPause&quot;:false,&quot;autoplayTimeout&quot;:3000,&quot;autoWidth&quot;:false,&quot;smartSpeed&quot;:350,&quot;margin&quot;:0,&quot;mouseDrag&quot;:true,&quot;rtl&quot;:false,&quot;slideBy&quot;:&quot;1&quot;,&quot;touchDrag&quot;:true,&quot;slideTransition&quot;:&quot;&quot;,&quot;responsive&quot;:{&quot;0&quot;:{&quot;autoHeight&quot;:false,&quot;autoplay&quot;:true,&quot;autoWidth&quot;:false,&quot;center&quot;:false,&quot;dots&quot;:false,&quot;items&quot;:2,&quot;loop&quot;:true,&quot;nav&quot;:false,&quot;stagePadding&quot;:0,&quot;slideBy&quot;:&quot;1&quot;},&quot;601&quot;:{&quot;autoHeight&quot;:false,&quot;autoplay&quot;:true,&quot;autoWidth&quot;:false,&quot;center&quot;:false,&quot;dots&quot;:false,&quot;items&quot;:3,&quot;loop&quot;:true,&quot;nav&quot;:false,&quot;stagePadding&quot;:0,&quot;slideBy&quot;:&quot;1&quot;},&quot;1025&quot;:{&quot;autoHeight&quot;:false,&quot;autoplay&quot;:true,&quot;autoWidth&quot;:false,&quot;center&quot;:false,&quot;dots&quot;:false,&quot;items&quot;:3,&quot;loop&quot;:true,&quot;nav&quot;:false,&quot;stagePadding&quot;:0,&quot;slideBy&quot;:&quot;1&quot;},&quot;1281&quot;:{&quot;items&quot;:5,&quot;autoplay&quot;:true,&quot;center&quot;:false,&quot;dots&quot;:false,&quot;nav&quot;:false,&quot;autoHeight&quot;:false,&quot;autoWidth&quot;:false,&quot;loop&quot;:true,&quot;stagePadding&quot;:0}}}}'><\/div><\/div><\/div><\/div><\/div><\/div><\/div><\/section>\n\n","protected":false},"excerpt":{"rendered":"","protected":false},"author":1,"featured_media":8060,"parent":8256,"menu_order":0,"comment_status":"closed","ping_status":"closed","template":"","meta":{"_acf_changed":false,"footnotes":""},"class_list":["post-8653","page","type-page","status-publish","has-post-thumbnail","hentry"],"acf":[],"yoast_head":"<!-- This site is optimized with the Yoast SEO plugin v27.2 - https:\/\/yoast.com\/product\/yoast-seo-wordpress\/ -->\n<title>Glass\u00e4gemaschinen - F&uuml;ldner<\/title>\n<meta name=\"robots\" content=\"index, follow, max-snippet:-1, max-image-preview:large, max-video-preview:-1\" \/>\n<link rel=\"canonical\" href=\"https:\/\/fuldner.nl\/de\/maschines\/neue-maschinen\/glassagemaschinen\/\" \/>\n<meta property=\"og:locale\" content=\"de_DE\" \/>\n<meta property=\"og:type\" content=\"article\" \/>\n<meta property=\"og:title\" content=\"Glass\u00e4gemaschinen - F&uuml;ldner\" \/>\n<meta property=\"og:url\" content=\"https:\/\/fuldner.nl\/de\/maschines\/neue-maschinen\/glassagemaschinen\/\" \/>\n<meta property=\"og:site_name\" content=\"F&uuml;ldner\" \/>\n<meta property=\"article:modified_time\" content=\"2021-07-08T08:38:29+00:00\" \/>\n<meta property=\"og:image\" content=\"https:\/\/fuldner.nl\/wp-content\/uploads\/2021\/05\/machinedetail_41_1_orgineel-2.jpeg\" \/>\n\t<meta property=\"og:image:width\" content=\"600\" \/>\n\t<meta property=\"og:image:height\" content=\"370\" \/>\n\t<meta property=\"og:image:type\" content=\"image\/jpeg\" \/>\n<meta name=\"twitter:card\" content=\"summary_large_image\" \/>\n<meta name=\"twitter:label1\" content=\"Gesch\u00e4tzte Lesezeit\" \/>\n\t<meta name=\"twitter:data1\" content=\"1\u00a0Minute\" \/>\n<script type=\"application\/ld+json\" class=\"yoast-schema-graph\">{\"@context\":\"https:\/\/schema.org\",\"@graph\":[{\"@type\":\"WebPage\",\"@id\":\"https:\/\/fuldner.nl\/de\/maschines\/neue-maschinen\/glassagemaschinen\/\",\"url\":\"https:\/\/fuldner.nl\/de\/maschines\/neue-maschinen\/glassagemaschinen\/\",\"name\":\"Glass\u00e4gemaschinen - F&uuml;ldner\",\"isPartOf\":{\"@id\":\"https:\/\/fuldner.nl\/de\/#website\"},\"primaryImageOfPage\":{\"@id\":\"https:\/\/fuldner.nl\/de\/maschines\/neue-maschinen\/glassagemaschinen\/#primaryimage\"},\"image\":{\"@id\":\"https:\/\/fuldner.nl\/de\/maschines\/neue-maschinen\/glassagemaschinen\/#primaryimage\"},\"thumbnailUrl\":\"https:\/\/fuldner.nl\/wp-content\/uploads\/2021\/05\/machinedetail_41_1_orgineel-2.jpeg\",\"datePublished\":\"2021-06-08T11:07:02+00:00\",\"dateModified\":\"2021-07-08T08:38:29+00:00\",\"breadcrumb\":{\"@id\":\"https:\/\/fuldner.nl\/de\/maschines\/neue-maschinen\/glassagemaschinen\/#breadcrumb\"},\"inLanguage\":\"de\",\"potentialAction\":[{\"@type\":\"ReadAction\",\"target\":[\"https:\/\/fuldner.nl\/de\/maschines\/neue-maschinen\/glassagemaschinen\/\"]}]},{\"@type\":\"ImageObject\",\"inLanguage\":\"de\",\"@id\":\"https:\/\/fuldner.nl\/de\/maschines\/neue-maschinen\/glassagemaschinen\/#primaryimage\",\"url\":\"https:\/\/fuldner.nl\/wp-content\/uploads\/2021\/05\/machinedetail_41_1_orgineel-2.jpeg\",\"contentUrl\":\"https:\/\/fuldner.nl\/wp-content\/uploads\/2021\/05\/machinedetail_41_1_orgineel-2.jpeg\",\"width\":600,\"height\":370},{\"@type\":\"BreadcrumbList\",\"@id\":\"https:\/\/fuldner.nl\/de\/maschines\/neue-maschinen\/glassagemaschinen\/#breadcrumb\",\"itemListElement\":[{\"@type\":\"ListItem\",\"position\":1,\"name\":\"Home\",\"item\":\"https:\/\/fuldner.nl\/de\/\"},{\"@type\":\"ListItem\",\"position\":2,\"name\":\"Maschinen\",\"item\":\"https:\/\/fuldner.nl\/de\/machines\/\"},{\"@type\":\"ListItem\",\"position\":3,\"name\":\"Neue Maschinen\",\"item\":\"https:\/\/fuldner.nl\/de\/machines\/nieuwe-machines\/\"},{\"@type\":\"ListItem\",\"position\":4,\"name\":\"Glass\u00e4gemaschinen\"}]},{\"@type\":\"WebSite\",\"@id\":\"https:\/\/fuldner.nl\/de\/#website\",\"url\":\"https:\/\/fuldner.nl\/de\/\",\"name\":\"F&uuml;ldner\",\"description\":\"\",\"potentialAction\":[{\"@type\":\"SearchAction\",\"target\":{\"@type\":\"EntryPoint\",\"urlTemplate\":\"https:\/\/fuldner.nl\/de\/?s={search_term_string}\"},\"query-input\":{\"@type\":\"PropertyValueSpecification\",\"valueRequired\":true,\"valueName\":\"search_term_string\"}}],\"inLanguage\":\"de\"}]}<\/script>\n<!-- \/ Yoast SEO plugin. -->","yoast_head_json":{"title":"Glass\u00e4gemaschinen - F&uuml;ldner","robots":{"index":"index","follow":"follow","max-snippet":"max-snippet:-1","max-image-preview":"max-image-preview:large","max-video-preview":"max-video-preview:-1"},"canonical":"https:\/\/fuldner.nl\/de\/maschines\/neue-maschinen\/glassagemaschinen\/","og_locale":"de_DE","og_type":"article","og_title":"Glass\u00e4gemaschinen - F&uuml;ldner","og_url":"https:\/\/fuldner.nl\/de\/maschines\/neue-maschinen\/glassagemaschinen\/","og_site_name":"F&uuml;ldner","article_modified_time":"2021-07-08T08:38:29+00:00","og_image":[{"width":600,"height":370,"url":"https:\/\/fuldner.nl\/wp-content\/uploads\/2021\/05\/machinedetail_41_1_orgineel-2.jpeg","type":"image\/jpeg"}],"twitter_card":"summary_large_image","twitter_misc":{"Gesch\u00e4tzte Lesezeit":"1\u00a0Minute"},"schema":{"@context":"https:\/\/schema.org","@graph":[{"@type":"WebPage","@id":"https:\/\/fuldner.nl\/de\/maschines\/neue-maschinen\/glassagemaschinen\/","url":"https:\/\/fuldner.nl\/de\/maschines\/neue-maschinen\/glassagemaschinen\/","name":"Glass\u00e4gemaschinen - F&uuml;ldner","isPartOf":{"@id":"https:\/\/fuldner.nl\/de\/#website"},"primaryImageOfPage":{"@id":"https:\/\/fuldner.nl\/de\/maschines\/neue-maschinen\/glassagemaschinen\/#primaryimage"},"image":{"@id":"https:\/\/fuldner.nl\/de\/maschines\/neue-maschinen\/glassagemaschinen\/#primaryimage"},"thumbnailUrl":"https:\/\/fuldner.nl\/wp-content\/uploads\/2021\/05\/machinedetail_41_1_orgineel-2.jpeg","datePublished":"2021-06-08T11:07:02+00:00","dateModified":"2021-07-08T08:38:29+00:00","breadcrumb":{"@id":"https:\/\/fuldner.nl\/de\/maschines\/neue-maschinen\/glassagemaschinen\/#breadcrumb"},"inLanguage":"de","potentialAction":[{"@type":"ReadAction","target":["https:\/\/fuldner.nl\/de\/maschines\/neue-maschinen\/glassagemaschinen\/"]}]},{"@type":"ImageObject","inLanguage":"de","@id":"https:\/\/fuldner.nl\/de\/maschines\/neue-maschinen\/glassagemaschinen\/#primaryimage","url":"https:\/\/fuldner.nl\/wp-content\/uploads\/2021\/05\/machinedetail_41_1_orgineel-2.jpeg","contentUrl":"https:\/\/fuldner.nl\/wp-content\/uploads\/2021\/05\/machinedetail_41_1_orgineel-2.jpeg","width":600,"height":370},{"@type":"BreadcrumbList","@id":"https:\/\/fuldner.nl\/de\/maschines\/neue-maschinen\/glassagemaschinen\/#breadcrumb","itemListElement":[{"@type":"ListItem","position":1,"name":"Home","item":"https:\/\/fuldner.nl\/de\/"},{"@type":"ListItem","position":2,"name":"Maschinen","item":"https:\/\/fuldner.nl\/de\/machines\/"},{"@type":"ListItem","position":3,"name":"Neue Maschinen","item":"https:\/\/fuldner.nl\/de\/machines\/nieuwe-machines\/"},{"@type":"ListItem","position":4,"name":"Glass\u00e4gemaschinen"}]},{"@type":"WebSite","@id":"https:\/\/fuldner.nl\/de\/#website","url":"https:\/\/fuldner.nl\/de\/","name":"F&uuml;ldner","description":"","potentialAction":[{"@type":"SearchAction","target":{"@type":"EntryPoint","urlTemplate":"https:\/\/fuldner.nl\/de\/?s={search_term_string}"},"query-input":{"@type":"PropertyValueSpecification","valueRequired":true,"valueName":"search_term_string"}}],"inLanguage":"de"}]}},"_links":{"self":[{"href":"https:\/\/fuldner.nl\/de\/wp-json\/wp\/v2\/pages\/8653","targetHints":{"allow":["GET"]}}],"collection":[{"href":"https:\/\/fuldner.nl\/de\/wp-json\/wp\/v2\/pages"}],"about":[{"href":"https:\/\/fuldner.nl\/de\/wp-json\/wp\/v2\/types\/page"}],"author":[{"embeddable":true,"href":"https:\/\/fuldner.nl\/de\/wp-json\/wp\/v2\/users\/1"}],"replies":[{"embeddable":true,"href":"https:\/\/fuldner.nl\/de\/wp-json\/wp\/v2\/comments?post=8653"}],"version-history":[{"count":4,"href":"https:\/\/fuldner.nl\/de\/wp-json\/wp\/v2\/pages\/8653\/revisions"}],"predecessor-version":[{"id":9195,"href":"https:\/\/fuldner.nl\/de\/wp-json\/wp\/v2\/pages\/8653\/revisions\/9195"}],"up":[{"embeddable":true,"href":"https:\/\/fuldner.nl\/de\/wp-json\/wp\/v2\/pages\/8256"}],"wp:featuredmedia":[{"embeddable":true,"href":"https:\/\/fuldner.nl\/de\/wp-json\/wp\/v2\/media\/8060"}],"wp:attachment":[{"href":"https:\/\/fuldner.nl\/de\/wp-json\/wp\/v2\/media?parent=8653"}],"curies":[{"name":"wp","href":"https:\/\/api.w.org\/{rel}","templated":true}]}}