{"id":8707,"date":"2021-06-08T15:27:53","date_gmt":"2021-06-08T13:27:53","guid":{"rendered":"https:\/\/fuldner.nl\/?page_id=8707"},"modified":"2021-06-09T15:40:28","modified_gmt":"2021-06-09T13:40:28","slug":"fuldner-maschinen-service","status":"publish","type":"page","link":"https:\/\/fuldner.nl\/de\/fuldner-maschinen-service\/","title":{"rendered":"Fuldner Maschinen Service"},"content":{"rendered":"<section class=\"l-section wpb_row us_custom_30273639 has_text_color height_medium\"><div class=\"l-section-overlay\" style=\"background:#f4f4f4\"><\/div><div class=\"l-section-h i-cf\"><div class=\"g-cols vc_row via_flex valign_top type_default stacking_default\"><div class=\"vc_col-sm-12 wpb_column vc_column_container\"><div class=\"vc_column-inner\"><div class=\"wpb_wrapper\"><nav class=\"g-breadcrumbs us_custom_3b722593 has_text_color separator_custom align_right\" itemscope itemtype=\"http:\/\/schema.org\/BreadcrumbList\"><div class=\"g-breadcrumbs-item\" itemscope itemprop=\"itemListElement\" itemtype=\"http:\/\/schema.org\/ListItem\"><a itemprop=\"item\" href=\"https:\/\/fuldner.nl\/de\/\"><span itemprop=\"name\">Start<\/span><\/a><meta itemprop=\"position\" content=\"1\"\/><\/div><div class=\"g-breadcrumbs-separator\">\/<\/div><div class=\"g-breadcrumbs-item\">Seiten<\/div><\/nav><\/div><\/div><\/div><\/div><\/div><\/section><section class=\"l-section wpb_row mc-arrow-green height_medium with_img\"><div class=\"l-section-img\" role=\"img\" aria-label=\"Bild\" data-img-width=\"900\" data-img-height=\"400\" style=\"background-image: url(https:\/\/fuldner.nl\/wp-content\/uploads\/2021\/05\/glass.png);background-position: center right;background-size: contain;\"><\/div><div class=\"l-section-overlay\" style=\"background:#73c536\"><\/div><div class=\"l-section-h i-cf\"><div class=\"g-cols vc_row via_flex valign_top type_default stacking_default\"><div class=\"vc_col-sm-12 wpb_column vc_column_container\"><div class=\"vc_column-inner\"><div class=\"wpb_wrapper\"><div class=\"wpb_text_column mc-header-detail\"><div class=\"wpb_wrapper\"><h1>\u00dcber F\u00fcldner<\/h1>\n<\/div><\/div><div class=\"wpb_text_column us_custom_6df4bc3a has_text_color\"><div class=\"wpb_wrapper\"><p>F\u00fcldner liefert seit 25 Jahren zuverl\u00e4ssige Qualit\u00e4tsmaschinen f\u00fcr die Glasindustrie. Ob neu oder general\u00fcberholt, wir beraten Sie immer angemessen.<\/p>\n<\/div><\/div><\/div><\/div><\/div><\/div><\/div><\/section><section class=\"l-section wpb_row height_medium\"><div class=\"l-section-h i-cf\"><div class=\"g-cols vc_row via_flex valign_top type_default stacking_default\"><div class=\"vc_col-sm-12 wpb_column vc_column_container\"><div class=\"vc_column-inner\"><div class=\"wpb_wrapper\"><div class=\"g-cols wpb_row via_flex valign_top type_default stacking_default\"><div class=\"vc_col-sm-4 wpb_column vc_column_container mc--block-a has-link\"><div class=\"vc_column-inner\"><div class=\"wpb_wrapper\"><div class=\"w-image us_custom_ee8791b8 style_shadow-1 align_none\"><div class=\"w-image-h\"><img decoding=\"async\" width=\"495\" height=\"400\" src=\"https:\/\/fuldner.nl\/wp-content\/uploads\/2021\/06\/homeblok_23_groot-495x400-1.jpeg\" class=\"attachment-large size-large\" alt=\"\" loading=\"lazy\" srcset=\"https:\/\/fuldner.nl\/wp-content\/uploads\/2021\/06\/homeblok_23_groot-495x400-1.jpeg 495w, https:\/\/fuldner.nl\/wp-content\/uploads\/2021\/06\/homeblok_23_groot-495x400-1-300x242.jpeg 300w\" sizes=\"auto, (max-width: 495px) 100vw, 495px\" \/><\/div><\/div><div class=\"wpb_text_column us_custom_e9f659ba has_text_color\"><div class=\"wpb_wrapper\"><p>Wir \u00fcber uns<\/p>\n<\/div><\/div><\/div><\/div><a title=\"Nieuwe machines\" href=\"\/de\/fuldner-maschinen-service\/fueldner-maschinen-service\/\" class=\"vc_column-link smooth-scroll\"><\/a><\/div><div class=\"vc_col-sm-4 wpb_column vc_column_container mc--block-a has-link\"><div class=\"vc_column-inner\"><div class=\"wpb_wrapper\"><div class=\"w-image us_custom_ee8791b8 style_shadow-1 align_none\"><div class=\"w-image-h\"><img decoding=\"async\" width=\"495\" height=\"400\" src=\"https:\/\/fuldner.nl\/wp-content\/uploads\/2021\/06\/homeblok_21_groot-495x400-1.jpeg\" class=\"attachment-large size-large\" alt=\"\" loading=\"lazy\" srcset=\"https:\/\/fuldner.nl\/wp-content\/uploads\/2021\/06\/homeblok_21_groot-495x400-1.jpeg 495w, https:\/\/fuldner.nl\/wp-content\/uploads\/2021\/06\/homeblok_21_groot-495x400-1-300x242.jpeg 300w\" sizes=\"auto, (max-width: 495px) 100vw, 495px\" \/><\/div><\/div><div class=\"wpb_text_column us_custom_e9f659ba has_text_color\"><div class=\"wpb_wrapper\"><p>Unser Team<\/p>\n<\/div><\/div><\/div><\/div><a title=\"Gebruikte machines\" href=\"\/de\/fuldner-maschinen-service\/fueldner-maschinen-service\/#team\" class=\"vc_column-link smooth-scroll\"><\/a><\/div><div class=\"vc_col-sm-4 wpb_column vc_column_container mc--block-a has-link\"><div class=\"vc_column-inner\"><div class=\"wpb_wrapper\"><div class=\"w-image us_custom_ee8791b8 style_shadow-1 align_none\"><div class=\"w-image-h\"><img decoding=\"async\" width=\"495\" height=\"400\" src=\"https:\/\/fuldner.nl\/wp-content\/uploads\/2021\/06\/2mensen-495x400-1.jpg\" class=\"attachment-large size-large\" alt=\"\" loading=\"lazy\" srcset=\"https:\/\/fuldner.nl\/wp-content\/uploads\/2021\/06\/2mensen-495x400-1.jpg 495w, https:\/\/fuldner.nl\/wp-content\/uploads\/2021\/06\/2mensen-495x400-1-300x242.jpg 300w\" sizes=\"auto, (max-width: 495px) 100vw, 495px\" \/><\/div><\/div><div class=\"wpb_text_column us_custom_e9f659ba has_text_color\"><div class=\"wpb_wrapper\"><p>Karriere<\/p>\n<\/div><\/div><\/div><\/div><a href=\"\/de\/fuldner-maschinen-service\/karriere\/\" class=\"vc_column-link smooth-scroll\" aria-label=\"Link\"><\/a><\/div><\/div><\/div><\/div><\/div><\/div><\/div><\/section>\n","protected":false},"excerpt":{"rendered":"Start\/Seiten\u00dcber F\u00fcldner F\u00fcldner liefert seit 25 Jahren zuverl\u00e4ssige Qualit\u00e4tsmaschinen f\u00fcr die Glasindustrie. Ob neu oder general\u00fcberholt, wir beraten Sie immer angemessen. Wir \u00fcber uns Unser Team Karriere","protected":false},"author":1,"featured_media":0,"parent":0,"menu_order":0,"comment_status":"closed","ping_status":"closed","template":"","meta":{"_acf_changed":false,"footnotes":""},"class_list":["post-8707","page","type-page","status-publish","hentry"],"acf":[],"yoast_head":"<!-- This site is optimized with the Yoast SEO plugin v27.2 - https:\/\/yoast.com\/product\/yoast-seo-wordpress\/ -->\n<title>Fuldner Maschinen Service - F&uuml;ldner<\/title>\n<meta name=\"robots\" content=\"index, follow, max-snippet:-1, max-image-preview:large, max-video-preview:-1\" \/>\n<link rel=\"canonical\" href=\"https:\/\/fuldner.nl\/de\/fuldner-maschinen-service\/\" \/>\n<meta property=\"og:locale\" content=\"de_DE\" \/>\n<meta property=\"og:type\" content=\"article\" \/>\n<meta property=\"og:title\" content=\"Fuldner Maschinen Service - F&uuml;ldner\" \/>\n<meta property=\"og:url\" content=\"https:\/\/fuldner.nl\/de\/fuldner-maschinen-service\/\" \/>\n<meta property=\"og:site_name\" content=\"F&uuml;ldner\" \/>\n<meta property=\"article:modified_time\" content=\"2021-06-09T13:40:28+00:00\" \/>\n<meta name=\"twitter:card\" content=\"summary_large_image\" \/>\n<meta name=\"twitter:label1\" content=\"Gesch\u00e4tzte Lesezeit\" \/>\n\t<meta name=\"twitter:data1\" content=\"1\u00a0Minute\" \/>\n<script type=\"application\/ld+json\" class=\"yoast-schema-graph\">{\"@context\":\"https:\/\/schema.org\",\"@graph\":[{\"@type\":\"WebPage\",\"@id\":\"https:\/\/fuldner.nl\/de\/fuldner-maschinen-service\/\",\"url\":\"https:\/\/fuldner.nl\/de\/fuldner-maschinen-service\/\",\"name\":\"Fuldner Maschinen Service - F&uuml;ldner\",\"isPartOf\":{\"@id\":\"https:\/\/fuldner.nl\/de\/#website\"},\"datePublished\":\"2021-06-08T13:27:53+00:00\",\"dateModified\":\"2021-06-09T13:40:28+00:00\",\"breadcrumb\":{\"@id\":\"https:\/\/fuldner.nl\/de\/fuldner-maschinen-service\/#breadcrumb\"},\"inLanguage\":\"de\",\"potentialAction\":[{\"@type\":\"ReadAction\",\"target\":[\"https:\/\/fuldner.nl\/de\/fuldner-maschinen-service\/\"]}]},{\"@type\":\"BreadcrumbList\",\"@id\":\"https:\/\/fuldner.nl\/de\/fuldner-maschinen-service\/#breadcrumb\",\"itemListElement\":[{\"@type\":\"ListItem\",\"position\":1,\"name\":\"Home\",\"item\":\"https:\/\/fuldner.nl\/de\/\"},{\"@type\":\"ListItem\",\"position\":2,\"name\":\"Fuldner Maschinen Service\"}]},{\"@type\":\"WebSite\",\"@id\":\"https:\/\/fuldner.nl\/de\/#website\",\"url\":\"https:\/\/fuldner.nl\/de\/\",\"name\":\"F&uuml;ldner\",\"description\":\"\",\"potentialAction\":[{\"@type\":\"SearchAction\",\"target\":{\"@type\":\"EntryPoint\",\"urlTemplate\":\"https:\/\/fuldner.nl\/de\/?s={search_term_string}\"},\"query-input\":{\"@type\":\"PropertyValueSpecification\",\"valueRequired\":true,\"valueName\":\"search_term_string\"}}],\"inLanguage\":\"de\"}]}<\/script>\n<!-- \/ Yoast SEO plugin. -->","yoast_head_json":{"title":"Fuldner Maschinen Service - F&uuml;ldner","robots":{"index":"index","follow":"follow","max-snippet":"max-snippet:-1","max-image-preview":"max-image-preview:large","max-video-preview":"max-video-preview:-1"},"canonical":"https:\/\/fuldner.nl\/de\/fuldner-maschinen-service\/","og_locale":"de_DE","og_type":"article","og_title":"Fuldner Maschinen Service - F&uuml;ldner","og_url":"https:\/\/fuldner.nl\/de\/fuldner-maschinen-service\/","og_site_name":"F&uuml;ldner","article_modified_time":"2021-06-09T13:40:28+00:00","twitter_card":"summary_large_image","twitter_misc":{"Gesch\u00e4tzte Lesezeit":"1\u00a0Minute"},"schema":{"@context":"https:\/\/schema.org","@graph":[{"@type":"WebPage","@id":"https:\/\/fuldner.nl\/de\/fuldner-maschinen-service\/","url":"https:\/\/fuldner.nl\/de\/fuldner-maschinen-service\/","name":"Fuldner Maschinen Service - F&uuml;ldner","isPartOf":{"@id":"https:\/\/fuldner.nl\/de\/#website"},"datePublished":"2021-06-08T13:27:53+00:00","dateModified":"2021-06-09T13:40:28+00:00","breadcrumb":{"@id":"https:\/\/fuldner.nl\/de\/fuldner-maschinen-service\/#breadcrumb"},"inLanguage":"de","potentialAction":[{"@type":"ReadAction","target":["https:\/\/fuldner.nl\/de\/fuldner-maschinen-service\/"]}]},{"@type":"BreadcrumbList","@id":"https:\/\/fuldner.nl\/de\/fuldner-maschinen-service\/#breadcrumb","itemListElement":[{"@type":"ListItem","position":1,"name":"Home","item":"https:\/\/fuldner.nl\/de\/"},{"@type":"ListItem","position":2,"name":"Fuldner Maschinen Service"}]},{"@type":"WebSite","@id":"https:\/\/fuldner.nl\/de\/#website","url":"https:\/\/fuldner.nl\/de\/","name":"F&uuml;ldner","description":"","potentialAction":[{"@type":"SearchAction","target":{"@type":"EntryPoint","urlTemplate":"https:\/\/fuldner.nl\/de\/?s={search_term_string}"},"query-input":{"@type":"PropertyValueSpecification","valueRequired":true,"valueName":"search_term_string"}}],"inLanguage":"de"}]}},"_links":{"self":[{"href":"https:\/\/fuldner.nl\/de\/wp-json\/wp\/v2\/pages\/8707","targetHints":{"allow":["GET"]}}],"collection":[{"href":"https:\/\/fuldner.nl\/de\/wp-json\/wp\/v2\/pages"}],"about":[{"href":"https:\/\/fuldner.nl\/de\/wp-json\/wp\/v2\/types\/page"}],"author":[{"embeddable":true,"href":"https:\/\/fuldner.nl\/de\/wp-json\/wp\/v2\/users\/1"}],"replies":[{"embeddable":true,"href":"https:\/\/fuldner.nl\/de\/wp-json\/wp\/v2\/comments?post=8707"}],"version-history":[{"count":4,"href":"https:\/\/fuldner.nl\/de\/wp-json\/wp\/v2\/pages\/8707\/revisions"}],"predecessor-version":[{"id":8993,"href":"https:\/\/fuldner.nl\/de\/wp-json\/wp\/v2\/pages\/8707\/revisions\/8993"}],"wp:attachment":[{"href":"https:\/\/fuldner.nl\/de\/wp-json\/wp\/v2\/media?parent=8707"}],"curies":[{"name":"wp","href":"https:\/\/api.w.org\/{rel}","templated":true}]}}