{"id":8769,"date":"2021-06-08T17:04:00","date_gmt":"2021-06-08T15:04:00","guid":{"rendered":"https:\/\/fuldner.nl\/?page_id=8769"},"modified":"2021-11-02T16:06:59","modified_gmt":"2021-11-02T15:06:59","slug":"datenschutzrichtlinie","status":"publish","type":"page","link":"https:\/\/fuldner.nl\/de\/datenschutzrichtlinie\/","title":{"rendered":"Datenschutzrichtlinie"},"content":{"rendered":"<section class=\"l-section wpb_row height_medium\"><div class=\"l-section-h i-cf\"><div class=\"g-cols vc_row via_flex valign_top type_default stacking_default\"><div class=\"vc_col-sm-8 wpb_column vc_column_container\"><div class=\"vc_column-inner\"><div class=\"wpb_wrapper\"><div class=\"wpb_text_column\"><div class=\"wpb_wrapper\"><h1><strong>DATENSCHUTZERKL\u00c4RUNG<\/strong><\/h1>\n<p><strong>Erhebung und Verwendung personenbezogener Daten von Kunden, Lieferanten und sonstigen Auftragnehmern<\/strong><\/p>\n<p>Wir weisen darauf hin, dass wir die von Ihnen zur Verf\u00fcgung gestellten personenbezogenen Daten erheben und verwenden, da dies f\u00fcr den Abschluss und die Durchf\u00fchrung eines Vertrages mit Ihnen erforderlich ist. Dies gilt sowohl f\u00fcr unsere (potentiellen) Kunden als auch f\u00fcr Parteien, von denen wir Waren und\/oder Dienstleistungen beziehen.<\/p>\n<p>Wenn Sie ein (potenzieller) Kunde von uns sind, verwenden wir Ihre Daten, um Ihnen ein Angebot zu unterbreiten, um festzustellen, welche Spezifikationen oder W\u00fcnsche ein bestimmter Artikel oder eine bestimmte Dienstleistung erf\u00fcllen muss, um Artikel liefern oder Arbeiten ausf\u00fchren zu k\u00f6nnen Sie, um schnell und effizient \u00fcber die Umsetzungsaspekte der Vereinbarung mit Ihnen zu kommunizieren, Leistungen zu erbringen, zu fakturieren und mit Ihnen kommunizieren zu k\u00f6nnen.<\/p>\n<p>Wenn Sie (potenzieller) Lieferant oder sonstiger Auftragnehmer sind, sind Ihre personenbezogenen Daten auch f\u00fcr den Abschluss und die Durchf\u00fchrung des Vertrages erforderlich. Dies ist beim Kauf erforderlich, um Ihnen mitteilen zu k\u00f6nnen, welche Spezifikationen oder W\u00fcnsche ein bestimmter Artikel oder eine bestimmte Leistung unserer Meinung nach erf\u00fcllen muss, um eine Angebotsanfrage senden oder eine Bestellung bei Ihnen aufgeben zu k\u00f6nnen, um Ihre Rechnungen bezahlen zu k\u00f6nnen und um mit Ihnen reibungslos und effizient kommunizieren zu k\u00f6nnen \u00fcber andere Aspekte der Vereinbarung.<\/p>\n<p>Sie sind nicht verpflichtet, uns Ihre personenbezogenen Daten bereitzustellen. Wenn Sie uns jedoch keine oder nur unzureichende personenbezogene Daten zur Verf\u00fcgung stellen, kann es sein, dass wir die vorgenannten T\u00e4tigkeiten nicht durchf\u00fchren k\u00f6nnen.<\/p>\n<p><strong>Weitergabe an Dritte<\/strong><\/p>\n<p>Im Zusammenhang mit der Durchf\u00fchrung einer m\u00f6glichen Vereinbarung mit Ihnen m\u00fcssen wir Ihre personenbezogenen Daten m\u00f6glicherweise an Parteien weitergeben, die uns Teile, Materialien und Produkte liefern oder in unserem Auftrag Aktivit\u00e4ten ausf\u00fchren. Wir verwenden auch externen Serverraum f\u00fcr die Speicherung (von Teilen) unserer Verkaufs- und Einkaufsverwaltung, zu der Ihre personenbezogenen Daten geh\u00f6ren. Ihre personenbezogenen Daten werden daher an unseren Serverraumanbieter weitergegeben. Wir nutzen auch Microsoft Office und die damit verbundenen Speicherm\u00f6glichkeiten f\u00fcr E-Mails und andere Dateien. Da wir einen Newsletter-Versanddienst nutzen, werden Ihre personenbezogenen Daten schlie\u00dflich an den Anbieter dieses Dienstes weitergegeben.<\/p>\n<p><strong>Direktmarketing<\/strong><\/p>\n<p>Wenn Sie Kunde bei uns sind, speichern und verwenden wir die von Ihnen mitgeteilten personenbezogenen Daten, um Sie zuk\u00fcnftig pers\u00f6nlich per E-Mail \u00fcber unsere bestehenden und neuen Produkte und Dienstleistungen zu informieren und Ihnen ggf. ein Angebot hierf\u00fcr unterbreiten zu k\u00f6nnen. Wir haben ein berechtigtes Interesse an der Verwendung Ihrer personenbezogenen Daten zu diesem Zweck, n\u00e4mlich zur Vermarktung unserer Produkte und Dienstleistungen. Jedes Mal, wenn wir Ihnen ein Werbemailing zusenden, haben Sie die M\u00f6glichkeit, uns mitzuteilen, dass Sie diese nicht mehr erhalten m\u00f6chten. Benutzen Sie daf\u00fcr den Abmeldelink am Ende jedes Mailings.<\/p>\n<p><strong>Aufbewahrungsfrist personenbezogener Daten<\/strong><\/p>\n<p>Wenn Sie bei uns ein Angebot angefordert haben, aber kein Kunde bei uns geworden sind, l\u00f6schen wir Ihre Daten sp\u00e4testens ein Jahr nach unserem letzten Kontakt, es sei denn, Sie erlauben uns, dieses Angebot f\u00fcr einen l\u00e4ngeren Zeitraum zu archivieren. Auch wenn wir von Ihnen ein Angebot erhalten haben, wir aber nicht Ihr Kunde geworden sind, werden Ihre personenbezogenen Daten sp\u00e4testens ein Jahr nach unserem letzten Kontakt gel\u00f6scht. Wenn Sie Kunde bei uns geworden sind oder wir Kunde von Ihnen geworden sind, bewahren wir Ihre personenbezogenen Daten f\u00fcr einen Zeitraum von zwanzig Jahren nach Ablauf des Gesch\u00e4ftsjahres auf, in dem der Vertrag mit Ihnen vollst\u00e4ndig durchgef\u00fchrt wurde. Der Zeitraum von zwanzig Jahren entspricht die durchschnittliche Lebensdauer unserer Produkte. Nach Ablauf dieser Frist werden wir Ihre personenbezogenen Daten l\u00f6schen. Auf Ihren Wunsch k\u00f6nnen wir Ihre Daten auch fr\u00fcher l\u00f6schen.<\/p>\n<p><strong>Deine Rechte<\/strong><\/p>\n<p>Sie haben das Recht, uns aufzufordern, Ihre pers\u00f6nlichen Daten einzusehen. Bei Vorliegen eines Anlasses k\u00f6nnen Sie uns auch auffordern, Ihre personenbezogenen Daten zu erg\u00e4nzen oder Unrichtigkeiten zu berichtigen. Dar\u00fcber hinaus haben Sie das Recht, die L\u00f6schung Ihrer personenbezogenen Daten oder die Einschr\u00e4nkung der Nutzung Ihrer personenbezogenen Daten zu verlangen. Sie k\u00f6nnen auch der Erhebung und Verwendung Ihrer Daten widersprechen oder eine Beschwerde bei der niederl\u00e4ndischen Datenschutzbeh\u00f6rde einreichen. Schlie\u00dflich k\u00f6nnen Sie uns auffordern, Ihre personenbezogenen Daten zu erhalten oder diese Daten an eine andere Person zu \u00fcbermitteln. Um Ihre Rechte auszu\u00fcben, k\u00f6nnen Sie sich an folgende Adresse wenden: (F\u00fcldner Machines &amp; Service, Wijngaardsweg 20, 6412 PJ Heerlen, T. 0031-45-5217757, <a href=\"mailto:info@fuldner.nl\">info@fuldner.nl<\/a>) Auch bei Fragen oder f\u00fcr weitere Informationen zur Erhebung und Verwendung Ihrer personenbezogenen Daten k\u00f6nnen Sie sich selbstverst\u00e4ndlich an uns wenden.<\/p>\n<\/div><\/div><\/div><\/div><\/div><div class=\"vc_col-sm-4 wpb_column vc_column_container\"><div class=\"vc_column-inner\"><div class=\"wpb_wrapper\"><\/div><\/div><\/div><\/div><\/div><\/section>\n","protected":false},"excerpt":{"rendered":"DATENSCHUTZERKL\u00c4RUNG Erhebung und Verwendung personenbezogener Daten von Kunden, Lieferanten und sonstigen Auftragnehmern Wir weisen darauf hin, dass wir die von Ihnen zur Verf\u00fcgung gestellten personenbezogenen Daten erheben und verwenden, da dies f\u00fcr den Abschluss und die Durchf\u00fchrung eines Vertrages mit Ihnen erforderlich ist. Dies gilt sowohl f\u00fcr unsere (potentiellen) Kunden als auch f\u00fcr Parteien, von...","protected":false},"author":1,"featured_media":0,"parent":0,"menu_order":0,"comment_status":"closed","ping_status":"closed","template":"","meta":{"_acf_changed":false,"footnotes":""},"class_list":["post-8769","page","type-page","status-publish","hentry"],"acf":[],"yoast_head":"<!-- This site is optimized with the Yoast SEO plugin v27.2 - https:\/\/yoast.com\/product\/yoast-seo-wordpress\/ -->\n<title>Datenschutzrichtlinie - F&uuml;ldner<\/title>\n<meta name=\"robots\" content=\"index, follow, max-snippet:-1, max-image-preview:large, max-video-preview:-1\" \/>\n<link rel=\"canonical\" href=\"https:\/\/fuldner.nl\/de\/datenschutzrichtlinie\/\" \/>\n<meta property=\"og:locale\" content=\"de_DE\" \/>\n<meta property=\"og:type\" content=\"article\" \/>\n<meta property=\"og:title\" content=\"Datenschutzrichtlinie - F&uuml;ldner\" \/>\n<meta property=\"og:url\" content=\"https:\/\/fuldner.nl\/de\/datenschutzrichtlinie\/\" \/>\n<meta property=\"og:site_name\" content=\"F&uuml;ldner\" \/>\n<meta property=\"article:modified_time\" content=\"2021-11-02T15:06:59+00:00\" \/>\n<meta name=\"twitter:card\" content=\"summary_large_image\" \/>\n<meta name=\"twitter:label1\" content=\"Gesch\u00e4tzte Lesezeit\" \/>\n\t<meta name=\"twitter:data1\" content=\"4\u00a0Minuten\" \/>\n<script type=\"application\/ld+json\" class=\"yoast-schema-graph\">{\"@context\":\"https:\/\/schema.org\",\"@graph\":[{\"@type\":\"WebPage\",\"@id\":\"https:\/\/fuldner.nl\/de\/datenschutzrichtlinie\/\",\"url\":\"https:\/\/fuldner.nl\/de\/datenschutzrichtlinie\/\",\"name\":\"Datenschutzrichtlinie - F&uuml;ldner\",\"isPartOf\":{\"@id\":\"https:\/\/fuldner.nl\/de\/#website\"},\"datePublished\":\"2021-06-08T15:04:00+00:00\",\"dateModified\":\"2021-11-02T15:06:59+00:00\",\"breadcrumb\":{\"@id\":\"https:\/\/fuldner.nl\/de\/datenschutzrichtlinie\/#breadcrumb\"},\"inLanguage\":\"de\",\"potentialAction\":[{\"@type\":\"ReadAction\",\"target\":[\"https:\/\/fuldner.nl\/de\/datenschutzrichtlinie\/\"]}]},{\"@type\":\"BreadcrumbList\",\"@id\":\"https:\/\/fuldner.nl\/de\/datenschutzrichtlinie\/#breadcrumb\",\"itemListElement\":[{\"@type\":\"ListItem\",\"position\":1,\"name\":\"Home\",\"item\":\"https:\/\/fuldner.nl\/de\/\"},{\"@type\":\"ListItem\",\"position\":2,\"name\":\"Datenschutzrichtlinie\"}]},{\"@type\":\"WebSite\",\"@id\":\"https:\/\/fuldner.nl\/de\/#website\",\"url\":\"https:\/\/fuldner.nl\/de\/\",\"name\":\"F&uuml;ldner\",\"description\":\"\",\"potentialAction\":[{\"@type\":\"SearchAction\",\"target\":{\"@type\":\"EntryPoint\",\"urlTemplate\":\"https:\/\/fuldner.nl\/de\/?s={search_term_string}\"},\"query-input\":{\"@type\":\"PropertyValueSpecification\",\"valueRequired\":true,\"valueName\":\"search_term_string\"}}],\"inLanguage\":\"de\"}]}<\/script>\n<!-- \/ Yoast SEO plugin. -->","yoast_head_json":{"title":"Datenschutzrichtlinie - F&uuml;ldner","robots":{"index":"index","follow":"follow","max-snippet":"max-snippet:-1","max-image-preview":"max-image-preview:large","max-video-preview":"max-video-preview:-1"},"canonical":"https:\/\/fuldner.nl\/de\/datenschutzrichtlinie\/","og_locale":"de_DE","og_type":"article","og_title":"Datenschutzrichtlinie - F&uuml;ldner","og_url":"https:\/\/fuldner.nl\/de\/datenschutzrichtlinie\/","og_site_name":"F&uuml;ldner","article_modified_time":"2021-11-02T15:06:59+00:00","twitter_card":"summary_large_image","twitter_misc":{"Gesch\u00e4tzte Lesezeit":"4\u00a0Minuten"},"schema":{"@context":"https:\/\/schema.org","@graph":[{"@type":"WebPage","@id":"https:\/\/fuldner.nl\/de\/datenschutzrichtlinie\/","url":"https:\/\/fuldner.nl\/de\/datenschutzrichtlinie\/","name":"Datenschutzrichtlinie - F&uuml;ldner","isPartOf":{"@id":"https:\/\/fuldner.nl\/de\/#website"},"datePublished":"2021-06-08T15:04:00+00:00","dateModified":"2021-11-02T15:06:59+00:00","breadcrumb":{"@id":"https:\/\/fuldner.nl\/de\/datenschutzrichtlinie\/#breadcrumb"},"inLanguage":"de","potentialAction":[{"@type":"ReadAction","target":["https:\/\/fuldner.nl\/de\/datenschutzrichtlinie\/"]}]},{"@type":"BreadcrumbList","@id":"https:\/\/fuldner.nl\/de\/datenschutzrichtlinie\/#breadcrumb","itemListElement":[{"@type":"ListItem","position":1,"name":"Home","item":"https:\/\/fuldner.nl\/de\/"},{"@type":"ListItem","position":2,"name":"Datenschutzrichtlinie"}]},{"@type":"WebSite","@id":"https:\/\/fuldner.nl\/de\/#website","url":"https:\/\/fuldner.nl\/de\/","name":"F&uuml;ldner","description":"","potentialAction":[{"@type":"SearchAction","target":{"@type":"EntryPoint","urlTemplate":"https:\/\/fuldner.nl\/de\/?s={search_term_string}"},"query-input":{"@type":"PropertyValueSpecification","valueRequired":true,"valueName":"search_term_string"}}],"inLanguage":"de"}]}},"_links":{"self":[{"href":"https:\/\/fuldner.nl\/de\/wp-json\/wp\/v2\/pages\/8769","targetHints":{"allow":["GET"]}}],"collection":[{"href":"https:\/\/fuldner.nl\/de\/wp-json\/wp\/v2\/pages"}],"about":[{"href":"https:\/\/fuldner.nl\/de\/wp-json\/wp\/v2\/types\/page"}],"author":[{"embeddable":true,"href":"https:\/\/fuldner.nl\/de\/wp-json\/wp\/v2\/users\/1"}],"replies":[{"embeddable":true,"href":"https:\/\/fuldner.nl\/de\/wp-json\/wp\/v2\/comments?post=8769"}],"version-history":[{"count":5,"href":"https:\/\/fuldner.nl\/de\/wp-json\/wp\/v2\/pages\/8769\/revisions"}],"predecessor-version":[{"id":9269,"href":"https:\/\/fuldner.nl\/de\/wp-json\/wp\/v2\/pages\/8769\/revisions\/9269"}],"wp:attachment":[{"href":"https:\/\/fuldner.nl\/de\/wp-json\/wp\/v2\/media?parent=8769"}],"curies":[{"name":"wp","href":"https:\/\/api.w.org\/{rel}","templated":true}]}}