{"id":9430,"date":"2022-04-15T14:14:16","date_gmt":"2022-04-15T12:14:16","guid":{"rendered":"https:\/\/fuldner.nl\/?page_id=9430"},"modified":"2022-04-22T13:38:47","modified_gmt":"2022-04-22T11:38:47","slug":"check-horizontale-und-vertikale-cnc-bearbeitungszentren","status":"publish","type":"page","link":"https:\/\/fuldner.nl\/de\/check-horizontale-und-vertikale-cnc-bearbeitungszentren\/","title":{"rendered":"Check Horizontale und vertikale CNC-Bearbeitungszentren"},"content":{"rendered":"<section class=\"l-section wpb_row mc-arrow-green height_medium with_img\"><div class=\"l-section-img\" role=\"img\" aria-label=\"Bild\" data-img-width=\"900\" data-img-height=\"400\" style=\"background-image: url(https:\/\/fuldner.nl\/wp-content\/uploads\/2021\/05\/glass.png);background-position: center right;background-size: contain;\"><\/div><div class=\"l-section-overlay\" style=\"background:#73c536\"><\/div><div class=\"l-section-h i-cf\"><div class=\"g-cols vc_row via_flex valign_top type_default stacking_default\"><div class=\"vc_col-sm-12 wpb_column vc_column_container\"><div class=\"vc_column-inner\"><div class=\"wpb_wrapper\"><div class=\"wpb_text_column us_custom_a5c88937 mc-header-detail-de\"><div class=\"wpb_wrapper\"><h1>Mach den Check<\/h1>\n<\/div><\/div><div class=\"wpb_text_column us_custom_6df4bc3a has_text_color\"><div class=\"wpb_wrapper\"><p>CMS bietet multifunktionale horizontale CNC-Maschinen an mit 3-4 oder 5-6 Achsen sowie vertikale CNC-Maschinen, die neben den klassischen Vorteilen der Produktivit\u00e4t und Vielseitigkeit auch Genauigkeit und Qualit\u00e4t bieten. Wir sind f\u00fcr Sie da! Entdecken Sie, was wir f\u00fcr Sie tun k\u00f6nnen.<\/p>\n<\/div><\/div><\/div><\/div><\/div><\/div><\/div><\/section><section class=\"l-section wpb_row height_medium\"><div class=\"l-section-h i-cf\"><div class=\"g-cols vc_row via_flex valign_top type_default stacking_default\"><div class=\"vc_col-sm-12 wpb_column vc_column_container\"><div class=\"vc_column-inner\"><div class=\"wpb_wrapper\"><div class=\"wpb_text_column mc-contact-form\"><div class=\"wpb_wrapper\"><div id=\"activedemand_forms_0\"><\/div>\n<\/div><\/div><\/div><\/div><\/div><\/div><\/div><\/section>\n","protected":false},"excerpt":{"rendered":"Mach den Check CMS bietet multifunktionale horizontale CNC-Maschinen an mit 3-4 oder 5-6 Achsen sowie vertikale CNC-Maschinen, die neben den klassischen Vorteilen der Produktivit\u00e4t und Vielseitigkeit auch Genauigkeit und Qualit\u00e4t bieten. Wir sind f\u00fcr Sie da! Entdecken Sie, was wir f\u00fcr Sie tun k\u00f6nnen.","protected":false},"author":1,"featured_media":0,"parent":0,"menu_order":0,"comment_status":"closed","ping_status":"closed","template":"","meta":{"_acf_changed":false,"footnotes":""},"class_list":["post-9430","page","type-page","status-publish","hentry"],"acf":[],"yoast_head":"<!-- This site is optimized with the Yoast SEO plugin v27.2 - https:\/\/yoast.com\/product\/yoast-seo-wordpress\/ -->\n<title>Check Horizontale und vertikale CNC-Bearbeitungszentren - F&uuml;ldner<\/title>\n<meta name=\"robots\" content=\"index, follow, max-snippet:-1, max-image-preview:large, max-video-preview:-1\" \/>\n<link rel=\"canonical\" href=\"https:\/\/fuldner.nl\/de\/check-horizontale-und-vertikale-cnc-bearbeitungszentren\/\" \/>\n<meta property=\"og:locale\" content=\"de_DE\" \/>\n<meta property=\"og:type\" content=\"article\" \/>\n<meta property=\"og:title\" content=\"Check Horizontale und vertikale CNC-Bearbeitungszentren - F&uuml;ldner\" \/>\n<meta property=\"og:url\" content=\"https:\/\/fuldner.nl\/de\/check-horizontale-und-vertikale-cnc-bearbeitungszentren\/\" \/>\n<meta property=\"og:site_name\" content=\"F&uuml;ldner\" \/>\n<meta property=\"article:modified_time\" content=\"2022-04-22T11:38:47+00:00\" \/>\n<meta name=\"twitter:card\" content=\"summary_large_image\" \/>\n<meta name=\"twitter:label1\" content=\"Gesch\u00e4tzte Lesezeit\" \/>\n\t<meta name=\"twitter:data1\" content=\"1\u00a0Minute\" \/>\n<script type=\"application\/ld+json\" class=\"yoast-schema-graph\">{\"@context\":\"https:\/\/schema.org\",\"@graph\":[{\"@type\":\"WebPage\",\"@id\":\"https:\/\/fuldner.nl\/de\/check-horizontale-und-vertikale-cnc-bearbeitungszentren\/\",\"url\":\"https:\/\/fuldner.nl\/de\/check-horizontale-und-vertikale-cnc-bearbeitungszentren\/\",\"name\":\"Check Horizontale und vertikale CNC-Bearbeitungszentren - F&uuml;ldner\",\"isPartOf\":{\"@id\":\"https:\/\/fuldner.nl\/de\/#website\"},\"datePublished\":\"2022-04-15T12:14:16+00:00\",\"dateModified\":\"2022-04-22T11:38:47+00:00\",\"breadcrumb\":{\"@id\":\"https:\/\/fuldner.nl\/de\/check-horizontale-und-vertikale-cnc-bearbeitungszentren\/#breadcrumb\"},\"inLanguage\":\"de\",\"potentialAction\":[{\"@type\":\"ReadAction\",\"target\":[\"https:\/\/fuldner.nl\/de\/check-horizontale-und-vertikale-cnc-bearbeitungszentren\/\"]}]},{\"@type\":\"BreadcrumbList\",\"@id\":\"https:\/\/fuldner.nl\/de\/check-horizontale-und-vertikale-cnc-bearbeitungszentren\/#breadcrumb\",\"itemListElement\":[{\"@type\":\"ListItem\",\"position\":1,\"name\":\"Home\",\"item\":\"https:\/\/fuldner.nl\/de\/\"},{\"@type\":\"ListItem\",\"position\":2,\"name\":\"Check Horizontale und vertikale CNC-Bearbeitungszentren\"}]},{\"@type\":\"WebSite\",\"@id\":\"https:\/\/fuldner.nl\/de\/#website\",\"url\":\"https:\/\/fuldner.nl\/de\/\",\"name\":\"F&uuml;ldner\",\"description\":\"\",\"potentialAction\":[{\"@type\":\"SearchAction\",\"target\":{\"@type\":\"EntryPoint\",\"urlTemplate\":\"https:\/\/fuldner.nl\/de\/?s={search_term_string}\"},\"query-input\":{\"@type\":\"PropertyValueSpecification\",\"valueRequired\":true,\"valueName\":\"search_term_string\"}}],\"inLanguage\":\"de\"}]}<\/script>\n<!-- \/ Yoast SEO plugin. -->","yoast_head_json":{"title":"Check Horizontale und vertikale CNC-Bearbeitungszentren - F&uuml;ldner","robots":{"index":"index","follow":"follow","max-snippet":"max-snippet:-1","max-image-preview":"max-image-preview:large","max-video-preview":"max-video-preview:-1"},"canonical":"https:\/\/fuldner.nl\/de\/check-horizontale-und-vertikale-cnc-bearbeitungszentren\/","og_locale":"de_DE","og_type":"article","og_title":"Check Horizontale und vertikale CNC-Bearbeitungszentren - F&uuml;ldner","og_url":"https:\/\/fuldner.nl\/de\/check-horizontale-und-vertikale-cnc-bearbeitungszentren\/","og_site_name":"F&uuml;ldner","article_modified_time":"2022-04-22T11:38:47+00:00","twitter_card":"summary_large_image","twitter_misc":{"Gesch\u00e4tzte Lesezeit":"1\u00a0Minute"},"schema":{"@context":"https:\/\/schema.org","@graph":[{"@type":"WebPage","@id":"https:\/\/fuldner.nl\/de\/check-horizontale-und-vertikale-cnc-bearbeitungszentren\/","url":"https:\/\/fuldner.nl\/de\/check-horizontale-und-vertikale-cnc-bearbeitungszentren\/","name":"Check Horizontale und vertikale CNC-Bearbeitungszentren - F&uuml;ldner","isPartOf":{"@id":"https:\/\/fuldner.nl\/de\/#website"},"datePublished":"2022-04-15T12:14:16+00:00","dateModified":"2022-04-22T11:38:47+00:00","breadcrumb":{"@id":"https:\/\/fuldner.nl\/de\/check-horizontale-und-vertikale-cnc-bearbeitungszentren\/#breadcrumb"},"inLanguage":"de","potentialAction":[{"@type":"ReadAction","target":["https:\/\/fuldner.nl\/de\/check-horizontale-und-vertikale-cnc-bearbeitungszentren\/"]}]},{"@type":"BreadcrumbList","@id":"https:\/\/fuldner.nl\/de\/check-horizontale-und-vertikale-cnc-bearbeitungszentren\/#breadcrumb","itemListElement":[{"@type":"ListItem","position":1,"name":"Home","item":"https:\/\/fuldner.nl\/de\/"},{"@type":"ListItem","position":2,"name":"Check Horizontale und vertikale CNC-Bearbeitungszentren"}]},{"@type":"WebSite","@id":"https:\/\/fuldner.nl\/de\/#website","url":"https:\/\/fuldner.nl\/de\/","name":"F&uuml;ldner","description":"","potentialAction":[{"@type":"SearchAction","target":{"@type":"EntryPoint","urlTemplate":"https:\/\/fuldner.nl\/de\/?s={search_term_string}"},"query-input":{"@type":"PropertyValueSpecification","valueRequired":true,"valueName":"search_term_string"}}],"inLanguage":"de"}]}},"_links":{"self":[{"href":"https:\/\/fuldner.nl\/de\/wp-json\/wp\/v2\/pages\/9430","targetHints":{"allow":["GET"]}}],"collection":[{"href":"https:\/\/fuldner.nl\/de\/wp-json\/wp\/v2\/pages"}],"about":[{"href":"https:\/\/fuldner.nl\/de\/wp-json\/wp\/v2\/types\/page"}],"author":[{"embeddable":true,"href":"https:\/\/fuldner.nl\/de\/wp-json\/wp\/v2\/users\/1"}],"replies":[{"embeddable":true,"href":"https:\/\/fuldner.nl\/de\/wp-json\/wp\/v2\/comments?post=9430"}],"version-history":[{"count":11,"href":"https:\/\/fuldner.nl\/de\/wp-json\/wp\/v2\/pages\/9430\/revisions"}],"predecessor-version":[{"id":9479,"href":"https:\/\/fuldner.nl\/de\/wp-json\/wp\/v2\/pages\/9430\/revisions\/9479"}],"wp:attachment":[{"href":"https:\/\/fuldner.nl\/de\/wp-json\/wp\/v2\/media?parent=9430"}],"curies":[{"name":"wp","href":"https:\/\/api.w.org\/{rel}","templated":true}]}}