{"id":9492,"date":"2022-05-09T11:48:59","date_gmt":"2022-05-09T09:48:59","guid":{"rendered":"https:\/\/fuldner.nl\/?page_id=9492"},"modified":"2022-05-10T08:31:05","modified_gmt":"2022-05-10T06:31:05","slug":"impressum","status":"publish","type":"page","link":"https:\/\/fuldner.nl\/de\/impressum\/","title":{"rendered":"Impressum"},"content":{"rendered":"<section class=\"l-section wpb_row height_medium\"><div class=\"l-section-h i-cf\"><div class=\"g-cols vc_row via_flex valign_top type_default stacking_default\"><div class=\"vc_col-sm-12 wpb_column vc_column_container\"><div class=\"vc_column-inner\"><div class=\"wpb_wrapper\"><div class=\"wpb_text_column\"><div class=\"wpb_wrapper\"><p><strong>Name der Organisation der diese Website geh\u00f6rt<br \/>\n<\/strong>F\u00fcldner Machines &amp; Service<\/p>\n<p><strong>Adresse des Hauptsitzes<br \/>\n<\/strong>F\u00fcldner Machines &amp; Service<br \/>\nWijngaardsweg 20<br \/>\n6412 PJ Heerlen<br \/>\nDie Niederlande<\/p>\n<p><strong>Der Name des Eigent\u00fcmers, Direktors oder Vertreters<br \/>\n<\/strong>J.Wilbers (Eigent\u00fcmer)<\/p>\n<p><strong>Kontaktdaten f\u00fcr Kunden<br \/>\n<\/strong>F\u00fcldner Machines &amp; Service<br \/>\nWijngaardsweg 20, 6412 PJ Heerlen<br \/>\nT. 045 521 7757<br \/>\nE. info@fuldner.nl<\/p>\n<p><strong>Kontakdaten f\u00fcr Presseanfragen<br \/>\n<\/strong>F\u00fcldner Machines &amp; Service<br \/>\nJan Wilbers \u2013 Eigent\u00fcmer<br \/>\nT. 045 521 7757<br \/>\nE. info@fuldner.nl<\/p>\n<p><strong>Nummer der Handelskammer<br \/>\n<\/strong>14049578<\/p>\n<p><strong>USt-ID<br \/>\n<\/strong>803592759B01<strong><br \/>\n<\/strong><\/p>\n<\/div><\/div><\/div><\/div><\/div><\/div><\/div><\/section>\n","protected":false},"excerpt":{"rendered":"Name der Organisation der diese Website geh\u00f6rt F\u00fcldner Machines &amp; Service Adresse des Hauptsitzes F\u00fcldner Machines &amp; Service Wijngaardsweg 20 6412 PJ Heerlen Die Niederlande Der Name des Eigent\u00fcmers, Direktors oder Vertreters J.Wilbers (Eigent\u00fcmer) Kontaktdaten f\u00fcr Kunden F\u00fcldner Machines &amp; Service Wijngaardsweg 20, 6412 PJ Heerlen T. 045 521 7757 E. info@fuldner.nl Kontakdaten f\u00fcr Presseanfragen...","protected":false},"author":1,"featured_media":0,"parent":0,"menu_order":0,"comment_status":"closed","ping_status":"closed","template":"","meta":{"_acf_changed":false,"footnotes":""},"class_list":["post-9492","page","type-page","status-publish","hentry"],"acf":[],"yoast_head":"<!-- This site is optimized with the Yoast SEO plugin v27.2 - https:\/\/yoast.com\/product\/yoast-seo-wordpress\/ -->\n<title>Impressum - F&uuml;ldner<\/title>\n<meta name=\"robots\" content=\"index, follow, max-snippet:-1, max-image-preview:large, max-video-preview:-1\" \/>\n<link rel=\"canonical\" href=\"https:\/\/fuldner.nl\/de\/impressum\/\" \/>\n<meta property=\"og:locale\" content=\"de_DE\" \/>\n<meta property=\"og:type\" content=\"article\" \/>\n<meta property=\"og:title\" content=\"Impressum - F&uuml;ldner\" \/>\n<meta property=\"og:url\" content=\"https:\/\/fuldner.nl\/de\/impressum\/\" \/>\n<meta property=\"og:site_name\" content=\"F&uuml;ldner\" \/>\n<meta property=\"article:modified_time\" content=\"2022-05-10T06:31:05+00:00\" \/>\n<meta name=\"twitter:card\" content=\"summary_large_image\" \/>\n<meta name=\"twitter:label1\" content=\"Gesch\u00e4tzte Lesezeit\" \/>\n\t<meta name=\"twitter:data1\" content=\"1\u00a0Minute\" \/>\n<script type=\"application\/ld+json\" class=\"yoast-schema-graph\">{\"@context\":\"https:\/\/schema.org\",\"@graph\":[{\"@type\":\"WebPage\",\"@id\":\"https:\/\/fuldner.nl\/de\/impressum\/\",\"url\":\"https:\/\/fuldner.nl\/de\/impressum\/\",\"name\":\"Impressum - F&uuml;ldner\",\"isPartOf\":{\"@id\":\"https:\/\/fuldner.nl\/de\/#website\"},\"datePublished\":\"2022-05-09T09:48:59+00:00\",\"dateModified\":\"2022-05-10T06:31:05+00:00\",\"breadcrumb\":{\"@id\":\"https:\/\/fuldner.nl\/de\/impressum\/#breadcrumb\"},\"inLanguage\":\"de\",\"potentialAction\":[{\"@type\":\"ReadAction\",\"target\":[\"https:\/\/fuldner.nl\/de\/impressum\/\"]}]},{\"@type\":\"BreadcrumbList\",\"@id\":\"https:\/\/fuldner.nl\/de\/impressum\/#breadcrumb\",\"itemListElement\":[{\"@type\":\"ListItem\",\"position\":1,\"name\":\"Home\",\"item\":\"https:\/\/fuldner.nl\/de\/\"},{\"@type\":\"ListItem\",\"position\":2,\"name\":\"Impressum\"}]},{\"@type\":\"WebSite\",\"@id\":\"https:\/\/fuldner.nl\/de\/#website\",\"url\":\"https:\/\/fuldner.nl\/de\/\",\"name\":\"F&uuml;ldner\",\"description\":\"\",\"potentialAction\":[{\"@type\":\"SearchAction\",\"target\":{\"@type\":\"EntryPoint\",\"urlTemplate\":\"https:\/\/fuldner.nl\/de\/?s={search_term_string}\"},\"query-input\":{\"@type\":\"PropertyValueSpecification\",\"valueRequired\":true,\"valueName\":\"search_term_string\"}}],\"inLanguage\":\"de\"}]}<\/script>\n<!-- \/ Yoast SEO plugin. -->","yoast_head_json":{"title":"Impressum - F&uuml;ldner","robots":{"index":"index","follow":"follow","max-snippet":"max-snippet:-1","max-image-preview":"max-image-preview:large","max-video-preview":"max-video-preview:-1"},"canonical":"https:\/\/fuldner.nl\/de\/impressum\/","og_locale":"de_DE","og_type":"article","og_title":"Impressum - F&uuml;ldner","og_url":"https:\/\/fuldner.nl\/de\/impressum\/","og_site_name":"F&uuml;ldner","article_modified_time":"2022-05-10T06:31:05+00:00","twitter_card":"summary_large_image","twitter_misc":{"Gesch\u00e4tzte Lesezeit":"1\u00a0Minute"},"schema":{"@context":"https:\/\/schema.org","@graph":[{"@type":"WebPage","@id":"https:\/\/fuldner.nl\/de\/impressum\/","url":"https:\/\/fuldner.nl\/de\/impressum\/","name":"Impressum - F&uuml;ldner","isPartOf":{"@id":"https:\/\/fuldner.nl\/de\/#website"},"datePublished":"2022-05-09T09:48:59+00:00","dateModified":"2022-05-10T06:31:05+00:00","breadcrumb":{"@id":"https:\/\/fuldner.nl\/de\/impressum\/#breadcrumb"},"inLanguage":"de","potentialAction":[{"@type":"ReadAction","target":["https:\/\/fuldner.nl\/de\/impressum\/"]}]},{"@type":"BreadcrumbList","@id":"https:\/\/fuldner.nl\/de\/impressum\/#breadcrumb","itemListElement":[{"@type":"ListItem","position":1,"name":"Home","item":"https:\/\/fuldner.nl\/de\/"},{"@type":"ListItem","position":2,"name":"Impressum"}]},{"@type":"WebSite","@id":"https:\/\/fuldner.nl\/de\/#website","url":"https:\/\/fuldner.nl\/de\/","name":"F&uuml;ldner","description":"","potentialAction":[{"@type":"SearchAction","target":{"@type":"EntryPoint","urlTemplate":"https:\/\/fuldner.nl\/de\/?s={search_term_string}"},"query-input":{"@type":"PropertyValueSpecification","valueRequired":true,"valueName":"search_term_string"}}],"inLanguage":"de"}]}},"_links":{"self":[{"href":"https:\/\/fuldner.nl\/de\/wp-json\/wp\/v2\/pages\/9492","targetHints":{"allow":["GET"]}}],"collection":[{"href":"https:\/\/fuldner.nl\/de\/wp-json\/wp\/v2\/pages"}],"about":[{"href":"https:\/\/fuldner.nl\/de\/wp-json\/wp\/v2\/types\/page"}],"author":[{"embeddable":true,"href":"https:\/\/fuldner.nl\/de\/wp-json\/wp\/v2\/users\/1"}],"replies":[{"embeddable":true,"href":"https:\/\/fuldner.nl\/de\/wp-json\/wp\/v2\/comments?post=9492"}],"version-history":[{"count":5,"href":"https:\/\/fuldner.nl\/de\/wp-json\/wp\/v2\/pages\/9492\/revisions"}],"predecessor-version":[{"id":9497,"href":"https:\/\/fuldner.nl\/de\/wp-json\/wp\/v2\/pages\/9492\/revisions\/9497"}],"wp:attachment":[{"href":"https:\/\/fuldner.nl\/de\/wp-json\/wp\/v2\/media?parent=9492"}],"curies":[{"name":"wp","href":"https:\/\/api.w.org\/{rel}","templated":true}]}}